{"id":832,"date":"2022-11-14T13:41:19","date_gmt":"2022-11-14T12:41:19","guid":{"rendered":"https:\/\/www.valaz.es\/?post_type=product&#038;p=832"},"modified":"2026-01-14T11:13:09","modified_gmt":"2026-01-14T10:13:09","slug":"ducha-empotrada-monomando-cuadrada-a-pared-negro-mate-serie-mino","status":"publish","type":"product","link":"https:\/\/www.valaz.es\/en\/product\/ducha-empotrada-monomando-cuadrada-a-pared-negro-mate-serie-mino\/","title":{"rendered":"Ducha empotrada monomando cuadrada a pared negro mate &#8211; Serie Mi\u00f1o"},"content":{"rendered":"<p class=\"\" data-start=\"72\" data-end=\"429\">La ducha empotrada monomando cuadrada a pared de la Serie Mi\u00f1o en acabado negro mate aporta un toque contempor\u00e1neo y minimalista a tu ba\u00f1o. Su dise\u00f1o empotrado asegura un estilo limpio y elegante, mientras que el acabado negro mate complementa perfectamente cualquier decoraci\u00f3n moderna, proporcionando un ambiente sofisticado y funcional.<\/p>\n<p class=\"\" data-start=\"431\" data-end=\"453\"><strong data-start=\"431\" data-end=\"451\">Especificaciones<\/strong><\/p>\n<ul data-start=\"454\" data-end=\"1011\">\n<li class=\"\" data-start=\"454\" data-end=\"519\">\n<p class=\"\" data-start=\"456\" data-end=\"519\"><strong data-start=\"456\" data-end=\"474\">Tipo de grifo:<\/strong> Ducha empotrada monomando cuadrada a pared<\/p>\n<\/li>\n<li class=\"\" data-start=\"520\" data-end=\"547\">\n<p class=\"\" data-start=\"522\" data-end=\"547\"><strong data-start=\"522\" data-end=\"534\">Acabado:<\/strong> Negro mate<\/p>\n<\/li>\n<li class=\"\" data-start=\"548\" data-end=\"710\">\n<p class=\"\" data-start=\"550\" data-end=\"567\"><strong data-start=\"550\" data-end=\"565\">Materiales:<\/strong><\/p>\n<ul data-start=\"570\" data-end=\"710\">\n<li class=\"\" data-start=\"570\" data-end=\"606\">\n<p class=\"\" data-start=\"572\" data-end=\"606\"><strong data-start=\"572\" data-end=\"598\">Cuerpo de la grifer\u00eda:<\/strong> Lat\u00f3n<\/p>\n<\/li>\n<li class=\"\" data-start=\"609\" data-end=\"643\">\n<p class=\"\" data-start=\"611\" data-end=\"643\"><strong data-start=\"611\" data-end=\"624\">Rociador:<\/strong> Acero inoxidable<\/p>\n<\/li>\n<li class=\"\" data-start=\"646\" data-end=\"676\">\n<p class=\"\" data-start=\"648\" data-end=\"676\"><strong data-start=\"648\" data-end=\"670\">Alcachofa de mano:<\/strong> PVC<\/p>\n<\/li>\n<li class=\"\" data-start=\"679\" data-end=\"710\">\n<p class=\"\" data-start=\"681\" data-end=\"710\"><strong data-start=\"681\" data-end=\"691\">Flexo:<\/strong> PVC<\/p>\n<\/li>\n<\/ul>\n<\/li>\n<li class=\"\" data-start=\"711\" data-end=\"952\">\n<p class=\"\" data-start=\"713\" data-end=\"727\"><strong data-start=\"713\" data-end=\"725\">Incluye:<\/strong><\/p>\n<ul data-start=\"730\" data-end=\"952\">\n<li class=\"\" data-start=\"730\" data-end=\"760\">\n<p class=\"\" data-start=\"732\" data-end=\"760\">Caja box empotrado monomando 2 v\u00edas<\/p>\n<\/li>\n<li class=\"\" data-start=\"763\" data-end=\"782\">\n<p class=\"\" data-start=\"765\" data-end=\"782\">Marco empotrado<\/p>\n<\/li>\n<li class=\"\" data-start=\"785\" data-end=\"871\">\n<p class=\"\" data-start=\"787\" data-end=\"871\">Rociador de tama\u00f1o disponible en 20&#215;20, 25&#215;25, 30&#215;30, 40&#215;40 cm con soporte a pared<\/p>\n<\/li>\n<li class=\"\" data-start=\"874\" data-end=\"906\">\n<p class=\"\" data-start=\"876\" data-end=\"906\">Soporte de alcachofa de mano<\/p>\n<\/li>\n<li class=\"\" data-start=\"909\" data-end=\"928\">\n<p class=\"\" data-start=\"911\" data-end=\"928\">Flexo de 150 cm<\/p>\n<\/li>\n<li class=\"\" data-start=\"931\" data-end=\"952\">\n<p class=\"\" data-start=\"933\" data-end=\"952\">Alcachofa de mano<\/p>\n<\/li>\n<\/ul>\n<\/li>\n<\/ul>\n","protected":false},"excerpt":{"rendered":"<p>&nbsp;<\/p>\n<p>Serie Mi\u00f1o con l\u00edneas redondas y acabados rectangulares se diferencia por tu empotrado de cuadrado y rectangular donde queda todo uniforme. Disponemos de acabados en cromado, dorado cepillado, negro mate tanto con soporte a pared como a ras del techo. Nuestro kit de ducha empotrado viene completo con caja box de 2 v\u00edas, marco o soporte a pared, rociador a elegir, salida de agua , soporte de alcachofa de mano y flexo.<\/p>\n<p>La garant\u00eda de todos nuestros productos es de 3 a\u00f1os, para funcionamiento, duraci\u00f3n del esmaltado y anticorrosi\u00f3n.<\/p>\n<p>Recomendamos para un correcto mantenimiento de la grifer\u00eda y evitar el deterioro por el uso. Secar las gotas de agua con un pa\u00f1o suave despu\u00e9s del uso, evitando que se posen en la superficie y deterioran el acabado, no utilizar esponjas que puedan rayar la grifer\u00eda, utilizar limpiadores como vinagre limpieza, agua caliente y jab\u00f3n con ph neutro.<\/p>\n<p>&nbsp;<\/p>\n<p><strong>Nuestro departamento\u00a0t\u00e9cnico\u00a0dispone de\u00a0gu\u00edas\u00a0de todos los\u00a0modelos\u00a0empotrados\u00a0que vendemos<\/strong><strong>,\u00a0si tiene alguna duda con la\u00a0instalaci\u00f3n\u00a0contacte con nosotros mediante\u00a0tel\u00e9fono,\u00a0WhatsApp\u00a0o email dentro del horario laboral indicado en la web.<\/strong><\/p>\n<p><strong>Recuerden que una vez instalado el cuerpo\u00a0empotrado\u00a0de la\u00a0grifer\u00eda\u00a0revisar de su correcto funcionamiento de paso de agua, comprobaci\u00f3n de cartuchos y corte de agua, si detecta alguna\u00a0anomal\u00eda\u00a0informe a nuestro\u00a0departamento\u00a0para darle una\u00a0soluci\u00f3n, no\u00a0contin\u00fae\u00a0con la\u00a0instalaci\u00f3n\u00a0de cerramiento de la pared.<\/strong><\/p>\n","protected":false},"featured_media":828,"template":"","meta":[],"product_brand":[],"product_cat":[57,47],"product_tag":[],"serie":[67],"manual-de-instalacion":[85],"color":[27],"class_list":{"0":"post-832","1":"product","2":"type-product","3":"status-publish","4":"has-post-thumbnail","6":"product_cat-duchas-empotradas","7":"product_cat-duchas","8":"pa_tamano-rociador-20cm","9":"pa_tamano-rociador-25cm","10":"pa_tamano-rociador-30cm","11":"pa_tamano-rociador-40cm","12":"serie-mino","13":"manual-de-instalacion-guia-instalacion-mino","14":"color-negro-mate","16":"first","17":"instock","18":"taxable","19":"shipping-taxable","20":"product-type-variable"},"_links":{"self":[{"href":"https:\/\/www.valaz.es\/en\/wp-json\/wp\/v2\/product\/832","targetHints":{"allow":["GET"]}}],"collection":[{"href":"https:\/\/www.valaz.es\/en\/wp-json\/wp\/v2\/product"}],"about":[{"href":"https:\/\/www.valaz.es\/en\/wp-json\/wp\/v2\/types\/product"}],"wp:featuredmedia":[{"embeddable":true,"href":"https:\/\/www.valaz.es\/en\/wp-json\/wp\/v2\/media\/828"}],"wp:attachment":[{"href":"https:\/\/www.valaz.es\/en\/wp-json\/wp\/v2\/media?parent=832"}],"wp:term":[{"taxonomy":"product_brand","embeddable":true,"href":"https:\/\/www.valaz.es\/en\/wp-json\/wp\/v2\/product_brand?post=832"},{"taxonomy":"product_cat","embeddable":true,"href":"https:\/\/www.valaz.es\/en\/wp-json\/wp\/v2\/product_cat?post=832"},{"taxonomy":"product_tag","embeddable":true,"href":"https:\/\/www.valaz.es\/en\/wp-json\/wp\/v2\/product_tag?post=832"},{"taxonomy":"serie","embeddable":true,"href":"https:\/\/www.valaz.es\/en\/wp-json\/wp\/v2\/serie?post=832"},{"taxonomy":"manual-de-instalacion","embeddable":true,"href":"https:\/\/www.valaz.es\/en\/wp-json\/wp\/v2\/manual-de-instalacion?post=832"},{"taxonomy":"color","embeddable":true,"href":"https:\/\/www.valaz.es\/en\/wp-json\/wp\/v2\/color?post=832"}],"curies":[{"name":"wp","href":"https:\/\/api.w.org\/{rel}","templated":true}]}}