{"id":827,"date":"2022-11-14T13:39:42","date_gmt":"2022-11-14T12:39:42","guid":{"rendered":"https:\/\/www.valaz.es\/?post_type=product&#038;p=827"},"modified":"2026-04-16T13:23:10","modified_gmt":"2026-04-16T11:23:10","slug":"ducha-empotrada-monomando-cuadrada-a-pared-cromada-serie-mino","status":"publish","type":"product","link":"https:\/\/www.valaz.es\/en\/product\/ducha-empotrada-monomando-cuadrada-a-pared-cromada-serie-mino\/","title":{"rendered":"Ducha empotrada monomando cuadrada a pared cromada &#8211; Serie Mi\u00f1o"},"content":{"rendered":"<p class=\"\" data-start=\"69\" data-end=\"562\">La ducha empotrada monomando cuadrada a pared de la Serie Mi\u00f1o con acabado cromado es una opci\u00f3n ideal para quienes buscan una est\u00e9tica moderna y elegante en su ba\u00f1o. Su dise\u00f1o empotrado aporta un toque limpio y discreto, mientras que el acabado cromado le da un brillo sofisticado que se adapta a cualquier estilo de ba\u00f1o. La funcionalidad de su monomando hace que el control del flujo de agua sea sencillo y preciso, asegurando una experiencia de ducha c\u00f3moda y placentera.<\/p>\n<p class=\"\" data-start=\"564\" data-end=\"586\"><strong data-start=\"564\" data-end=\"584\">Especificaciones<\/strong><\/p>\n<ul data-start=\"587\" data-end=\"1141\">\n<li class=\"\" data-start=\"587\" data-end=\"652\">\n<p class=\"\" data-start=\"589\" data-end=\"652\"><strong data-start=\"589\" data-end=\"607\">Tipo de grifo:<\/strong> Ducha empotrada monomando cuadrada a pared<\/p>\n<\/li>\n<li class=\"\" data-start=\"653\" data-end=\"677\">\n<p class=\"\" data-start=\"655\" data-end=\"677\"><strong data-start=\"655\" data-end=\"667\">Acabado:<\/strong> Cromado<\/p>\n<\/li>\n<li class=\"\" data-start=\"678\" data-end=\"840\">\n<p class=\"\" data-start=\"680\" data-end=\"697\"><strong data-start=\"680\" data-end=\"695\">Materiales:<\/strong><\/p>\n<ul data-start=\"700\" data-end=\"840\">\n<li class=\"\" data-start=\"700\" data-end=\"736\">\n<p class=\"\" data-start=\"702\" data-end=\"736\"><strong data-start=\"702\" data-end=\"728\">Cuerpo de la grifer\u00eda:<\/strong> Lat\u00f3n<\/p>\n<\/li>\n<li class=\"\" data-start=\"739\" data-end=\"773\">\n<p class=\"\" data-start=\"741\" data-end=\"773\"><strong data-start=\"741\" data-end=\"754\">Rociador:<\/strong> Acero inoxidable<\/p>\n<\/li>\n<li class=\"\" data-start=\"776\" data-end=\"806\">\n<p class=\"\" data-start=\"778\" data-end=\"806\"><strong data-start=\"778\" data-end=\"800\">Alcachofa de mano:<\/strong> PVC<\/p>\n<\/li>\n<li class=\"\" data-start=\"809\" data-end=\"840\">\n<p class=\"\" data-start=\"811\" data-end=\"840\"><strong data-start=\"811\" data-end=\"821\">Flexo:<\/strong> Acero inoxidable<\/p>\n<\/li>\n<\/ul>\n<\/li>\n<li class=\"\" data-start=\"841\" data-end=\"1082\">\n<p class=\"\" data-start=\"843\" data-end=\"857\"><strong data-start=\"843\" data-end=\"855\">Incluye:<\/strong><\/p>\n<ul data-start=\"860\" data-end=\"1082\">\n<li class=\"\" data-start=\"860\" data-end=\"890\">\n<p class=\"\" data-start=\"862\" data-end=\"890\">Caja box empotrado monomando 2 v\u00edas<\/p>\n<\/li>\n<li class=\"\" data-start=\"893\" data-end=\"912\">\n<p class=\"\" data-start=\"895\" data-end=\"912\">Marco empotrado<\/p>\n<\/li>\n<li class=\"\" data-start=\"915\" data-end=\"1001\">\n<p class=\"\" data-start=\"917\" data-end=\"1001\">Rociador de tama\u00f1o disponible en 20&#215;20, 25&#215;25, 30&#215;30, 40&#215;40 cm con soporte a pared<\/p>\n<\/li>\n<li class=\"\" data-start=\"1004\" data-end=\"1036\">\n<p class=\"\" data-start=\"1006\" data-end=\"1036\">Soporte de alcachofa de mano<\/p>\n<\/li>\n<li class=\"\" data-start=\"1039\" data-end=\"1058\">\n<p class=\"\" data-start=\"1041\" data-end=\"1058\">Flexo de 150 cm<\/p>\n<\/li>\n<li class=\"\" data-start=\"1061\" data-end=\"1082\">\n<p class=\"\" data-start=\"1063\" data-end=\"1082\">Alcachofa de mano<\/p>\n<\/li>\n<\/ul>\n<\/li>\n<\/ul>\n","protected":false},"excerpt":{"rendered":"<p>&nbsp;<\/p>\n<p>Serie Mi\u00f1o con l\u00edneas redondas y acabados rectangulares se diferencia por tu empotrado de cuadrado y rectangular donde queda todo uniforme. Disponemos de acabados en cromado, dorado cepillado, negro mate tanto con soporte a pared como a ras del techo. Nuestro kit de ducha empotrado viene completo con caja box de 2 v\u00edas, marco o soporte a pared, rociador a elegir, salida de agua , soporte de alcachofa de mano y flexo.<\/p>\n<p>La garant\u00eda de todos nuestros productos es de 3 a\u00f1os, para funcionamiento, duraci\u00f3n del esmaltado y anticorrosi\u00f3n.<\/p>\n<p>Recomendamos para un correcto mantenimiento de la grifer\u00eda y evitar el deterioro por el uso. Secar las gotas de agua con un pa\u00f1o suave despu\u00e9s del uso, evitando que se posen en la superficie y deterioran el acabado, no utilizar esponjas que puedan rayar la grifer\u00eda, utilizar limpiadores como vinagre limpieza, agua caliente y jab\u00f3n con ph neutro.<\/p>\n<p>&nbsp;<\/p>\n<p><strong>Nuestro departamento\u00a0t\u00e9cnico\u00a0dispone de\u00a0gu\u00edas\u00a0de todos los\u00a0modelos\u00a0empotrados\u00a0que vendemos<\/strong><strong>,\u00a0si tiene alguna duda con la\u00a0instalaci\u00f3n\u00a0contacte con nosotros mediante\u00a0tel\u00e9fono,\u00a0WhatsApp\u00a0o email dentro del horario laboral indicado en la web.<\/strong><\/p>\n<p><strong>Recuerden que una vez instalado el cuerpo\u00a0empotrado\u00a0de la\u00a0grifer\u00eda\u00a0revisar de su correcto funcionamiento de paso de agua, comprobaci\u00f3n de cartuchos y corte de agua, si detecta alguna\u00a0anomal\u00eda\u00a0informe a nuestro\u00a0departamento\u00a0para darle una\u00a0soluci\u00f3n, no\u00a0contin\u00fae\u00a0con la\u00a0instalaci\u00f3n\u00a0de cerramiento de la pared.<\/strong><\/p>\n","protected":false},"featured_media":830,"template":"","meta":[],"product_brand":[],"product_cat":[57,47],"product_tag":[],"serie":[67],"manual-de-instalacion":[85],"color":[26],"class_list":{"0":"post-827","1":"product","2":"type-product","3":"status-publish","4":"has-post-thumbnail","6":"product_cat-duchas-empotradas","7":"product_cat-duchas","8":"pa_tamano-rociador-20cm","9":"pa_tamano-rociador-25cm","10":"pa_tamano-rociador-30cm","11":"pa_tamano-rociador-40cm","12":"serie-mino","13":"manual-de-instalacion-guia-instalacion-mino","14":"color-cromo","16":"first","17":"instock","18":"taxable","19":"shipping-taxable","20":"product-type-variable"},"_links":{"self":[{"href":"https:\/\/www.valaz.es\/en\/wp-json\/wp\/v2\/product\/827","targetHints":{"allow":["GET"]}}],"collection":[{"href":"https:\/\/www.valaz.es\/en\/wp-json\/wp\/v2\/product"}],"about":[{"href":"https:\/\/www.valaz.es\/en\/wp-json\/wp\/v2\/types\/product"}],"wp:featuredmedia":[{"embeddable":true,"href":"https:\/\/www.valaz.es\/en\/wp-json\/wp\/v2\/media\/830"}],"wp:attachment":[{"href":"https:\/\/www.valaz.es\/en\/wp-json\/wp\/v2\/media?parent=827"}],"wp:term":[{"taxonomy":"product_brand","embeddable":true,"href":"https:\/\/www.valaz.es\/en\/wp-json\/wp\/v2\/product_brand?post=827"},{"taxonomy":"product_cat","embeddable":true,"href":"https:\/\/www.valaz.es\/en\/wp-json\/wp\/v2\/product_cat?post=827"},{"taxonomy":"product_tag","embeddable":true,"href":"https:\/\/www.valaz.es\/en\/wp-json\/wp\/v2\/product_tag?post=827"},{"taxonomy":"serie","embeddable":true,"href":"https:\/\/www.valaz.es\/en\/wp-json\/wp\/v2\/serie?post=827"},{"taxonomy":"manual-de-instalacion","embeddable":true,"href":"https:\/\/www.valaz.es\/en\/wp-json\/wp\/v2\/manual-de-instalacion?post=827"},{"taxonomy":"color","embeddable":true,"href":"https:\/\/www.valaz.es\/en\/wp-json\/wp\/v2\/color?post=827"}],"curies":[{"name":"wp","href":"https:\/\/api.w.org\/{rel}","templated":true}]}}