{"id":8261,"date":"2023-09-15T09:16:37","date_gmt":"2023-09-15T07:16:37","guid":{"rendered":"https:\/\/www.valaz.es\/?post_type=product&#038;p=8261"},"modified":"2025-09-03T15:54:28","modified_gmt":"2025-09-03T13:54:28","slug":"ducha-empotrada-monomando-techo-redonda-maneta-luxury-dorada-cepillada-serie-besaya","status":"publish","type":"product","link":"https:\/\/www.valaz.es\/en\/product\/ducha-empotrada-monomando-techo-redonda-maneta-luxury-dorada-cepillada-serie-besaya\/","title":{"rendered":"Ducha empotrada monomando techo redonda maneta luxury oro mate con protecci\u00f3n PVD &#8211; Serie Besaya"},"content":{"rendered":"<p class=\"\" data-start=\"102\" data-end=\"367\">Esta ducha empotrada de dise\u00f1o exclusivo, con maneta luxury y acabado oro mate con protecci\u00f3n PVD, ofrece una experiencia de ba\u00f1o de alta gama. Equipado con un rociador de techo redondo y dos funciones, se adapta perfectamente a tus necesidades de confort y estilo.<\/p>\n<p class=\"\" data-start=\"369\" data-end=\"390\"><strong data-start=\"369\" data-end=\"390\">Especificaciones:<\/strong><\/p>\n<ul data-start=\"392\" data-end=\"891\" data-is-only-node=\"\">\n<li class=\"\" data-start=\"392\" data-end=\"438\">\n<p class=\"\" data-start=\"394\" data-end=\"438\"><strong data-start=\"394\" data-end=\"411\">Tipo de grifo<\/strong>: Ducha empotrada monomando<\/p>\n<\/li>\n<li class=\"\" data-start=\"439\" data-end=\"558\">\n<p class=\"\" data-start=\"441\" data-end=\"456\"><strong data-start=\"441\" data-end=\"455\">Materiales<\/strong>:<\/p>\n<ul data-start=\"459\" data-end=\"558\">\n<li class=\"\" data-start=\"459\" data-end=\"489\">\n<p class=\"\" data-start=\"461\" data-end=\"489\">Rociador de acero inoxidable<\/p>\n<\/li>\n<li class=\"\" data-start=\"492\" data-end=\"512\">\n<p class=\"\" data-start=\"494\" data-end=\"512\">Monomando de lat\u00f3n<\/p>\n<\/li>\n<li class=\"\" data-start=\"515\" data-end=\"541\">\n<p class=\"\" data-start=\"517\" data-end=\"541\">Alcachofa de mano de PVC<\/p>\n<\/li>\n<li class=\"\" data-start=\"544\" data-end=\"558\">\n<p class=\"\" data-start=\"546\" data-end=\"558\">Flexo de PVC<\/p>\n<\/li>\n<\/ul>\n<\/li>\n<li class=\"\" data-start=\"559\" data-end=\"601\">\n<p class=\"\" data-start=\"561\" data-end=\"601\"><strong data-start=\"561\" data-end=\"572\">Acabado<\/strong>: Oro mate con protecci\u00f3n PVD<\/p>\n<\/li>\n<li class=\"\" data-start=\"602\" data-end=\"683\">\n<p class=\"\" data-start=\"604\" data-end=\"618\"><strong data-start=\"604\" data-end=\"617\">Funciones<\/strong>:<\/p>\n<ul data-start=\"621\" data-end=\"683\">\n<li class=\"\" data-start=\"621\" data-end=\"649\">\n<p class=\"\" data-start=\"623\" data-end=\"649\">Efecto lluvia con rociador<\/p>\n<\/li>\n<li class=\"\" data-start=\"652\" data-end=\"683\">\n<p class=\"\" data-start=\"654\" data-end=\"683\">Alcachofa de mano con soporte<\/p>\n<\/li>\n<\/ul>\n<\/li>\n<li class=\"\" data-start=\"684\" data-end=\"891\">\n<p class=\"\" data-start=\"686\" data-end=\"698\"><strong data-start=\"686\" data-end=\"697\">Incluye<\/strong>:<\/p>\n<ul data-start=\"701\" data-end=\"891\">\n<li class=\"\" data-start=\"701\" data-end=\"768\">\n<p class=\"\" data-start=\"703\" data-end=\"768\">Rociador disponible en tama\u00f1os 20, 25 y 30 cm con soporte a techo<\/p>\n<\/li>\n<li class=\"\" data-start=\"771\" data-end=\"837\">\n<p class=\"\" data-start=\"773\" data-end=\"837\">Monomando de 2 v\u00edas (rociador efecto lluvia y alcachofa de mano)<\/p>\n<\/li>\n<li class=\"\" data-start=\"840\" data-end=\"857\">\n<p class=\"\" data-start=\"842\" data-end=\"857\">Flexo de 150 cm<\/p>\n<\/li>\n<li class=\"\" data-start=\"860\" data-end=\"891\">\n<p class=\"\" data-start=\"862\" data-end=\"891\">Alcachofa de mano con soporte<\/p>\n<\/li>\n<\/ul>\n<\/li>\n<\/ul>\n","protected":false},"excerpt":{"rendered":"<p>Esta ducha empotrada de dise\u00f1o exclusivo, con maneta luxury y  [&#8230;]<\/p>\n","protected":false},"featured_media":12582,"template":"","meta":[],"product_brand":[],"product_cat":[57],"product_tag":[],"serie":[349],"manual-de-instalacion":[78],"color":[350],"class_list":{"0":"post-8261","1":"product","2":"type-product","3":"status-publish","4":"has-post-thumbnail","6":"product_cat-duchas-empotradas","7":"pa_tamano-rociador-20cm","8":"pa_tamano-rociador-25cm","9":"pa_tamano-rociador-30cm","10":"serie-besaya","11":"manual-de-instalacion-guia-instalacion-duchas-empotradas-monomando","12":"color-oro-mate-cepillado","14":"first","15":"instock","16":"taxable","17":"shipping-taxable","18":"product-type-variable"},"_links":{"self":[{"href":"https:\/\/www.valaz.es\/en\/wp-json\/wp\/v2\/product\/8261","targetHints":{"allow":["GET"]}}],"collection":[{"href":"https:\/\/www.valaz.es\/en\/wp-json\/wp\/v2\/product"}],"about":[{"href":"https:\/\/www.valaz.es\/en\/wp-json\/wp\/v2\/types\/product"}],"wp:featuredmedia":[{"embeddable":true,"href":"https:\/\/www.valaz.es\/en\/wp-json\/wp\/v2\/media\/12582"}],"wp:attachment":[{"href":"https:\/\/www.valaz.es\/en\/wp-json\/wp\/v2\/media?parent=8261"}],"wp:term":[{"taxonomy":"product_brand","embeddable":true,"href":"https:\/\/www.valaz.es\/en\/wp-json\/wp\/v2\/product_brand?post=8261"},{"taxonomy":"product_cat","embeddable":true,"href":"https:\/\/www.valaz.es\/en\/wp-json\/wp\/v2\/product_cat?post=8261"},{"taxonomy":"product_tag","embeddable":true,"href":"https:\/\/www.valaz.es\/en\/wp-json\/wp\/v2\/product_tag?post=8261"},{"taxonomy":"serie","embeddable":true,"href":"https:\/\/www.valaz.es\/en\/wp-json\/wp\/v2\/serie?post=8261"},{"taxonomy":"manual-de-instalacion","embeddable":true,"href":"https:\/\/www.valaz.es\/en\/wp-json\/wp\/v2\/manual-de-instalacion?post=8261"},{"taxonomy":"color","embeddable":true,"href":"https:\/\/www.valaz.es\/en\/wp-json\/wp\/v2\/color?post=8261"}],"curies":[{"name":"wp","href":"https:\/\/api.w.org\/{rel}","templated":true}]}}