{"id":8257,"date":"2023-09-15T09:16:17","date_gmt":"2023-09-15T07:16:17","guid":{"rendered":"https:\/\/www.valaz.es\/?post_type=product&#038;p=8257"},"modified":"2025-06-27T11:36:39","modified_gmt":"2025-06-27T09:36:39","slug":"ducha-empotrada-monomando-techo-redonda-maneta-luxury-negro-mate-serie-besaya","status":"publish","type":"product","link":"https:\/\/www.valaz.es\/en\/product\/ducha-empotrada-monomando-techo-redonda-maneta-luxury-negro-mate-serie-besaya\/","title":{"rendered":"Ducha empotrada monomando techo redonda maneta luxury negro mate &#8211; Serie Besaya"},"content":{"rendered":"<p class=\"\" data-start=\"85\" data-end=\"351\">Esta ducha empotrada de dise\u00f1o sofisticado, con maneta luxury y acabado negro mate, ofrece un estilo moderno y una experiencia de ba\u00f1o c\u00f3moda y elegante. El rociador de techo redondo y la alcachofa de mano proporcionan una experiencia de ducha completa y placentera.<\/p>\n<p class=\"\" data-start=\"353\" data-end=\"374\"><strong data-start=\"353\" data-end=\"374\">Especificaciones:<\/strong><\/p>\n<ul data-start=\"376\" data-end=\"858\" data-is-last-node=\"\" data-is-only-node=\"\">\n<li class=\"\" data-start=\"376\" data-end=\"422\">\n<p class=\"\" data-start=\"378\" data-end=\"422\"><strong data-start=\"378\" data-end=\"395\">Tipo de grifo<\/strong>: Ducha empotrada monomando<\/p>\n<\/li>\n<li class=\"\" data-start=\"423\" data-end=\"542\">\n<p class=\"\" data-start=\"425\" data-end=\"440\"><strong data-start=\"425\" data-end=\"439\">Materiales<\/strong>:<\/p>\n<ul data-start=\"443\" data-end=\"542\">\n<li class=\"\" data-start=\"443\" data-end=\"473\">\n<p class=\"\" data-start=\"445\" data-end=\"473\">Rociador de acero inoxidable<\/p>\n<\/li>\n<li class=\"\" data-start=\"476\" data-end=\"496\">\n<p class=\"\" data-start=\"478\" data-end=\"496\">Monomando de lat\u00f3n<\/p>\n<\/li>\n<li class=\"\" data-start=\"499\" data-end=\"525\">\n<p class=\"\" data-start=\"501\" data-end=\"525\">Alcachofa de mano de PVC<\/p>\n<\/li>\n<li class=\"\" data-start=\"528\" data-end=\"542\">\n<p class=\"\" data-start=\"530\" data-end=\"542\">Flexo de PVC<\/p>\n<\/li>\n<\/ul>\n<\/li>\n<li class=\"\" data-start=\"543\" data-end=\"568\">\n<p class=\"\" data-start=\"545\" data-end=\"568\"><strong data-start=\"545\" data-end=\"556\">Acabado<\/strong>: Negro mate<\/p>\n<\/li>\n<li class=\"\" data-start=\"569\" data-end=\"650\">\n<p class=\"\" data-start=\"571\" data-end=\"585\"><strong data-start=\"571\" data-end=\"584\">Funciones<\/strong>:<\/p>\n<ul data-start=\"588\" data-end=\"650\">\n<li class=\"\" data-start=\"588\" data-end=\"616\">\n<p class=\"\" data-start=\"590\" data-end=\"616\">Efecto lluvia con rociador<\/p>\n<\/li>\n<li class=\"\" data-start=\"619\" data-end=\"650\">\n<p class=\"\" data-start=\"621\" data-end=\"650\">Alcachofa de mano con soporte<\/p>\n<\/li>\n<\/ul>\n<\/li>\n<li class=\"\" data-start=\"651\" data-end=\"858\">\n<p class=\"\" data-start=\"653\" data-end=\"665\"><strong data-start=\"653\" data-end=\"664\">Incluye<\/strong>:<\/p>\n<ul data-start=\"668\" data-end=\"858\" data-is-last-node=\"\">\n<li class=\"\" data-start=\"668\" data-end=\"735\">\n<p class=\"\" data-start=\"670\" data-end=\"735\">Rociador disponible en tama\u00f1os 20, 25 y 30 cm con soporte a techo<\/p>\n<\/li>\n<li class=\"\" data-start=\"738\" data-end=\"804\">\n<p class=\"\" data-start=\"740\" data-end=\"804\">Monomando de 2 v\u00edas (rociador efecto lluvia y alcachofa de mano)<\/p>\n<\/li>\n<li class=\"\" data-start=\"807\" data-end=\"824\">\n<p class=\"\" data-start=\"809\" data-end=\"824\">Flexo de 150 cm<\/p>\n<\/li>\n<li class=\"\" data-start=\"827\" data-end=\"858\">\n<p class=\"\" data-start=\"829\" data-end=\"858\">Alcachofa de mano con soporte<\/p>\n<\/li>\n<li data-start=\"827\" data-end=\"858\">Caja box empotrable<\/li>\n<\/ul>\n<\/li>\n<\/ul>\n","protected":false},"excerpt":{"rendered":"<p>Esta ducha empotrada de dise\u00f1o sofisticado, con maneta luxury y  [&#8230;]<\/p>\n","protected":false},"featured_media":8237,"template":"","meta":[],"product_brand":[],"product_cat":[57],"product_tag":[],"serie":[349],"manual-de-instalacion":[78],"color":[27],"class_list":{"0":"post-8257","1":"product","2":"type-product","3":"status-publish","4":"has-post-thumbnail","6":"product_cat-duchas-empotradas","7":"pa_tamano-rociador-20cm","8":"pa_tamano-rociador-25cm","9":"pa_tamano-rociador-30cm","10":"serie-besaya","11":"manual-de-instalacion-guia-instalacion-duchas-empotradas-monomando","12":"color-negro-mate","14":"first","15":"instock","16":"taxable","17":"shipping-taxable","18":"product-type-variable"},"_links":{"self":[{"href":"https:\/\/www.valaz.es\/en\/wp-json\/wp\/v2\/product\/8257","targetHints":{"allow":["GET"]}}],"collection":[{"href":"https:\/\/www.valaz.es\/en\/wp-json\/wp\/v2\/product"}],"about":[{"href":"https:\/\/www.valaz.es\/en\/wp-json\/wp\/v2\/types\/product"}],"wp:featuredmedia":[{"embeddable":true,"href":"https:\/\/www.valaz.es\/en\/wp-json\/wp\/v2\/media\/8237"}],"wp:attachment":[{"href":"https:\/\/www.valaz.es\/en\/wp-json\/wp\/v2\/media?parent=8257"}],"wp:term":[{"taxonomy":"product_brand","embeddable":true,"href":"https:\/\/www.valaz.es\/en\/wp-json\/wp\/v2\/product_brand?post=8257"},{"taxonomy":"product_cat","embeddable":true,"href":"https:\/\/www.valaz.es\/en\/wp-json\/wp\/v2\/product_cat?post=8257"},{"taxonomy":"product_tag","embeddable":true,"href":"https:\/\/www.valaz.es\/en\/wp-json\/wp\/v2\/product_tag?post=8257"},{"taxonomy":"serie","embeddable":true,"href":"https:\/\/www.valaz.es\/en\/wp-json\/wp\/v2\/serie?post=8257"},{"taxonomy":"manual-de-instalacion","embeddable":true,"href":"https:\/\/www.valaz.es\/en\/wp-json\/wp\/v2\/manual-de-instalacion?post=8257"},{"taxonomy":"color","embeddable":true,"href":"https:\/\/www.valaz.es\/en\/wp-json\/wp\/v2\/color?post=8257"}],"curies":[{"name":"wp","href":"https:\/\/api.w.org\/{rel}","templated":true}]}}