{"id":825,"date":"2022-11-14T13:31:38","date_gmt":"2022-11-14T12:31:38","guid":{"rendered":"https:\/\/www.valaz.es\/?post_type=product&#038;p=825"},"modified":"2025-09-05T18:54:19","modified_gmt":"2025-09-05T16:54:19","slug":"ducha-empotrada-monomando-a-pared-ovalada-redonda-negro-mate-serie-duero","status":"publish","type":"product","link":"https:\/\/www.valaz.es\/en\/product\/ducha-empotrada-monomando-a-pared-ovalada-redonda-negro-mate-serie-duero\/","title":{"rendered":"Ducha empotrada monomando a pared ovalada redonda negro mate &#8211; Serie Duero"},"content":{"rendered":"<p class=\"\" data-start=\"80\" data-end=\"532\">La ducha empotrada monomando a pared ovalada redonda de la Serie Duero en acabado negro mate es la opci\u00f3n ideal para quienes buscan un estilo minimalista y moderno. Su dise\u00f1o ovalado y redondeado, combinado con el elegante acabado negro mate, transforma tu ba\u00f1o en un espacio contempor\u00e1neo y sofisticado. La grifer\u00eda monomando ofrece un control intuitivo y eficiente del agua, proporcionando una experiencia de ducha c\u00f3moda y precisa.<\/p>\n<p class=\"\" data-start=\"534\" data-end=\"556\"><strong data-start=\"534\" data-end=\"554\">Especificaciones<\/strong><\/p>\n<ul data-start=\"557\" data-end=\"1116\">\n<li class=\"\" data-start=\"557\" data-end=\"629\">\n<p class=\"\" data-start=\"559\" data-end=\"629\"><strong data-start=\"559\" data-end=\"577\">Tipo de grifo:<\/strong> Ducha empotrada monomando a pared ovalada redonda<\/p>\n<\/li>\n<li class=\"\" data-start=\"630\" data-end=\"657\">\n<p class=\"\" data-start=\"632\" data-end=\"657\"><strong data-start=\"632\" data-end=\"644\">Acabado:<\/strong> Negro mate<\/p>\n<\/li>\n<li class=\"\" data-start=\"658\" data-end=\"820\">\n<p class=\"\" data-start=\"660\" data-end=\"677\"><strong data-start=\"660\" data-end=\"675\">Materiales:<\/strong><\/p>\n<ul data-start=\"680\" data-end=\"820\">\n<li class=\"\" data-start=\"680\" data-end=\"716\">\n<p class=\"\" data-start=\"682\" data-end=\"716\"><strong data-start=\"682\" data-end=\"708\">Cuerpo de la grifer\u00eda:<\/strong> Lat\u00f3n<\/p>\n<\/li>\n<li class=\"\" data-start=\"719\" data-end=\"753\">\n<p class=\"\" data-start=\"721\" data-end=\"753\"><strong data-start=\"721\" data-end=\"734\">Rociador:<\/strong> Acero inoxidable<\/p>\n<\/li>\n<li class=\"\" data-start=\"756\" data-end=\"786\">\n<p class=\"\" data-start=\"758\" data-end=\"786\"><strong data-start=\"758\" data-end=\"780\">Alcachofa de mano:<\/strong> PVC<\/p>\n<\/li>\n<li class=\"\" data-start=\"789\" data-end=\"820\">\n<p class=\"\" data-start=\"791\" data-end=\"820\"><strong data-start=\"791\" data-end=\"801\">Flexo:<\/strong> PVC<\/p>\n<\/li>\n<\/ul>\n<\/li>\n<li class=\"\" data-start=\"821\" data-end=\"1057\">\n<p class=\"\" data-start=\"823\" data-end=\"837\"><strong data-start=\"823\" data-end=\"835\">Incluye:<\/strong><\/p>\n<ul data-start=\"840\" data-end=\"1057\">\n<li class=\"\" data-start=\"840\" data-end=\"870\">\n<p class=\"\" data-start=\"842\" data-end=\"870\">Caja box empotrado monomando 2 v\u00edas<\/p>\n<\/li>\n<li class=\"\" data-start=\"873\" data-end=\"937\">\n<p class=\"\" data-start=\"875\" data-end=\"937\">Rociador disponible en tama\u00f1os 20&#215;20, 25&#215;25, 30&#215;30, 40&#215;40 cm<\/p>\n<\/li>\n<li class=\"\" data-start=\"940\" data-end=\"976\">\n<p class=\"\" data-start=\"942\" data-end=\"976\">Soporte a pared para el rociador<\/p>\n<\/li>\n<li class=\"\" data-start=\"979\" data-end=\"1011\">\n<p class=\"\" data-start=\"981\" data-end=\"1011\">Soporte de alcachofa de mano<\/p>\n<\/li>\n<li class=\"\" data-start=\"1014\" data-end=\"1033\">\n<p class=\"\" data-start=\"1016\" data-end=\"1033\">Flexo de 150 cm<\/p>\n<\/li>\n<li class=\"\" data-start=\"1036\" data-end=\"1057\">\n<p class=\"\" data-start=\"1038\" data-end=\"1057\">Alcachofa de mano<\/p>\n<\/li>\n<\/ul>\n<\/li>\n<\/ul>\n","protected":false},"excerpt":{"rendered":"<p>Serie Duero con l\u00ednea ovaladas y redondas aporta confort, elegancia y bienestar, perfecta para todo tipo de ba\u00f1os. Actualmente disponemos diferentes acabados cromados, acero cepillado, dorado cepilladlo, dorado envejecido, negro mate, blanco. Es una de nuestras series m\u00e1s completa, ya que tenemos una gran variedad Ducha empotrada donde puedes a\u00f1adir ca\u00f1o para el ba\u00f1o, grifo empotrado de lavabo, grifo de bid\u00e9, grifo t\u00f3tem empotrado de ba\u00f1era exenta. Todos nuestros modelos de grifer\u00eda empotrada incluyen la caja box con cartucho monomando y selector, soporte de ducha, flexo y alcachofa de mano junto con el rociador.<\/p>\n<p>&nbsp;<\/p>\n<p>&nbsp;<\/p>\n<p>La garant\u00eda de todos nuestros productos es de 3 a\u00f1os, para funcionamiento, duraci\u00f3n del esmaltado y anticorrosi\u00f3n.<\/p>\n<p>Recomendamos para un correcto mantenimiento de la grifer\u00eda y evitar el deterioro por el uso. Secar las gotas de agua con un pa\u00f1o suave despu\u00e9s del uso, evitando que se posen en la superficie y deterioran el acabado, no utilizar esponjas que puedan rayar la grifer\u00eda, utilizar limpiadores como vinagre limpieza, agua caliente y jab\u00f3n con ph neutro.<\/p>\n<p>&nbsp;<\/p>\n<p><strong>Nuestro departamento\u00a0t\u00e9cnico\u00a0dispone de\u00a0gu\u00edas\u00a0de todos los\u00a0modelos\u00a0empotrados\u00a0que vendemos<\/strong><strong>,\u00a0si tiene alguna duda con la\u00a0instalaci\u00f3n\u00a0contacte con nosotros mediante\u00a0tel\u00e9fono,\u00a0WhatsApp\u00a0o email dentro del horario laboral indicado en la web.<\/strong><\/p>\n<p><strong>Recuerden que una vez instalado el cuerpo\u00a0empotrado\u00a0de la\u00a0grifer\u00eda\u00a0revisar de su correcto funcionamiento de paso de agua, comprobaci\u00f3n de cartuchos y corte de agua, si detecta alguna\u00a0anomal\u00eda\u00a0informe a nuestro\u00a0departamento\u00a0para darle una\u00a0soluci\u00f3n, no\u00a0contin\u00fae\u00a0con la\u00a0instalaci\u00f3n\u00a0de cerramiento de la pared.<\/strong><\/p>\n","protected":false},"featured_media":814,"template":"","meta":[],"product_brand":[],"product_cat":[57,47],"product_tag":[],"serie":[66],"manual-de-instalacion":[78],"color":[27],"class_list":{"0":"post-825","1":"product","2":"type-product","3":"status-publish","4":"has-post-thumbnail","6":"product_cat-duchas-empotradas","7":"product_cat-duchas","8":"pa_tamano-rociador-20cm","9":"pa_tamano-rociador-25cm","10":"pa_tamano-rociador-30cm","11":"serie-duero","12":"manual-de-instalacion-guia-instalacion-duchas-empotradas-monomando","13":"color-negro-mate","15":"first","16":"instock","17":"taxable","18":"shipping-taxable","19":"product-type-variable"},"_links":{"self":[{"href":"https:\/\/www.valaz.es\/en\/wp-json\/wp\/v2\/product\/825","targetHints":{"allow":["GET"]}}],"collection":[{"href":"https:\/\/www.valaz.es\/en\/wp-json\/wp\/v2\/product"}],"about":[{"href":"https:\/\/www.valaz.es\/en\/wp-json\/wp\/v2\/types\/product"}],"wp:featuredmedia":[{"embeddable":true,"href":"https:\/\/www.valaz.es\/en\/wp-json\/wp\/v2\/media\/814"}],"wp:attachment":[{"href":"https:\/\/www.valaz.es\/en\/wp-json\/wp\/v2\/media?parent=825"}],"wp:term":[{"taxonomy":"product_brand","embeddable":true,"href":"https:\/\/www.valaz.es\/en\/wp-json\/wp\/v2\/product_brand?post=825"},{"taxonomy":"product_cat","embeddable":true,"href":"https:\/\/www.valaz.es\/en\/wp-json\/wp\/v2\/product_cat?post=825"},{"taxonomy":"product_tag","embeddable":true,"href":"https:\/\/www.valaz.es\/en\/wp-json\/wp\/v2\/product_tag?post=825"},{"taxonomy":"serie","embeddable":true,"href":"https:\/\/www.valaz.es\/en\/wp-json\/wp\/v2\/serie?post=825"},{"taxonomy":"manual-de-instalacion","embeddable":true,"href":"https:\/\/www.valaz.es\/en\/wp-json\/wp\/v2\/manual-de-instalacion?post=825"},{"taxonomy":"color","embeddable":true,"href":"https:\/\/www.valaz.es\/en\/wp-json\/wp\/v2\/color?post=825"}],"curies":[{"name":"wp","href":"https:\/\/api.w.org\/{rel}","templated":true}]}}