{"id":8249,"date":"2023-09-15T09:15:43","date_gmt":"2023-09-15T07:15:43","guid":{"rendered":"https:\/\/www.valaz.es\/?post_type=product&#038;p=8249"},"modified":"2025-09-03T15:54:20","modified_gmt":"2025-09-03T13:54:20","slug":"ducha-empotrada-monomando-pared-redonda-maneta-luxury-dorado-cepillado-serie-besaya","status":"publish","type":"product","link":"https:\/\/www.valaz.es\/en\/product\/ducha-empotrada-monomando-pared-redonda-maneta-luxury-dorado-cepillado-serie-besaya\/","title":{"rendered":"Ducha empotrada monomando pared redonda maneta luxury oro mate con protecci\u00f3n PVD &#8211; Serie Besaya"},"content":{"rendered":"<p class=\"\" data-start=\"102\" data-end=\"336\">Esta ducha empotrada de pared con un acabado oro mate con protecci\u00f3n PVD ofrece un dise\u00f1o sofisticado y duradero. El monomando permite controlar f\u00e1cilmente las funciones de la ducha, brindando una experiencia c\u00f3moda y de alta calidad.<\/p>\n<p class=\"\" data-start=\"338\" data-end=\"359\"><strong data-start=\"338\" data-end=\"359\">Especificaciones:<\/strong><\/p>\n<ul data-start=\"361\" data-end=\"841\">\n<li class=\"\" data-start=\"361\" data-end=\"416\">\n<p class=\"\" data-start=\"363\" data-end=\"416\"><strong data-start=\"363\" data-end=\"380\">Tipo de grifo<\/strong>: Ducha empotrada monomando de pared<\/p>\n<\/li>\n<li class=\"\" data-start=\"417\" data-end=\"590\">\n<p class=\"\" data-start=\"419\" data-end=\"434\"><strong data-start=\"419\" data-end=\"433\">Materiales<\/strong>:<\/p>\n<ul data-start=\"437\" data-end=\"590\">\n<li class=\"\" data-start=\"437\" data-end=\"457\">\n<p class=\"\" data-start=\"439\" data-end=\"457\">Monomando de lat\u00f3n<\/p>\n<\/li>\n<li class=\"\" data-start=\"460\" data-end=\"544\">\n<p class=\"\" data-start=\"462\" data-end=\"544\">Rociador de acero inoxidable (compatible con rociadores de tama\u00f1os 20, 25 y 30 cm)<\/p>\n<\/li>\n<li class=\"\" data-start=\"547\" data-end=\"573\">\n<p class=\"\" data-start=\"549\" data-end=\"573\">Alcachofa de mano de PVC<\/p>\n<\/li>\n<li class=\"\" data-start=\"576\" data-end=\"590\">\n<p class=\"\" data-start=\"578\" data-end=\"590\">Flexo de PVC<\/p>\n<\/li>\n<\/ul>\n<\/li>\n<li class=\"\" data-start=\"591\" data-end=\"633\">\n<p class=\"\" data-start=\"593\" data-end=\"633\"><strong data-start=\"593\" data-end=\"604\">Acabado<\/strong>: Oro mate con protecci\u00f3n PVD<\/p>\n<\/li>\n<li class=\"\" data-start=\"634\" data-end=\"703\">\n<p class=\"\" data-start=\"636\" data-end=\"650\"><strong data-start=\"636\" data-end=\"649\">Funciones<\/strong>:<\/p>\n<ul data-start=\"653\" data-end=\"703\">\n<li class=\"\" data-start=\"653\" data-end=\"681\">\n<p class=\"\" data-start=\"655\" data-end=\"681\">Efecto lluvia con rociador<\/p>\n<\/li>\n<li class=\"\" data-start=\"684\" data-end=\"703\">\n<p class=\"\" data-start=\"686\" data-end=\"703\">Alcachofa de mano<\/p>\n<\/li>\n<\/ul>\n<\/li>\n<li class=\"\" data-start=\"704\" data-end=\"841\">\n<p class=\"\" data-start=\"706\" data-end=\"718\"><strong data-start=\"706\" data-end=\"717\">Incluye<\/strong>:<\/p>\n<ul data-start=\"721\" data-end=\"841\">\n<li class=\"\" data-start=\"721\" data-end=\"787\">\n<p class=\"\" data-start=\"723\" data-end=\"787\">Monomando de 2 v\u00edas (rociador efecto lluvia y alcachofa de mano)<\/p>\n<\/li>\n<li class=\"\" data-start=\"790\" data-end=\"807\">\n<p class=\"\" data-start=\"792\" data-end=\"807\">Flexo de 150 cm<\/p>\n<\/li>\n<li class=\"\" data-start=\"810\" data-end=\"841\">\n<p class=\"\" data-start=\"812\" data-end=\"841\">Alcachofa de mano con soporte<\/p>\n<\/li>\n<li data-start=\"810\" data-end=\"841\">Caja box empotrable<\/li>\n<\/ul>\n<\/li>\n<\/ul>\n","protected":false},"excerpt":{"rendered":"<p>Esta ducha empotrada de pared con un acabado oro mate  [&#8230;]<\/p>\n","protected":false},"featured_media":12578,"template":"","meta":[],"product_brand":[],"product_cat":[57],"product_tag":[],"serie":[349],"manual-de-instalacion":[78],"color":[350],"class_list":{"0":"post-8249","1":"product","2":"type-product","3":"status-publish","4":"has-post-thumbnail","6":"product_cat-duchas-empotradas","7":"pa_tamano-rociador-20cm","8":"pa_tamano-rociador-25cm","9":"pa_tamano-rociador-30cm","10":"serie-besaya","11":"manual-de-instalacion-guia-instalacion-duchas-empotradas-monomando","12":"color-oro-mate-cepillado","14":"first","15":"instock","16":"taxable","17":"shipping-taxable","18":"product-type-variable"},"_links":{"self":[{"href":"https:\/\/www.valaz.es\/en\/wp-json\/wp\/v2\/product\/8249","targetHints":{"allow":["GET"]}}],"collection":[{"href":"https:\/\/www.valaz.es\/en\/wp-json\/wp\/v2\/product"}],"about":[{"href":"https:\/\/www.valaz.es\/en\/wp-json\/wp\/v2\/types\/product"}],"wp:featuredmedia":[{"embeddable":true,"href":"https:\/\/www.valaz.es\/en\/wp-json\/wp\/v2\/media\/12578"}],"wp:attachment":[{"href":"https:\/\/www.valaz.es\/en\/wp-json\/wp\/v2\/media?parent=8249"}],"wp:term":[{"taxonomy":"product_brand","embeddable":true,"href":"https:\/\/www.valaz.es\/en\/wp-json\/wp\/v2\/product_brand?post=8249"},{"taxonomy":"product_cat","embeddable":true,"href":"https:\/\/www.valaz.es\/en\/wp-json\/wp\/v2\/product_cat?post=8249"},{"taxonomy":"product_tag","embeddable":true,"href":"https:\/\/www.valaz.es\/en\/wp-json\/wp\/v2\/product_tag?post=8249"},{"taxonomy":"serie","embeddable":true,"href":"https:\/\/www.valaz.es\/en\/wp-json\/wp\/v2\/serie?post=8249"},{"taxonomy":"manual-de-instalacion","embeddable":true,"href":"https:\/\/www.valaz.es\/en\/wp-json\/wp\/v2\/manual-de-instalacion?post=8249"},{"taxonomy":"color","embeddable":true,"href":"https:\/\/www.valaz.es\/en\/wp-json\/wp\/v2\/color?post=8249"}],"curies":[{"name":"wp","href":"https:\/\/api.w.org\/{rel}","templated":true}]}}