{"id":8245,"date":"2023-09-15T09:12:11","date_gmt":"2023-09-15T07:12:11","guid":{"rendered":"https:\/\/www.valaz.es\/?post_type=product&#038;p=8245"},"modified":"2025-06-27T11:19:04","modified_gmt":"2025-06-27T09:19:04","slug":"ducha-empotrada-monomando-pared-redonda-maneta-luxury-negro-mate-serie-besaya","status":"publish","type":"product","link":"https:\/\/www.valaz.es\/en\/product\/ducha-empotrada-monomando-pared-redonda-maneta-luxury-negro-mate-serie-besaya\/","title":{"rendered":"Ducha empotrada monomando pared redonda maneta luxury negro mate &#8211; Serie Besaya"},"content":{"rendered":"<p class=\"\" data-start=\"85\" data-end=\"345\">La ducha empotrada monomando de pared con maneta luxury en acabado negro mate combina estilo moderno y funcionalidad para un ba\u00f1o sofisticado. Su dise\u00f1o minimalista y de alta calidad asegura una experiencia de ducha \u00fanica, con control preciso de las funciones.<\/p>\n<p class=\"\" data-start=\"347\" data-end=\"368\"><strong data-start=\"347\" data-end=\"368\">Especificaciones:<\/strong><\/p>\n<ul data-start=\"370\" data-end=\"846\">\n<li class=\"\" data-start=\"370\" data-end=\"425\">\n<p class=\"\" data-start=\"372\" data-end=\"425\"><strong data-start=\"372\" data-end=\"389\">Tipo de grifo<\/strong>: Ducha empotrada monomando de pared<\/p>\n<\/li>\n<li class=\"\" data-start=\"426\" data-end=\"612\">\n<p class=\"\" data-start=\"428\" data-end=\"443\"><strong data-start=\"428\" data-end=\"442\">Materiales<\/strong>:<\/p>\n<ul data-start=\"446\" data-end=\"612\">\n<li class=\"\" data-start=\"446\" data-end=\"466\">\n<p class=\"\" data-start=\"448\" data-end=\"466\">Monomando de lat\u00f3n<\/p>\n<\/li>\n<li class=\"\" data-start=\"469\" data-end=\"553\">\n<p class=\"\" data-start=\"471\" data-end=\"553\">Rociador de acero inoxidable (compatible con rociadores de tama\u00f1os 20, 25 y 30 cm)<\/p>\n<\/li>\n<li class=\"\" data-start=\"556\" data-end=\"582\">\n<p class=\"\" data-start=\"558\" data-end=\"582\">Alcachofa de mano de PVC<\/p>\n<\/li>\n<li class=\"\" data-start=\"585\" data-end=\"612\">\n<p class=\"\" data-start=\"587\" data-end=\"612\">Flexo de PVC<\/p>\n<\/li>\n<\/ul>\n<\/li>\n<li class=\"\" data-start=\"613\" data-end=\"638\">\n<p class=\"\" data-start=\"615\" data-end=\"638\"><strong data-start=\"615\" data-end=\"626\">Acabado<\/strong>: Negro mate<\/p>\n<\/li>\n<li class=\"\" data-start=\"639\" data-end=\"708\">\n<p class=\"\" data-start=\"641\" data-end=\"655\"><strong data-start=\"641\" data-end=\"654\">Funciones<\/strong>:<\/p>\n<ul data-start=\"658\" data-end=\"708\">\n<li class=\"\" data-start=\"658\" data-end=\"686\">\n<p class=\"\" data-start=\"660\" data-end=\"686\">Efecto lluvia con rociador<\/p>\n<\/li>\n<li class=\"\" data-start=\"689\" data-end=\"708\">\n<p class=\"\" data-start=\"691\" data-end=\"708\">Alcachofa de mano<\/p>\n<\/li>\n<\/ul>\n<\/li>\n<li class=\"\" data-start=\"709\" data-end=\"846\">\n<p class=\"\" data-start=\"711\" data-end=\"723\"><strong data-start=\"711\" data-end=\"722\">Incluye<\/strong>:<\/p>\n<ul data-start=\"726\" data-end=\"846\">\n<li class=\"\" data-start=\"726\" data-end=\"792\">\n<p class=\"\" data-start=\"728\" data-end=\"792\">Monomando de 2 v\u00edas (rociador efecto lluvia y alcachofa de mano)<\/p>\n<\/li>\n<li class=\"\" data-start=\"795\" data-end=\"812\">\n<p class=\"\" data-start=\"797\" data-end=\"812\">Flexo de 150 cm<\/p>\n<\/li>\n<li class=\"\" data-start=\"815\" data-end=\"846\">\n<p class=\"\" data-start=\"817\" data-end=\"846\">Alcachofa de mano con soporte<\/p>\n<\/li>\n<li data-start=\"815\" data-end=\"846\">Caja box empotrable<\/li>\n<\/ul>\n<\/li>\n<\/ul>\n","protected":false},"excerpt":{"rendered":"<p>La ducha empotrada monomando de pared con maneta luxury en  [&#8230;]<\/p>\n","protected":false},"featured_media":8241,"template":"","meta":[],"product_brand":[],"product_cat":[57],"product_tag":[],"serie":[349],"manual-de-instalacion":[78],"color":[27],"class_list":{"0":"post-8245","1":"product","2":"type-product","3":"status-publish","4":"has-post-thumbnail","6":"product_cat-duchas-empotradas","7":"pa_tamano-rociador-20cm","8":"pa_tamano-rociador-25cm","9":"pa_tamano-rociador-30cm","10":"serie-besaya","11":"manual-de-instalacion-guia-instalacion-duchas-empotradas-monomando","12":"color-negro-mate","14":"first","15":"instock","16":"taxable","17":"shipping-taxable","18":"product-type-variable"},"_links":{"self":[{"href":"https:\/\/www.valaz.es\/en\/wp-json\/wp\/v2\/product\/8245","targetHints":{"allow":["GET"]}}],"collection":[{"href":"https:\/\/www.valaz.es\/en\/wp-json\/wp\/v2\/product"}],"about":[{"href":"https:\/\/www.valaz.es\/en\/wp-json\/wp\/v2\/types\/product"}],"wp:featuredmedia":[{"embeddable":true,"href":"https:\/\/www.valaz.es\/en\/wp-json\/wp\/v2\/media\/8241"}],"wp:attachment":[{"href":"https:\/\/www.valaz.es\/en\/wp-json\/wp\/v2\/media?parent=8245"}],"wp:term":[{"taxonomy":"product_brand","embeddable":true,"href":"https:\/\/www.valaz.es\/en\/wp-json\/wp\/v2\/product_brand?post=8245"},{"taxonomy":"product_cat","embeddable":true,"href":"https:\/\/www.valaz.es\/en\/wp-json\/wp\/v2\/product_cat?post=8245"},{"taxonomy":"product_tag","embeddable":true,"href":"https:\/\/www.valaz.es\/en\/wp-json\/wp\/v2\/product_tag?post=8245"},{"taxonomy":"serie","embeddable":true,"href":"https:\/\/www.valaz.es\/en\/wp-json\/wp\/v2\/serie?post=8245"},{"taxonomy":"manual-de-instalacion","embeddable":true,"href":"https:\/\/www.valaz.es\/en\/wp-json\/wp\/v2\/manual-de-instalacion?post=8245"},{"taxonomy":"color","embeddable":true,"href":"https:\/\/www.valaz.es\/en\/wp-json\/wp\/v2\/color?post=8245"}],"curies":[{"name":"wp","href":"https:\/\/api.w.org\/{rel}","templated":true}]}}