{"id":824,"date":"2022-11-14T13:30:56","date_gmt":"2022-11-14T12:30:56","guid":{"rendered":"https:\/\/www.valaz.es\/?post_type=product&#038;p=824"},"modified":"2026-02-14T18:23:43","modified_gmt":"2026-02-14T17:23:43","slug":"grifo-de-lavabo-empotrado-redondo-monomando-dorado-cepillado-con-cano-de-21-serie-duero","status":"publish","type":"product","link":"https:\/\/www.valaz.es\/en\/product\/grifo-de-lavabo-empotrado-redondo-monomando-dorado-cepillado-con-cano-de-21-serie-duero\/","title":{"rendered":"Grifo de lavabo empotrado redondo monomando dorado cepillado con ca\u00f1o de 21 &#8211; Serie Duero"},"content":{"rendered":"<p class=\"\" data-start=\"98\" data-end=\"470\">El grifo de lavabo empotrado redondo monomando de la Serie Duero con ca\u00f1o de 21 cm y acabado dorado cepillado ofrece una combinaci\u00f3n de dise\u00f1o sofisticado y alta funcionalidad. Su estructura redonda y el acabado en dorado cepillado no solo aportan un toque de lujo a tu ba\u00f1o, sino que tambi\u00e9n optimizan el flujo de agua gracias a su tecnolog\u00eda monomando.<\/p>\n<p class=\"\" data-start=\"472\" data-end=\"494\"><strong data-start=\"472\" data-end=\"492\">Especificaciones<\/strong><\/p>\n<ul data-start=\"495\" data-end=\"806\">\n<li class=\"\" data-start=\"495\" data-end=\"545\">\n<p class=\"\" data-start=\"497\" data-end=\"545\"><strong data-start=\"497\" data-end=\"515\">Tipo de grifo:<\/strong> Empotrado redondo monomando<\/p>\n<\/li>\n<li class=\"\" data-start=\"546\" data-end=\"579\">\n<p class=\"\" data-start=\"548\" data-end=\"579\"><strong data-start=\"548\" data-end=\"560\">Acabado:<\/strong> Dorado cepillado<\/p>\n<\/li>\n<li class=\"\" data-start=\"580\" data-end=\"733\">\n<p class=\"\" data-start=\"582\" data-end=\"599\"><strong data-start=\"582\" data-end=\"597\">Materiales:<\/strong><\/p>\n<ul data-start=\"602\" data-end=\"733\">\n<li class=\"\" data-start=\"602\" data-end=\"638\">\n<p class=\"\" data-start=\"604\" data-end=\"638\"><strong data-start=\"604\" data-end=\"630\">Cuerpo de la grifer\u00eda:<\/strong> Lat\u00f3n<\/p>\n<\/li>\n<li class=\"\" data-start=\"641\" data-end=\"677\">\n<p class=\"\" data-start=\"643\" data-end=\"677\"><strong data-start=\"643\" data-end=\"656\">Cartucho:<\/strong> Cer\u00e1mico monomando<\/p>\n<\/li>\n<li class=\"\" data-start=\"680\" data-end=\"733\">\n<p class=\"\" data-start=\"682\" data-end=\"733\"><strong data-start=\"682\" data-end=\"707\">Manguera de conexi\u00f3n:<\/strong> 3\/8 de acero inoxidable<\/p>\n<\/li>\n<\/ul>\n<\/li>\n<li class=\"\" data-start=\"734\" data-end=\"753\">\n<p class=\"\" data-start=\"736\" data-end=\"753\"><strong data-start=\"736\" data-end=\"745\">Ca\u00f1o:<\/strong> 21 cm<\/p>\n<\/li>\n<\/ul>\n","protected":false},"excerpt":{"rendered":"<p>Serie Duero con l\u00ednea ovaladas y redondas aporta confort, elegancia y bienestar, perfecta para todo tipo de ba\u00f1os. Actualmente disponemos diferentes acabados cromados, acero cepillado, dorado cepilladlo, dorado envejecido, negro mate, blanco. Es una de nuestras series m\u00e1s completa, ya que tenemos una gran variedad Ducha empotrada donde puedes a\u00f1adir ca\u00f1o para el ba\u00f1o, grifo empotrado de lavabo, grifo de bid\u00e9, grifo t\u00f3tem empotrado de ba\u00f1era exenta. Todos nuestros modelos de grifer\u00eda empotrada incluyen la caja box con cartucho monomando y selector, soporte de ducha, flexo y alcachofa de mano junto con el rociador.<\/p>\n<p>&nbsp;<\/p>\n<p>&nbsp;<\/p>\n<p>La garant\u00eda de todos nuestros productos es de 3 a\u00f1os, para funcionamiento, duraci\u00f3n del esmaltado y anticorrosi\u00f3n.<\/p>\n<p>Recomendamos para un correcto mantenimiento de la grifer\u00eda y evitar el deterioro por el uso. Secar las gotas de agua con un pa\u00f1o suave despu\u00e9s del uso, evitando que se posen en la superficie y deterioran el acabado, no utilizar esponjas que puedan rayar la grifer\u00eda, utilizar limpiadores como vinagre limpieza, agua caliente y jab\u00f3n con ph neutro.<\/p>\n<p>&nbsp;<\/p>\n<p><strong>Nuestro departamento\u00a0t\u00e9cnico\u00a0dispone de\u00a0gu\u00edas\u00a0de todos los\u00a0modelos\u00a0empotrados\u00a0que vendemos<\/strong><strong>,\u00a0si tiene alguna duda con la\u00a0instalaci\u00f3n\u00a0contacte con nosotros mediante\u00a0tel\u00e9fono,\u00a0WhatsApp\u00a0o email dentro del horario laboral indicado en la web.<\/strong><\/p>\n<p><strong>Recuerden que una vez instalado el cuerpo\u00a0empotrado\u00a0de la\u00a0grifer\u00eda\u00a0revisar de su correcto funcionamiento de paso de agua, comprobaci\u00f3n de cartuchos y corte de agua, si detecta alguna\u00a0anomal\u00eda\u00a0informe a nuestro\u00a0departamento\u00a0para darle una\u00a0soluci\u00f3n, no\u00a0contin\u00fae\u00a0con la\u00a0instalaci\u00f3n\u00a0de cerramiento de la pared.<\/strong><\/p>\n","protected":false},"featured_media":815,"template":"","meta":[],"product_brand":[],"product_cat":[48,58],"product_tag":[],"serie":[66],"manual-de-instalacion":[80],"color":[34],"class_list":{"0":"post-824","1":"product","2":"type-product","3":"status-publish","4":"has-post-thumbnail","6":"product_cat-grifos-de-lavabo","7":"product_cat-grifos-de-lavabo-empotrados","8":"serie-duero","9":"manual-de-instalacion-guia-instalacion-grifo-lavabo-empotrado-con-caja","10":"color-dorado-cepillado","12":"first","13":"instock","14":"taxable","15":"shipping-taxable","16":"product-type-simple"},"_links":{"self":[{"href":"https:\/\/www.valaz.es\/en\/wp-json\/wp\/v2\/product\/824","targetHints":{"allow":["GET"]}}],"collection":[{"href":"https:\/\/www.valaz.es\/en\/wp-json\/wp\/v2\/product"}],"about":[{"href":"https:\/\/www.valaz.es\/en\/wp-json\/wp\/v2\/types\/product"}],"wp:featuredmedia":[{"embeddable":true,"href":"https:\/\/www.valaz.es\/en\/wp-json\/wp\/v2\/media\/815"}],"wp:attachment":[{"href":"https:\/\/www.valaz.es\/en\/wp-json\/wp\/v2\/media?parent=824"}],"wp:term":[{"taxonomy":"product_brand","embeddable":true,"href":"https:\/\/www.valaz.es\/en\/wp-json\/wp\/v2\/product_brand?post=824"},{"taxonomy":"product_cat","embeddable":true,"href":"https:\/\/www.valaz.es\/en\/wp-json\/wp\/v2\/product_cat?post=824"},{"taxonomy":"product_tag","embeddable":true,"href":"https:\/\/www.valaz.es\/en\/wp-json\/wp\/v2\/product_tag?post=824"},{"taxonomy":"serie","embeddable":true,"href":"https:\/\/www.valaz.es\/en\/wp-json\/wp\/v2\/serie?post=824"},{"taxonomy":"manual-de-instalacion","embeddable":true,"href":"https:\/\/www.valaz.es\/en\/wp-json\/wp\/v2\/manual-de-instalacion?post=824"},{"taxonomy":"color","embeddable":true,"href":"https:\/\/www.valaz.es\/en\/wp-json\/wp\/v2\/color?post=824"}],"curies":[{"name":"wp","href":"https:\/\/api.w.org\/{rel}","templated":true}]}}