{"id":8210,"date":"2023-09-15T08:55:17","date_gmt":"2023-09-15T06:55:17","guid":{"rendered":"https:\/\/www.valaz.es\/?post_type=product&#038;p=8210"},"modified":"2025-11-12T11:54:30","modified_gmt":"2025-11-12T10:54:30","slug":"grifo-lavabo-empotrado-redondo-monomando-con-apertura-agua-fria-oro-mate-con-proteccion-pvd-con-cano-21cm-serie-selva","status":"publish","type":"product","link":"https:\/\/www.valaz.es\/en\/product\/grifo-lavabo-empotrado-redondo-monomando-con-apertura-agua-fria-oro-mate-con-proteccion-pvd-con-cano-21cm-serie-selva\/","title":{"rendered":"Grifo lavabo empotrado redondo monomando con apertura agua fr\u00eda oro mate con protecci\u00f3n PVD con ca\u00f1o 21CM &#8211; Serie Selva"},"content":{"rendered":"<p class=\"\" data-start=\"125\" data-end=\"423\">El grifo lavabo empotrado redondo monomando con apertura en agua fr\u00eda, acabado en oro mate con protecci\u00f3n PVD y un ca\u00f1o de 21 cm, de la serie Selva, combina funcionalidad y elegancia. Su dise\u00f1o minimalista y su durabilidad lo convierten en una opci\u00f3n perfecta para espacios modernos y sofisticados.<\/p>\n<p class=\"\" data-start=\"425\" data-end=\"446\"><strong data-start=\"425\" data-end=\"446\">Especificaciones:<\/strong><\/p>\n<ul data-start=\"448\" data-end=\"799\">\n<li class=\"\" data-start=\"448\" data-end=\"535\">\n<p class=\"\" data-start=\"450\" data-end=\"535\"><strong data-start=\"450\" data-end=\"467\">Tipo de grifo<\/strong>: Grifo lavabo empotrado redondo monomando con apertura en agua fr\u00eda<\/p>\n<\/li>\n<li class=\"\" data-start=\"536\" data-end=\"606\">\n<p class=\"\" data-start=\"538\" data-end=\"553\"><strong data-start=\"538\" data-end=\"552\">Materiales<\/strong>:<\/p>\n<ul data-start=\"556\" data-end=\"606\">\n<li class=\"\" data-start=\"556\" data-end=\"585\">\n<p class=\"\" data-start=\"558\" data-end=\"585\">Cuerpo de grifer\u00eda en lat\u00f3n<\/p>\n<\/li>\n<li class=\"\" data-start=\"588\" data-end=\"606\">\n<p class=\"\" data-start=\"590\" data-end=\"606\">Maneta monomando<\/p>\n<\/li>\n<\/ul>\n<\/li>\n<li class=\"\" data-start=\"607\" data-end=\"649\">\n<p class=\"\" data-start=\"609\" data-end=\"649\"><strong data-start=\"609\" data-end=\"620\">Acabado<\/strong>: Oro mate con protecci\u00f3n PVD<\/p>\n<\/li>\n<li class=\"\" data-start=\"650\" data-end=\"679\">\n<p class=\"\" data-start=\"652\" data-end=\"679\"><strong data-start=\"652\" data-end=\"660\">Ca\u00f1o<\/strong>: 21 cm de longitud<\/p>\n<\/li>\n<li class=\"\" data-start=\"680\" data-end=\"713\">\n<p class=\"\" data-start=\"682\" data-end=\"713\"><strong data-start=\"682\" data-end=\"694\">Cartucho<\/strong>: Cer\u00e1mico de 35 mm<\/p>\n<\/li>\n<li class=\"\" data-start=\"714\" data-end=\"758\">\n<p class=\"\" data-start=\"716\" data-end=\"758\"><strong data-start=\"716\" data-end=\"728\">Conexi\u00f3n<\/strong>: 3\/8\u201d (latiguillos incluidos)<\/p>\n<\/li>\n<li class=\"\" data-start=\"759\" data-end=\"799\">\n<p class=\"\" data-start=\"761\" data-end=\"799\"><strong data-start=\"761\" data-end=\"776\">Instalaci\u00f3n<\/strong>: Empotrado en la pared<\/p>\n<\/li>\n<\/ul>\n<p class=\"\" data-start=\"801\" data-end=\"1109\">Este grifo empotrado ofrece una opci\u00f3n de estilo y funcionalidad con su ca\u00f1o alargado de 21 cm, adecuado para la mayor\u00eda de los lavabos y picas modernas. Adem\u00e1s, su acabado en oro mate con protecci\u00f3n PVD asegura resistencia a los ara\u00f1azos y el desgaste, manteniendo su est\u00e9tica intacta a lo largo del tiempo.<\/p>\n","protected":false},"excerpt":{"rendered":"<p>El grifo lavabo empotrado redondo monomando con apertura en agua  [&#8230;]<\/p>\n","protected":false},"featured_media":8205,"template":"","meta":[],"product_brand":[],"product_cat":[58],"product_tag":[],"serie":[348],"manual-de-instalacion":[81],"color":[350],"class_list":{"0":"post-8210","1":"product","2":"type-product","3":"status-publish","4":"has-post-thumbnail","6":"product_cat-grifos-de-lavabo-empotrados","7":"serie-selva","8":"manual-de-instalacion-guia-instalacion-grifo-lavabo-empotrado-sin-caja","9":"color-oro-mate-cepillado","11":"first","12":"instock","13":"taxable","14":"shipping-taxable","15":"product-type-simple"},"_links":{"self":[{"href":"https:\/\/www.valaz.es\/en\/wp-json\/wp\/v2\/product\/8210","targetHints":{"allow":["GET"]}}],"collection":[{"href":"https:\/\/www.valaz.es\/en\/wp-json\/wp\/v2\/product"}],"about":[{"href":"https:\/\/www.valaz.es\/en\/wp-json\/wp\/v2\/types\/product"}],"wp:featuredmedia":[{"embeddable":true,"href":"https:\/\/www.valaz.es\/en\/wp-json\/wp\/v2\/media\/8205"}],"wp:attachment":[{"href":"https:\/\/www.valaz.es\/en\/wp-json\/wp\/v2\/media?parent=8210"}],"wp:term":[{"taxonomy":"product_brand","embeddable":true,"href":"https:\/\/www.valaz.es\/en\/wp-json\/wp\/v2\/product_brand?post=8210"},{"taxonomy":"product_cat","embeddable":true,"href":"https:\/\/www.valaz.es\/en\/wp-json\/wp\/v2\/product_cat?post=8210"},{"taxonomy":"product_tag","embeddable":true,"href":"https:\/\/www.valaz.es\/en\/wp-json\/wp\/v2\/product_tag?post=8210"},{"taxonomy":"serie","embeddable":true,"href":"https:\/\/www.valaz.es\/en\/wp-json\/wp\/v2\/serie?post=8210"},{"taxonomy":"manual-de-instalacion","embeddable":true,"href":"https:\/\/www.valaz.es\/en\/wp-json\/wp\/v2\/manual-de-instalacion?post=8210"},{"taxonomy":"color","embeddable":true,"href":"https:\/\/www.valaz.es\/en\/wp-json\/wp\/v2\/color?post=8210"}],"curies":[{"name":"wp","href":"https:\/\/api.w.org\/{rel}","templated":true}]}}