{"id":8192,"date":"2023-09-15T08:54:44","date_gmt":"2023-09-15T06:54:44","guid":{"rendered":"https:\/\/www.valaz.es\/?post_type=product&#038;p=8192"},"modified":"2025-11-19T15:54:31","modified_gmt":"2025-11-19T14:54:31","slug":"grifo-lavabo-empotrado-redondo-monomando-cromado-con-apertura-agua-fria-serie-selva","status":"publish","type":"product","link":"https:\/\/www.valaz.es\/en\/product\/grifo-lavabo-empotrado-redondo-monomando-cromado-con-apertura-agua-fria-serie-selva\/","title":{"rendered":"Grifo lavabo empotrado redondo monomando cromado con apertura agua fr\u00eda con ca\u00f1o 21CM &#8211; Serie Selva"},"content":{"rendered":"<p class=\"\" data-start=\"91\" data-end=\"373\">Este grifo lavabo empotrado redondo monomando con apertura en agua fr\u00eda de la serie Selva, con acabado cromado, ofrece un dise\u00f1o limpio y moderno, ideal para ba\u00f1os contempor\u00e1neos. Su funcionamiento eficiente y su apariencia brillante lo convierten en una opci\u00f3n vers\u00e1til y elegante.<\/p>\n<p class=\"\" data-start=\"375\" data-end=\"396\"><strong data-start=\"375\" data-end=\"396\">Especificaciones:<\/strong><\/p>\n<ul data-start=\"398\" data-end=\"699\">\n<li class=\"\" data-start=\"398\" data-end=\"485\">\n<p class=\"\" data-start=\"400\" data-end=\"485\"><strong data-start=\"400\" data-end=\"417\">Tipo de grifo<\/strong>: Grifo lavabo empotrado redondo monomando con apertura en agua fr\u00eda<\/p>\n<\/li>\n<li class=\"\" data-start=\"486\" data-end=\"556\">\n<p class=\"\" data-start=\"488\" data-end=\"503\"><strong data-start=\"488\" data-end=\"502\">Materiales<\/strong>:<\/p>\n<ul data-start=\"506\" data-end=\"556\">\n<li class=\"\" data-start=\"506\" data-end=\"535\">\n<p class=\"\" data-start=\"508\" data-end=\"535\">Cuerpo de grifer\u00eda en lat\u00f3n<\/p>\n<\/li>\n<li class=\"\" data-start=\"538\" data-end=\"556\">\n<p class=\"\" data-start=\"540\" data-end=\"556\">Maneta monomando<\/p>\n<\/li>\n<\/ul>\n<\/li>\n<li class=\"\" data-start=\"557\" data-end=\"579\">\n<p class=\"\" data-start=\"559\" data-end=\"579\"><strong data-start=\"559\" data-end=\"570\">Acabado<\/strong>: Cromado<\/p>\n<\/li>\n<li class=\"\" data-start=\"580\" data-end=\"613\">\n<p class=\"\" data-start=\"582\" data-end=\"613\"><strong data-start=\"582\" data-end=\"594\">Cartucho<\/strong>: Cer\u00e1mico de 35 mm<\/p>\n<\/li>\n<li class=\"\" data-start=\"614\" data-end=\"658\">\n<p class=\"\" data-start=\"616\" data-end=\"658\"><strong data-start=\"616\" data-end=\"628\">Conexi\u00f3n<\/strong>: 3\/8\u201d (latiguillos incluidos)<\/p>\n<\/li>\n<li class=\"\" data-start=\"659\" data-end=\"699\">\n<p class=\"\" data-start=\"661\" data-end=\"699\"><strong data-start=\"661\" data-end=\"676\">Instalaci\u00f3n<\/strong>: Empotrado en la pared<\/p>\n<\/li>\n<\/ul>\n<p class=\"\" data-start=\"701\" data-end=\"970\">El acabado cromado proporciona un brillo duradero y f\u00e1cil de mantener, mientras que el cartucho cer\u00e1mico asegura un funcionamiento suave y preciso. Este modelo, con apertura en agua fr\u00eda, es perfecto para quienes buscan un estilo minimalista sin comprometer la calidad.<\/p>\n","protected":false},"excerpt":{"rendered":"<p>Este grifo lavabo empotrado redondo monomando con apertura en agua  [&#8230;]<\/p>\n","protected":false},"featured_media":8201,"template":"","meta":[],"product_brand":[],"product_cat":[58],"product_tag":[],"serie":[348],"manual-de-instalacion":[81],"color":[26],"class_list":{"0":"post-8192","1":"product","2":"type-product","3":"status-publish","4":"has-post-thumbnail","6":"product_cat-grifos-de-lavabo-empotrados","7":"serie-selva","8":"manual-de-instalacion-guia-instalacion-grifo-lavabo-empotrado-sin-caja","9":"color-cromo","11":"first","12":"instock","13":"taxable","14":"shipping-taxable","15":"product-type-simple"},"_links":{"self":[{"href":"https:\/\/www.valaz.es\/en\/wp-json\/wp\/v2\/product\/8192","targetHints":{"allow":["GET"]}}],"collection":[{"href":"https:\/\/www.valaz.es\/en\/wp-json\/wp\/v2\/product"}],"about":[{"href":"https:\/\/www.valaz.es\/en\/wp-json\/wp\/v2\/types\/product"}],"wp:featuredmedia":[{"embeddable":true,"href":"https:\/\/www.valaz.es\/en\/wp-json\/wp\/v2\/media\/8201"}],"wp:attachment":[{"href":"https:\/\/www.valaz.es\/en\/wp-json\/wp\/v2\/media?parent=8192"}],"wp:term":[{"taxonomy":"product_brand","embeddable":true,"href":"https:\/\/www.valaz.es\/en\/wp-json\/wp\/v2\/product_brand?post=8192"},{"taxonomy":"product_cat","embeddable":true,"href":"https:\/\/www.valaz.es\/en\/wp-json\/wp\/v2\/product_cat?post=8192"},{"taxonomy":"product_tag","embeddable":true,"href":"https:\/\/www.valaz.es\/en\/wp-json\/wp\/v2\/product_tag?post=8192"},{"taxonomy":"serie","embeddable":true,"href":"https:\/\/www.valaz.es\/en\/wp-json\/wp\/v2\/serie?post=8192"},{"taxonomy":"manual-de-instalacion","embeddable":true,"href":"https:\/\/www.valaz.es\/en\/wp-json\/wp\/v2\/manual-de-instalacion?post=8192"},{"taxonomy":"color","embeddable":true,"href":"https:\/\/www.valaz.es\/en\/wp-json\/wp\/v2\/color?post=8192"}],"curies":[{"name":"wp","href":"https:\/\/api.w.org\/{rel}","templated":true}]}}