{"id":810,"date":"2022-11-14T13:21:57","date_gmt":"2022-11-14T12:21:57","guid":{"rendered":"https:\/\/www.valaz.es\/?post_type=product&#038;p=810"},"modified":"2025-10-27T17:54:39","modified_gmt":"2025-10-27T16:54:39","slug":"grifo-de-lavabo-empotrado-cuadrado-monomando-con-cano-de-21cm-dorado-cepillado-serie-tormes","status":"publish","type":"product","link":"https:\/\/www.valaz.es\/en\/product\/grifo-de-lavabo-empotrado-cuadrado-monomando-con-cano-de-21cm-dorado-cepillado-serie-tormes\/","title":{"rendered":"Grifo de lavabo empotrado cuadrado monomando con ca\u00f1o de 21CM dorado cepillado &#8211; Serie Tormes"},"content":{"rendered":"<p class=\"\" data-start=\"99\" data-end=\"492\">El grifo de lavabo empotrado cuadrado monomando con ca\u00f1o de 21CM de la Serie Tormes es una opci\u00f3n elegante y funcional para tu ba\u00f1o. Su acabado dorado cepillado aporta un toque de lujo y sofisticaci\u00f3n, mientras que su dise\u00f1o cuadrado aporta modernidad y estilo. Con su control monomando, podr\u00e1s ajustar f\u00e1cilmente la temperatura y el flujo de agua de manera precisa y c\u00f3moda.<\/p>\n<p class=\"\" data-start=\"494\" data-end=\"516\"><strong data-start=\"494\" data-end=\"514\">Especificaciones<\/strong><\/p>\n<ul data-start=\"517\" data-end=\"796\">\n<li class=\"\" data-start=\"517\" data-end=\"555\">\n<p class=\"\" data-start=\"519\" data-end=\"555\"><strong data-start=\"519\" data-end=\"543\">Tipo de instalaci\u00f3n:<\/strong> Empotrado<\/p>\n<\/li>\n<li class=\"\" data-start=\"556\" data-end=\"589\">\n<p class=\"\" data-start=\"558\" data-end=\"589\"><strong data-start=\"558\" data-end=\"570\">Acabado:<\/strong> Dorado cepillado<\/p>\n<\/li>\n<li class=\"\" data-start=\"590\" data-end=\"674\">\n<p class=\"\" data-start=\"592\" data-end=\"607\"><strong data-start=\"592\" data-end=\"605\">Material:<\/strong><\/p>\n<ul data-start=\"610\" data-end=\"674\">\n<li class=\"\" data-start=\"610\" data-end=\"641\">\n<p class=\"\" data-start=\"612\" data-end=\"641\"><strong data-start=\"612\" data-end=\"633\">Cuerpo del grifo:<\/strong> Lat\u00f3n<\/p>\n<\/li>\n<li class=\"\" data-start=\"644\" data-end=\"674\">\n<p class=\"\" data-start=\"646\" data-end=\"674\"><strong data-start=\"646\" data-end=\"655\">Ca\u00f1o:<\/strong> Acero inoxidable<\/p>\n<\/li>\n<\/ul>\n<\/li>\n<li class=\"\" data-start=\"675\" data-end=\"711\">\n<p class=\"\" data-start=\"677\" data-end=\"711\"><strong data-start=\"677\" data-end=\"690\">Cartucho:<\/strong> Cer\u00e1mico monomando<\/p>\n<\/li>\n<li class=\"\" data-start=\"712\" data-end=\"731\">\n<p class=\"\" data-start=\"714\" data-end=\"731\"><strong data-start=\"714\" data-end=\"723\">Ca\u00f1o:<\/strong> 21 cm<\/p>\n<\/li>\n<\/ul>\n","protected":false},"excerpt":{"rendered":"<p>Serie con l\u00edneas rectas y cuadradas, destaca por su maneta hueca con acabados en cromado, dorado cepillado y negro mate, hacen de ella una serie minimalista y elegante. Disponemos de ducha empotrada a pared y grifo de lavabo.<\/p>\n<p>La garant\u00eda de todos nuestros productos es de 3 a\u00f1os, para funcionamiento, duraci\u00f3n del esmaltado y anticorrosi\u00f3n.<\/p>\n<p>Recomendamos para un correcto mantenimiento de la grifer\u00eda y evitar el deterioro por el uso. Secar las gotas de agua con un pa\u00f1o suave despu\u00e9s del uso, evitando que se posen en la superficie y deterioran el acabado, no utilizar esponjas que puedan rayar la grifer\u00eda, utilizar limpiadores como vinagre limpieza, agua caliente y jab\u00f3n con ph neutro.<\/p>\n<p>&nbsp;<\/p>\n<p><strong>Nuestro departamento\u00a0t\u00e9cnico\u00a0dispone de\u00a0gu\u00edas\u00a0de todos los\u00a0modelos\u00a0empotrados\u00a0que vendemos<\/strong><strong>,\u00a0si tiene alguna duda con la\u00a0instalaci\u00f3n\u00a0contacte con nosotros mediante\u00a0tel\u00e9fono,\u00a0WhatsApp\u00a0o email dentro del horario laboral indicado en la web.<\/strong><\/p>\n<p><strong>Recuerden que una vez instalado el cuerpo\u00a0empotrado\u00a0de la\u00a0grifer\u00eda\u00a0revisar de su correcto funcionamiento de paso de agua, comprobaci\u00f3n de cartuchos y corte de agua, si detecta alguna\u00a0anomal\u00eda\u00a0informe a nuestro\u00a0departamento\u00a0para darle una\u00a0soluci\u00f3n, no\u00a0contin\u00fae\u00a0con la\u00a0instalaci\u00f3n\u00a0de cerramiento de la pared.<\/strong><\/p>\n","protected":false},"featured_media":3876,"template":"","meta":[],"product_brand":[],"product_cat":[48,58],"product_tag":[],"serie":[65],"manual-de-instalacion":[80],"color":[34],"class_list":{"0":"post-810","1":"product","2":"type-product","3":"status-publish","4":"has-post-thumbnail","6":"product_cat-grifos-de-lavabo","7":"product_cat-grifos-de-lavabo-empotrados","8":"serie-tormes","9":"manual-de-instalacion-guia-instalacion-grifo-lavabo-empotrado-con-caja","10":"color-dorado-cepillado","12":"first","13":"instock","14":"taxable","15":"shipping-taxable","16":"product-type-simple"},"_links":{"self":[{"href":"https:\/\/www.valaz.es\/en\/wp-json\/wp\/v2\/product\/810","targetHints":{"allow":["GET"]}}],"collection":[{"href":"https:\/\/www.valaz.es\/en\/wp-json\/wp\/v2\/product"}],"about":[{"href":"https:\/\/www.valaz.es\/en\/wp-json\/wp\/v2\/types\/product"}],"wp:featuredmedia":[{"embeddable":true,"href":"https:\/\/www.valaz.es\/en\/wp-json\/wp\/v2\/media\/3876"}],"wp:attachment":[{"href":"https:\/\/www.valaz.es\/en\/wp-json\/wp\/v2\/media?parent=810"}],"wp:term":[{"taxonomy":"product_brand","embeddable":true,"href":"https:\/\/www.valaz.es\/en\/wp-json\/wp\/v2\/product_brand?post=810"},{"taxonomy":"product_cat","embeddable":true,"href":"https:\/\/www.valaz.es\/en\/wp-json\/wp\/v2\/product_cat?post=810"},{"taxonomy":"product_tag","embeddable":true,"href":"https:\/\/www.valaz.es\/en\/wp-json\/wp\/v2\/product_tag?post=810"},{"taxonomy":"serie","embeddable":true,"href":"https:\/\/www.valaz.es\/en\/wp-json\/wp\/v2\/serie?post=810"},{"taxonomy":"manual-de-instalacion","embeddable":true,"href":"https:\/\/www.valaz.es\/en\/wp-json\/wp\/v2\/manual-de-instalacion?post=810"},{"taxonomy":"color","embeddable":true,"href":"https:\/\/www.valaz.es\/en\/wp-json\/wp\/v2\/color?post=810"}],"curies":[{"name":"wp","href":"https:\/\/api.w.org\/{rel}","templated":true}]}}