{"id":809,"date":"2022-11-14T13:20:50","date_gmt":"2022-11-14T12:20:50","guid":{"rendered":"https:\/\/www.valaz.es\/?post_type=product&#038;p=809"},"modified":"2025-09-29T11:54:22","modified_gmt":"2025-09-29T09:54:22","slug":"ducha-empotrada-monomando-pared-cuadrada-con-maneta-cuadrada-dorado-cepillado-serie-tormes","status":"publish","type":"product","link":"https:\/\/www.valaz.es\/en\/product\/ducha-empotrada-monomando-pared-cuadrada-con-maneta-cuadrada-dorado-cepillado-serie-tormes\/","title":{"rendered":"Ducha empotrada monomando pared cuadrada con maneta hueca cuadrada dorado cepillado &#8211; Serie Tormes"},"content":{"rendered":"<p class=\"\" data-start=\"104\" data-end=\"581\">La ducha empotrada monomando de la Serie Tormes es la combinaci\u00f3n perfecta de estilo y funcionalidad. Con su dise\u00f1o cuadrado y acabado dorado cepillado, proporciona un toque de lujo a tu ba\u00f1o. El monomando de 2 v\u00edas te permite disfrutar de dos opciones de salida de agua, el efecto lluvia del rociador y la alcachofa de mano, todo de forma c\u00f3moda y eficiente. Su maneta hueca cuadrada proporciona un manejo pr\u00e1ctico y moderno, ideal para ba\u00f1os contempor\u00e1neos.<\/p>\n<p class=\"\" data-start=\"583\" data-end=\"605\"><strong data-start=\"583\" data-end=\"603\">Especificaciones<\/strong><\/p>\n<ul data-start=\"606\" data-end=\"1041\">\n<li class=\"\" data-start=\"606\" data-end=\"644\">\n<p class=\"\" data-start=\"608\" data-end=\"644\"><strong data-start=\"608\" data-end=\"632\">Tipo de instalaci\u00f3n:<\/strong> Empotrada<\/p>\n<\/li>\n<li data-start=\"606\" data-end=\"644\">Incluye caja box empotrable<\/li>\n<li class=\"\" data-start=\"645\" data-end=\"678\">\n<p class=\"\" data-start=\"647\" data-end=\"678\"><strong data-start=\"647\" data-end=\"659\">Acabado:<\/strong> Dorado cepillado<\/p>\n<\/li>\n<li class=\"\" data-start=\"679\" data-end=\"833\">\n<p class=\"\" data-start=\"681\" data-end=\"698\"><strong data-start=\"681\" data-end=\"696\">Materiales:<\/strong><\/p>\n<ul data-start=\"701\" data-end=\"833\">\n<li class=\"\" data-start=\"701\" data-end=\"735\">\n<p class=\"\" data-start=\"703\" data-end=\"735\"><strong data-start=\"703\" data-end=\"716\">Rociador:<\/strong> Acero inoxidable<\/p>\n<\/li>\n<li class=\"\" data-start=\"738\" data-end=\"779\">\n<p class=\"\" data-start=\"740\" data-end=\"779\"><strong data-start=\"740\" data-end=\"754\">Monomando:<\/strong> Lat\u00f3n con maneta hueca<\/p>\n<\/li>\n<li class=\"\" data-start=\"782\" data-end=\"812\">\n<p class=\"\" data-start=\"784\" data-end=\"812\"><strong data-start=\"784\" data-end=\"806\">Alcachofa de mano:<\/strong> Lat\u00f3n<\/p>\n<\/li>\n<li class=\"\" data-start=\"815\" data-end=\"833\">\n<p class=\"\" data-start=\"817\" data-end=\"833\"><strong data-start=\"817\" data-end=\"827\">Flexo:<\/strong> PVC<\/p>\n<\/li>\n<\/ul>\n<\/li>\n<li class=\"\" data-start=\"834\" data-end=\"881\">\n<p class=\"\" data-start=\"836\" data-end=\"881\"><strong data-start=\"836\" data-end=\"856\">Tama\u00f1o rociador:<\/strong> 20&#215;20, 25&#215;25, 30&#215;30 cm<\/p>\n<\/li>\n<li class=\"\" data-start=\"882\" data-end=\"942\">\n<p class=\"\" data-start=\"884\" data-end=\"942\"><strong data-start=\"884\" data-end=\"897\">Cartucho:<\/strong> Monomando de 2 v\u00edas (agua fr\u00eda y caliente)<\/p>\n<\/li>\n<\/ul>\n","protected":false},"excerpt":{"rendered":"<p>Serie con l\u00edneas rectas y cuadradas, destaca por su maneta hueca con acabados en cromado, dorado cepillado y negro mate, hacen de ella una serie minimalista y elegante. Disponemos de ducha empotrada a pared y grifo de lavabo.<\/p>\n<p>La garant\u00eda de todos nuestros productos es de 3 a\u00f1os, para funcionamiento, duraci\u00f3n del esmaltado y anticorrosi\u00f3n.<\/p>\n<p>Recomendamos para un correcto mantenimiento de la grifer\u00eda y evitar el deterioro por el uso. Secar las gotas de agua con un pa\u00f1o suave despu\u00e9s del uso, evitando que se posen en la superficie y deterioran el acabado, no utilizar esponjas que puedan rayar la grifer\u00eda, utilizar limpiadores como vinagre limpieza, agua caliente y jab\u00f3n con ph neutro.<\/p>\n<p>&nbsp;<\/p>\n<p><strong>Nuestro departamento\u00a0t\u00e9cnico\u00a0dispone de\u00a0gu\u00edas\u00a0de todos los\u00a0modelos\u00a0empotrados\u00a0que vendemos<\/strong><strong>,\u00a0si tiene alguna duda con la\u00a0instalaci\u00f3n\u00a0contacte con nosotros mediante\u00a0tel\u00e9fono,\u00a0WhatsApp\u00a0o email dentro del horario laboral indicado en la web.<\/strong><\/p>\n<p><strong>Recuerden que una vez instalado el cuerpo\u00a0empotrado\u00a0de la\u00a0grifer\u00eda\u00a0revisar de su correcto funcionamiento de paso de agua, comprobaci\u00f3n de cartuchos y corte de agua, si detecta alguna\u00a0anomal\u00eda\u00a0informe a nuestro\u00a0departamento\u00a0para darle una\u00a0soluci\u00f3n, no\u00a0contin\u00fae\u00a0con la\u00a0instalaci\u00f3n\u00a0de cerramiento de la pared.<\/strong><\/p>\n","protected":false},"featured_media":13347,"template":"","meta":[],"product_brand":[],"product_cat":[57,47],"product_tag":[],"serie":[65],"manual-de-instalacion":[78],"color":[34],"class_list":{"0":"post-809","1":"product","2":"type-product","3":"status-publish","4":"has-post-thumbnail","6":"product_cat-duchas-empotradas","7":"product_cat-duchas","8":"pa_tamano-rociador-20cm","9":"pa_tamano-rociador-25cm","10":"pa_tamano-rociador-30cm","11":"pa_tamano-rociador-40cm","12":"serie-tormes","13":"manual-de-instalacion-guia-instalacion-duchas-empotradas-monomando","14":"color-dorado-cepillado","16":"first","17":"instock","18":"taxable","19":"shipping-taxable","20":"product-type-variable"},"_links":{"self":[{"href":"https:\/\/www.valaz.es\/en\/wp-json\/wp\/v2\/product\/809","targetHints":{"allow":["GET"]}}],"collection":[{"href":"https:\/\/www.valaz.es\/en\/wp-json\/wp\/v2\/product"}],"about":[{"href":"https:\/\/www.valaz.es\/en\/wp-json\/wp\/v2\/types\/product"}],"wp:featuredmedia":[{"embeddable":true,"href":"https:\/\/www.valaz.es\/en\/wp-json\/wp\/v2\/media\/13347"}],"wp:attachment":[{"href":"https:\/\/www.valaz.es\/en\/wp-json\/wp\/v2\/media?parent=809"}],"wp:term":[{"taxonomy":"product_brand","embeddable":true,"href":"https:\/\/www.valaz.es\/en\/wp-json\/wp\/v2\/product_brand?post=809"},{"taxonomy":"product_cat","embeddable":true,"href":"https:\/\/www.valaz.es\/en\/wp-json\/wp\/v2\/product_cat?post=809"},{"taxonomy":"product_tag","embeddable":true,"href":"https:\/\/www.valaz.es\/en\/wp-json\/wp\/v2\/product_tag?post=809"},{"taxonomy":"serie","embeddable":true,"href":"https:\/\/www.valaz.es\/en\/wp-json\/wp\/v2\/serie?post=809"},{"taxonomy":"manual-de-instalacion","embeddable":true,"href":"https:\/\/www.valaz.es\/en\/wp-json\/wp\/v2\/manual-de-instalacion?post=809"},{"taxonomy":"color","embeddable":true,"href":"https:\/\/www.valaz.es\/en\/wp-json\/wp\/v2\/color?post=809"}],"curies":[{"name":"wp","href":"https:\/\/api.w.org\/{rel}","templated":true}]}}