{"id":804,"date":"2022-11-14T13:19:01","date_gmt":"2022-11-14T12:19:01","guid":{"rendered":"https:\/\/www.valaz.es\/?post_type=product&#038;p=804"},"modified":"2025-10-27T17:54:38","modified_gmt":"2025-10-27T16:54:38","slug":"grifo-de-lavabo-empotrado-cuadrado-monomando-con-cano-de-21cm-negro-mate-serie-tormes","status":"publish","type":"product","link":"https:\/\/www.valaz.es\/en\/product\/grifo-de-lavabo-empotrado-cuadrado-monomando-con-cano-de-21cm-negro-mate-serie-tormes\/","title":{"rendered":"Grifo de lavabo empotrado cuadrado monomando con ca\u00f1o de 21CM negro mate &#8211; Serie Tormes"},"content":{"rendered":"<p class=\"\" data-start=\"93\" data-end=\"571\">El grifo de lavabo empotrado cuadrado monomando de la Serie Tormes con ca\u00f1o de 21CM y acabado en negro mate es una pieza de dise\u00f1o que combina est\u00e9tica y funcionalidad. Su estilo cuadrado y moderno, junto con el acabado mate, le otorgan una apariencia elegante y sofisticada, ideal para ba\u00f1os contempor\u00e1neos. Con un monomando de f\u00e1cil uso, permite un control preciso de la temperatura y el flujo de agua, proporcionando comodidad y eficiencia en su uso diario.<\/p>\n<p class=\"\" data-start=\"573\" data-end=\"595\"><strong data-start=\"573\" data-end=\"593\">Especificaciones<\/strong><\/p>\n<ul data-start=\"596\" data-end=\"857\">\n<li class=\"\" data-start=\"596\" data-end=\"634\">\n<p class=\"\" data-start=\"598\" data-end=\"634\"><strong data-start=\"598\" data-end=\"622\">Tipo de instalaci\u00f3n:<\/strong> Empotrado<\/p>\n<\/li>\n<li class=\"\" data-start=\"635\" data-end=\"662\">\n<p class=\"\" data-start=\"637\" data-end=\"662\"><strong data-start=\"637\" data-end=\"649\">Acabado:<\/strong> Negro mate<\/p>\n<\/li>\n<li class=\"\" data-start=\"663\" data-end=\"755\">\n<p class=\"\" data-start=\"665\" data-end=\"682\"><strong data-start=\"665\" data-end=\"680\">Materiales:<\/strong><\/p>\n<ul data-start=\"685\" data-end=\"755\">\n<li class=\"\" data-start=\"685\" data-end=\"716\">\n<p class=\"\" data-start=\"687\" data-end=\"716\"><strong data-start=\"687\" data-end=\"708\">Cuerpo del grifo:<\/strong> Lat\u00f3n<\/p>\n<\/li>\n<li class=\"\" data-start=\"719\" data-end=\"755\">\n<p class=\"\" data-start=\"721\" data-end=\"755\"><strong data-start=\"721\" data-end=\"734\">Cartucho:<\/strong> Monomando cer\u00e1mico<\/p>\n<\/li>\n<\/ul>\n<\/li>\n<li class=\"\" data-start=\"756\" data-end=\"787\">\n<p class=\"\" data-start=\"758\" data-end=\"787\"><strong data-start=\"758\" data-end=\"767\">Ca\u00f1o:<\/strong> Cuadrado de 21 cm<\/p>\n<\/li>\n<li class=\"\" data-start=\"788\" data-end=\"813\">\n<p class=\"\" data-start=\"790\" data-end=\"813\"><strong data-start=\"790\" data-end=\"803\">Cartucho:<\/strong> \u00d8 35 mm<\/p>\n<\/li>\n<li class=\"\" data-start=\"814\" data-end=\"836\">\n<p class=\"\" data-start=\"816\" data-end=\"836\"><strong data-start=\"816\" data-end=\"829\">Conexi\u00f3n:<\/strong> 3\/8&#8243;<\/p>\n<\/li>\n<\/ul>\n","protected":false},"excerpt":{"rendered":"<p>Serie con l\u00edneas rectas y cuadradas, destaca por su maneta hueca con acabados en cromado, dorado cepillado y negro mate, hacen de ella una serie minimalista y elegante. Disponemos de ducha empotrada a pared y grifo de lavabo.<\/p>\n<p>La garant\u00eda de todos nuestros productos es de 3 a\u00f1os, para funcionamiento, duraci\u00f3n del esmaltado y anticorrosi\u00f3n.<\/p>\n<p>Recomendamos para un correcto mantenimiento de la grifer\u00eda y evitar el deterioro por el uso. Secar las gotas de agua con un pa\u00f1o suave despu\u00e9s del uso, evitando que se posen en la superficie y deterioran el acabado, no utilizar esponjas que puedan rayar la grifer\u00eda, utilizar limpiadores como vinagre limpieza, agua caliente y jab\u00f3n con ph neutro.<\/p>\n<p>&nbsp;<\/p>\n<p><strong>Nuestro departamento\u00a0t\u00e9cnico\u00a0dispone de\u00a0gu\u00edas\u00a0de todos los\u00a0modelos\u00a0empotrados\u00a0que vendemos<\/strong><strong>,\u00a0si tiene alguna duda con la\u00a0instalaci\u00f3n\u00a0contacte con nosotros mediante\u00a0tel\u00e9fono,\u00a0WhatsApp\u00a0o email dentro del horario laboral indicado en la web.<\/strong><\/p>\n<p><strong>Recuerden que una vez instalado el cuerpo\u00a0empotrado\u00a0de la\u00a0grifer\u00eda\u00a0revisar de su correcto funcionamiento de paso de agua, comprobaci\u00f3n de cartuchos y corte de agua, si detecta alguna\u00a0anomal\u00eda\u00a0informe a nuestro\u00a0departamento\u00a0para darle una\u00a0soluci\u00f3n, no\u00a0contin\u00fae\u00a0con la\u00a0instalaci\u00f3n\u00a0de cerramiento de la pared.<\/strong><\/p>\n","protected":false},"featured_media":3880,"template":"","meta":[],"product_brand":[],"product_cat":[48,58],"product_tag":[],"serie":[65],"manual-de-instalacion":[80],"color":[27],"class_list":{"0":"post-804","1":"product","2":"type-product","3":"status-publish","4":"has-post-thumbnail","6":"product_cat-grifos-de-lavabo","7":"product_cat-grifos-de-lavabo-empotrados","8":"serie-tormes","9":"manual-de-instalacion-guia-instalacion-grifo-lavabo-empotrado-con-caja","10":"color-negro-mate","12":"first","13":"instock","14":"taxable","15":"shipping-taxable","16":"product-type-simple"},"_links":{"self":[{"href":"https:\/\/www.valaz.es\/en\/wp-json\/wp\/v2\/product\/804","targetHints":{"allow":["GET"]}}],"collection":[{"href":"https:\/\/www.valaz.es\/en\/wp-json\/wp\/v2\/product"}],"about":[{"href":"https:\/\/www.valaz.es\/en\/wp-json\/wp\/v2\/types\/product"}],"wp:featuredmedia":[{"embeddable":true,"href":"https:\/\/www.valaz.es\/en\/wp-json\/wp\/v2\/media\/3880"}],"wp:attachment":[{"href":"https:\/\/www.valaz.es\/en\/wp-json\/wp\/v2\/media?parent=804"}],"wp:term":[{"taxonomy":"product_brand","embeddable":true,"href":"https:\/\/www.valaz.es\/en\/wp-json\/wp\/v2\/product_brand?post=804"},{"taxonomy":"product_cat","embeddable":true,"href":"https:\/\/www.valaz.es\/en\/wp-json\/wp\/v2\/product_cat?post=804"},{"taxonomy":"product_tag","embeddable":true,"href":"https:\/\/www.valaz.es\/en\/wp-json\/wp\/v2\/product_tag?post=804"},{"taxonomy":"serie","embeddable":true,"href":"https:\/\/www.valaz.es\/en\/wp-json\/wp\/v2\/serie?post=804"},{"taxonomy":"manual-de-instalacion","embeddable":true,"href":"https:\/\/www.valaz.es\/en\/wp-json\/wp\/v2\/manual-de-instalacion?post=804"},{"taxonomy":"color","embeddable":true,"href":"https:\/\/www.valaz.es\/en\/wp-json\/wp\/v2\/color?post=804"}],"curies":[{"name":"wp","href":"https:\/\/api.w.org\/{rel}","templated":true}]}}