{"id":803,"date":"2022-11-14T13:17:25","date_gmt":"2022-11-14T12:17:25","guid":{"rendered":"https:\/\/www.valaz.es\/?post_type=product&#038;p=803"},"modified":"2025-09-02T13:28:28","modified_gmt":"2025-09-02T11:28:28","slug":"ducha-empotrada-monomando-a-pared-cuadrada-con-maneta-hueca-cuadrada-negro-mate-serie-tormes","status":"publish","type":"product","link":"https:\/\/www.valaz.es\/en\/product\/ducha-empotrada-monomando-a-pared-cuadrada-con-maneta-hueca-cuadrada-negro-mate-serie-tormes\/","title":{"rendered":"Ducha empotrada monomando a pared cuadrada con maneta hueca cuadrada negro mate &#8211; Serie Tormes"},"content":{"rendered":"<p class=\"\" data-start=\"100\" data-end=\"447\">Dise\u00f1ada para quienes buscan funcionalidad sin renunciar al dise\u00f1o, esta ducha empotrada de la Serie Tormes destaca por su est\u00e9tica cuadrada y su acabado negro mate. La maneta hueca aporta un toque contempor\u00e1neo, y su sistema monomando de 2 v\u00edas permite cambiar c\u00f3modamente entre el rociador efecto lluvia y la alcachofa de mano.<\/p>\n<p class=\"\" data-start=\"449\" data-end=\"471\"><strong data-start=\"449\" data-end=\"469\">Especificaciones<\/strong><\/p>\n<ul data-start=\"472\" data-end=\"967\">\n<li class=\"\" data-start=\"472\" data-end=\"518\">\n<p class=\"\" data-start=\"474\" data-end=\"518\"><strong data-start=\"474\" data-end=\"498\">Tipo de instalaci\u00f3n:<\/strong> Empotrada a pared<\/p>\n<\/li>\n<li class=\"\" data-start=\"519\" data-end=\"546\">\n<p class=\"\" data-start=\"521\" data-end=\"546\"><strong data-start=\"521\" data-end=\"533\">Acabado:<\/strong> Negro mate<\/p>\n<\/li>\n<li class=\"\" data-start=\"547\" data-end=\"618\">\n<p class=\"\" data-start=\"549\" data-end=\"565\"><strong data-start=\"549\" data-end=\"563\">Funciones:<\/strong><\/p>\n<ul data-start=\"568\" data-end=\"618\">\n<li class=\"\" data-start=\"568\" data-end=\"594\">\n<p class=\"\" data-start=\"570\" data-end=\"594\">Rociador efecto lluvia<\/p>\n<\/li>\n<li class=\"\" data-start=\"597\" data-end=\"618\">\n<p class=\"\" data-start=\"599\" data-end=\"618\">Alcachofa de mano<\/p>\n<\/li>\n<\/ul>\n<\/li>\n<li class=\"\" data-start=\"619\" data-end=\"832\">\n<p class=\"\" data-start=\"621\" data-end=\"635\"><strong data-start=\"621\" data-end=\"633\">Incluye:<\/strong><\/p>\n<ul data-start=\"638\" data-end=\"832\">\n<li class=\"\" data-start=\"638\" data-end=\"697\">\n<p class=\"\" data-start=\"640\" data-end=\"697\">Rociador cuadrado disponible en 20&#215;20, 25&#215;25 y 30&#215;30 cm<\/p>\n<\/li>\n<li class=\"\" data-start=\"700\" data-end=\"731\">\n<p class=\"\" data-start=\"702\" data-end=\"731\">Soporte de rociador a pared<\/p>\n<\/li>\n<li class=\"\" data-start=\"734\" data-end=\"774\">\n<p class=\"\" data-start=\"736\" data-end=\"774\">Monomando de 2 v\u00edas con maneta hueca<\/p>\n<\/li>\n<li class=\"\" data-start=\"777\" data-end=\"810\">\n<p class=\"\" data-start=\"779\" data-end=\"810\">Alcachofa de mano con soporte<\/p>\n<\/li>\n<li class=\"\" data-start=\"813\" data-end=\"832\">\n<p class=\"\" data-start=\"815\" data-end=\"832\">Flexo de 150 cm<\/p>\n<\/li>\n<li data-start=\"813\" data-end=\"832\">Caja box empotrable<\/li>\n<\/ul>\n<\/li>\n<li class=\"\" data-start=\"833\" data-end=\"967\">\n<p class=\"\" data-start=\"835\" data-end=\"852\"><strong data-start=\"835\" data-end=\"850\">Materiales:<\/strong><\/p>\n<ul data-start=\"855\" data-end=\"967\">\n<li class=\"\" data-start=\"855\" data-end=\"885\">\n<p class=\"\" data-start=\"857\" data-end=\"885\">Rociador: Acero inoxidable<\/p>\n<\/li>\n<li class=\"\" data-start=\"888\" data-end=\"908\">\n<p class=\"\" data-start=\"890\" data-end=\"908\">Monomando: Lat\u00f3n<\/p>\n<\/li>\n<li class=\"\" data-start=\"911\" data-end=\"937\">\n<p class=\"\" data-start=\"913\" data-end=\"937\">Alcachofa de mano: Lat\u00f3n<\/p>\n<\/li>\n<li class=\"\" data-start=\"940\" data-end=\"967\">\n<p class=\"\" data-start=\"942\" data-end=\"967\">Flexo: PVC<\/p>\n<\/li>\n<\/ul>\n<\/li>\n<\/ul>\n","protected":false},"excerpt":{"rendered":"<p>Serie con l\u00edneas rectas y cuadradas, destaca por su maneta hueca con acabados en cromado, dorado cepillado y negro mate, hacen de ella una serie minimalista y elegante. Disponemos de ducha empotrada a pared y grifo de lavabo.<\/p>\n<p>La garant\u00eda de todos nuestros productos es de 3 a\u00f1os, para funcionamiento, duraci\u00f3n del esmaltado y anticorrosi\u00f3n.<\/p>\n<p>Recomendamos para un correcto mantenimiento de la grifer\u00eda y evitar el deterioro por el uso. Secar las gotas de agua con un pa\u00f1o suave despu\u00e9s del uso, evitando que se posen en la superficie y deterioran el acabado, no utilizar esponjas que puedan rayar la grifer\u00eda, utilizar limpiadores como vinagre limpieza, agua caliente y jab\u00f3n con ph neutro.<\/p>\n<p>&nbsp;<\/p>\n<p><strong>Nuestro departamento\u00a0t\u00e9cnico\u00a0dispone de\u00a0gu\u00edas\u00a0de todos los\u00a0modelos\u00a0empotrados\u00a0que vendemos<\/strong><strong>,\u00a0si tiene alguna duda con la\u00a0instalaci\u00f3n\u00a0contacte con nosotros mediante\u00a0tel\u00e9fono,\u00a0WhatsApp\u00a0o email dentro del horario laboral indicado en la web.<\/strong><\/p>\n<p><strong>Recuerden que una vez instalado el cuerpo\u00a0empotrado\u00a0de la\u00a0grifer\u00eda\u00a0revisar de su correcto funcionamiento de paso de agua, comprobaci\u00f3n de cartuchos y corte de agua, si detecta alguna\u00a0anomal\u00eda\u00a0informe a nuestro\u00a0departamento\u00a0para darle una\u00a0soluci\u00f3n, no\u00a0contin\u00fae\u00a0con la\u00a0instalaci\u00f3n\u00a0de cerramiento de la pared.<\/strong><\/p>\n","protected":false},"featured_media":800,"template":"","meta":[],"product_brand":[],"product_cat":[57,47],"product_tag":[],"serie":[65],"manual-de-instalacion":[78],"color":[27],"class_list":{"0":"post-803","1":"product","2":"type-product","3":"status-publish","4":"has-post-thumbnail","6":"product_cat-duchas-empotradas","7":"product_cat-duchas","8":"pa_tamano-rociador-20cm","9":"pa_tamano-rociador-25cm","10":"pa_tamano-rociador-30cm","11":"pa_tamano-rociador-40cm","12":"serie-tormes","13":"manual-de-instalacion-guia-instalacion-duchas-empotradas-monomando","14":"color-negro-mate","16":"first","17":"instock","18":"taxable","19":"shipping-taxable","20":"product-type-variable"},"_links":{"self":[{"href":"https:\/\/www.valaz.es\/en\/wp-json\/wp\/v2\/product\/803","targetHints":{"allow":["GET"]}}],"collection":[{"href":"https:\/\/www.valaz.es\/en\/wp-json\/wp\/v2\/product"}],"about":[{"href":"https:\/\/www.valaz.es\/en\/wp-json\/wp\/v2\/types\/product"}],"wp:featuredmedia":[{"embeddable":true,"href":"https:\/\/www.valaz.es\/en\/wp-json\/wp\/v2\/media\/800"}],"wp:attachment":[{"href":"https:\/\/www.valaz.es\/en\/wp-json\/wp\/v2\/media?parent=803"}],"wp:term":[{"taxonomy":"product_brand","embeddable":true,"href":"https:\/\/www.valaz.es\/en\/wp-json\/wp\/v2\/product_brand?post=803"},{"taxonomy":"product_cat","embeddable":true,"href":"https:\/\/www.valaz.es\/en\/wp-json\/wp\/v2\/product_cat?post=803"},{"taxonomy":"product_tag","embeddable":true,"href":"https:\/\/www.valaz.es\/en\/wp-json\/wp\/v2\/product_tag?post=803"},{"taxonomy":"serie","embeddable":true,"href":"https:\/\/www.valaz.es\/en\/wp-json\/wp\/v2\/serie?post=803"},{"taxonomy":"manual-de-instalacion","embeddable":true,"href":"https:\/\/www.valaz.es\/en\/wp-json\/wp\/v2\/manual-de-instalacion?post=803"},{"taxonomy":"color","embeddable":true,"href":"https:\/\/www.valaz.es\/en\/wp-json\/wp\/v2\/color?post=803"}],"curies":[{"name":"wp","href":"https:\/\/api.w.org\/{rel}","templated":true}]}}