{"id":786,"date":"2022-11-14T13:03:01","date_gmt":"2022-11-14T12:03:01","guid":{"rendered":"https:\/\/www.valaz.es\/?post_type=product&#038;p=786"},"modified":"2025-09-03T13:54:30","modified_gmt":"2025-09-03T11:54:30","slug":"grifo-totem-de-lavabo-exenta-banera-cromado-monomando-serie-ebro","status":"publish","type":"product","link":"https:\/\/www.valaz.es\/en\/product\/grifo-totem-de-lavabo-exenta-banera-cromado-monomando-serie-ebro\/","title":{"rendered":"Grifo t\u00f3tem de lavabo exenta\/ ba\u00f1era cromado monomando &#8211; Serie Ebro"},"content":{"rendered":"<p class=\"\" data-start=\"72\" data-end=\"418\">El grifo t\u00f3tem monomando de la Serie Ebro est\u00e1 dise\u00f1ado para lavabos o ba\u00f1eras exentas, aportando un estilo sofisticado y minimalista al ba\u00f1o. Su estructura vertical y su acabado cromado lo convierten en el centro de todas las miradas, mientras que su ca\u00f1o giratorio de 360\u00b0 garantiza funcionalidad y comodidad en el uso diario.<\/p>\n<p class=\"\" data-start=\"420\" data-end=\"442\"><strong data-start=\"420\" data-end=\"440\">Especificaciones<\/strong><\/p>\n<ul data-start=\"443\" data-end=\"748\">\n<li class=\"\" data-start=\"443\" data-end=\"494\">\n<p class=\"\" data-start=\"445\" data-end=\"494\"><strong data-start=\"445\" data-end=\"469\">Tipo de instalaci\u00f3n:<\/strong> Grifo de suelo (t\u00f3tem)<\/p>\n<\/li>\n<li class=\"\" data-start=\"495\" data-end=\"537\">\n<p class=\"\" data-start=\"497\" data-end=\"537\"><strong data-start=\"497\" data-end=\"512\">Aplicaci\u00f3n:<\/strong> Lavabo o ba\u00f1era exenta<\/p>\n<\/li>\n<li class=\"\" data-start=\"538\" data-end=\"570\">\n<p class=\"\" data-start=\"540\" data-end=\"570\"><strong data-start=\"540\" data-end=\"558\">Tipo de grifo:<\/strong> Monomando<\/p>\n<\/li>\n<li class=\"\" data-start=\"571\" data-end=\"594\">\n<p class=\"\" data-start=\"573\" data-end=\"594\"><strong data-start=\"573\" data-end=\"586\">Material:<\/strong> Lat\u00f3n<\/p>\n<\/li>\n<li class=\"\" data-start=\"595\" data-end=\"619\">\n<p class=\"\" data-start=\"597\" data-end=\"619\"><strong data-start=\"597\" data-end=\"609\">Acabado:<\/strong> Cromado<\/p>\n<\/li>\n<li class=\"\" data-start=\"620\" data-end=\"648\">\n<p class=\"\" data-start=\"622\" data-end=\"648\"><strong data-start=\"622\" data-end=\"631\">Ca\u00f1o:<\/strong> Giratorio 360\u00b0<\/p>\n<\/li>\n<li class=\"\" data-start=\"649\" data-end=\"686\">\n<p class=\"\" data-start=\"651\" data-end=\"686\"><strong data-start=\"651\" data-end=\"668\">Altura total:<\/strong> 120 cm (1,20 m)<\/p>\n<\/li>\n<li class=\"\" data-start=\"687\" data-end=\"748\">\n<p class=\"\" data-start=\"689\" data-end=\"748\"><strong data-start=\"689\" data-end=\"716\">Dimensiones de la base:<\/strong> 16 cm de ancho x 5 cm de alto<\/p>\n<\/li>\n<\/ul>\n","protected":false},"excerpt":{"rendered":"<p>Serie Ebro es la cl\u00e1sica redonda que nos aportan elegancia y bienestar, perfecta para todo tipo de ba\u00f1os. \u00a0Disponemos de diferentes acabados cromados, acero cepillado, dorado cepillado, negro mate. Cuenta con barras de ducha\/ba\u00f1era, grifo de lavabo, grifo para pica , grifo de bid\u00e9, en la que encontraras grifos de ba\u00f1era exenta y t\u00f3tem.<\/p>\n<p>La garant\u00eda de todos nuestros productos es de 3 a\u00f1os, para funcionamiento, duraci\u00f3n del esmaltado y anticorrosi\u00f3n.<\/p>\n<p>Recomendamos para un correcto mantenimiento de la grifer\u00eda y evitar el deterioro por el uso. Secar las gotas de agua con un pa\u00f1o suave despu\u00e9s del uso, evitando que se posen en la superficie y deterioran el acabado, no utilizar esponjas que puedan rayar la grifer\u00eda, utilizar limpiadores como vinagre limpieza, agua caliente y jab\u00f3n con ph neutro.<\/p>\n<p>&nbsp;<\/p>\n<p><strong>Nuestro departamento\u00a0t\u00e9cnico\u00a0dispone de\u00a0gu\u00edas\u00a0de todos los\u00a0modelos\u00a0empotrados\u00a0que vendemos<\/strong><strong>,\u00a0si tiene alguna duda con la\u00a0instalaci\u00f3n\u00a0contacte con nosotros mediante\u00a0tel\u00e9fono,\u00a0WhatsApp\u00a0o email dentro del horario laboral indicado en la web.<\/strong><\/p>\n<p><strong>Recuerden que una vez instalado el cuerpo\u00a0empotrado\u00a0de la\u00a0grifer\u00eda\u00a0revisar de su correcto funcionamiento de paso de agua, comprobaci\u00f3n de cartuchos y corte de agua, si detecta alguna\u00a0anomal\u00eda\u00a0informe a nuestro\u00a0departamento\u00a0para darle una\u00a0soluci\u00f3n, no\u00a0contin\u00fae\u00a0con la\u00a0instalaci\u00f3n\u00a0de cerramiento de la pared.<\/strong><\/p>\n","protected":false},"featured_media":1004,"template":"","meta":[],"product_brand":[],"product_cat":[49],"product_tag":[],"serie":[24],"manual-de-instalacion":[84],"color":[26],"class_list":{"0":"post-786","1":"product","2":"type-product","3":"status-publish","4":"has-post-thumbnail","6":"product_cat-grifos-de-banera-exenta","7":"serie-ebro","8":"manual-de-instalacion-guia-instalacion-grifo-exenta","9":"color-cromo","11":"first","12":"instock","13":"taxable","14":"shipping-taxable","15":"product-type-simple"},"_links":{"self":[{"href":"https:\/\/www.valaz.es\/en\/wp-json\/wp\/v2\/product\/786","targetHints":{"allow":["GET"]}}],"collection":[{"href":"https:\/\/www.valaz.es\/en\/wp-json\/wp\/v2\/product"}],"about":[{"href":"https:\/\/www.valaz.es\/en\/wp-json\/wp\/v2\/types\/product"}],"wp:featuredmedia":[{"embeddable":true,"href":"https:\/\/www.valaz.es\/en\/wp-json\/wp\/v2\/media\/1004"}],"wp:attachment":[{"href":"https:\/\/www.valaz.es\/en\/wp-json\/wp\/v2\/media?parent=786"}],"wp:term":[{"taxonomy":"product_brand","embeddable":true,"href":"https:\/\/www.valaz.es\/en\/wp-json\/wp\/v2\/product_brand?post=786"},{"taxonomy":"product_cat","embeddable":true,"href":"https:\/\/www.valaz.es\/en\/wp-json\/wp\/v2\/product_cat?post=786"},{"taxonomy":"product_tag","embeddable":true,"href":"https:\/\/www.valaz.es\/en\/wp-json\/wp\/v2\/product_tag?post=786"},{"taxonomy":"serie","embeddable":true,"href":"https:\/\/www.valaz.es\/en\/wp-json\/wp\/v2\/serie?post=786"},{"taxonomy":"manual-de-instalacion","embeddable":true,"href":"https:\/\/www.valaz.es\/en\/wp-json\/wp\/v2\/manual-de-instalacion?post=786"},{"taxonomy":"color","embeddable":true,"href":"https:\/\/www.valaz.es\/en\/wp-json\/wp\/v2\/color?post=786"}],"curies":[{"name":"wp","href":"https:\/\/api.w.org\/{rel}","templated":true}]}}