{"id":727,"date":"2022-11-11T11:27:19","date_gmt":"2022-11-11T10:27:19","guid":{"rendered":"https:\/\/www.valaz.es\/?post_type=product&#038;p=727"},"modified":"2026-03-28T08:51:38","modified_gmt":"2026-03-28T07:51:38","slug":"grifo-de-lavabo-alto-pica-monomando-cano-recto-cromado-serie-palancia","status":"publish","type":"product","link":"https:\/\/www.valaz.es\/en\/product\/grifo-de-lavabo-alto-pica-monomando-cano-recto-cromado-serie-palancia\/","title":{"rendered":"Grifo de lavabo alto para pica monomando ca\u00f1o recto cromado &#8211; Serie palancia"},"content":{"rendered":"<p class=\"\" data-start=\"82\" data-end=\"394\">Este grifo de lavabo alto para pica de la Serie Palancia combina funcionalidad y dise\u00f1o con su ca\u00f1o recto y acabado cromado. Ideal para picas de lavabo modernas, su sistema monomando permite un control preciso de la temperatura y el caudal del agua, proporcionando comodidad y estilo a tu ba\u00f1o.<\/p>\n<p class=\"\" data-start=\"396\" data-end=\"418\"><strong data-start=\"396\" data-end=\"416\">Especificaciones<\/strong><\/p>\n<ul data-start=\"419\" data-end=\"599\">\n<li class=\"\" data-start=\"419\" data-end=\"451\">\n<p class=\"\" data-start=\"421\" data-end=\"451\"><strong data-start=\"421\" data-end=\"439\">Tipo de grifo:<\/strong> Monomando<\/p>\n<\/li>\n<li class=\"\" data-start=\"452\" data-end=\"486\">\n<p class=\"\" data-start=\"454\" data-end=\"486\"><strong data-start=\"454\" data-end=\"478\">Material del cuerpo:<\/strong> Lat\u00f3n<\/p>\n<\/li>\n<li class=\"\" data-start=\"487\" data-end=\"511\">\n<p class=\"\" data-start=\"489\" data-end=\"511\"><strong data-start=\"489\" data-end=\"501\">Acabado:<\/strong> Cromado<\/p>\n<\/li>\n<li class=\"\" data-start=\"512\" data-end=\"539\">\n<p class=\"\" data-start=\"514\" data-end=\"539\"><strong data-start=\"514\" data-end=\"531\">Tipo de ca\u00f1o:<\/strong> Recto<\/p>\n<\/li>\n<li class=\"\" data-start=\"540\" data-end=\"572\">\n<p class=\"\" data-start=\"542\" data-end=\"572\"><strong data-start=\"542\" data-end=\"570\">Apto para pica de lavabo<\/strong><\/p>\n<\/li>\n<li class=\"\" data-start=\"573\" data-end=\"599\">\n<p class=\"\" data-start=\"575\" data-end=\"599\"><strong data-start=\"575\" data-end=\"588\">Cartucho:<\/strong> Cer\u00e1mico<\/p>\n<\/li>\n<\/ul>\n","protected":false},"excerpt":{"rendered":"<p>Serie Palancia es la cl\u00e1sica redonda que nos aportan confort, elegancia y bienestar, perfecta para todo tipo de ba\u00f1os. Disponemos de diferentes acabados cromados, acero cepillado, dorado cepillado, negro mate. Cuenta con barras de ducha\/ba\u00f1era, grifo de lavabo, grifo para pica , grifo de bid\u00e9, generando tambi\u00e9n una combinaci\u00f3n perfecta con la serie Ebro en la que encontraras grifos de ba\u00f1era exenta y t\u00f3tem.<\/p>\n<p>La garant\u00eda de todos nuestros productos es de 3 a\u00f1os, para funcionamiento, duraci\u00f3n del esmaltado y anticorrosi\u00f3n.<\/p>\n<p>Recomendamos para un correcto mantenimiento de la grifer\u00eda y evitar el deterioro por el uso. Secar las gotas de agua con un pa\u00f1o suave despu\u00e9s del uso, evitando que se posen en la superficie y deterioran el acabado, no utilizar esponjas que puedan rayar la grifer\u00eda, utilizar limpiadores como vinagre limpieza, agua caliente y jab\u00f3n con ph neutro.<\/p>\n<p>&nbsp;<\/p>\n<p><strong>Nuestro departamento\u00a0t\u00e9cnico\u00a0dispone de\u00a0gu\u00edas\u00a0de todos los\u00a0modelos\u00a0empotrados\u00a0que vendemos<\/strong><strong>,\u00a0si tiene alguna duda con la\u00a0instalaci\u00f3n\u00a0contacte con nosotros mediante\u00a0tel\u00e9fono,\u00a0WhatsApp\u00a0o email dentro del horario laboral indicado en la web.<\/strong><\/p>\n<p><strong>Recuerden que una vez instalado el cuerpo\u00a0empotrado\u00a0de la\u00a0grifer\u00eda\u00a0revisar de su correcto funcionamiento de paso de agua, comprobaci\u00f3n de cartuchos y corte de agua, si detecta alguna\u00a0anomal\u00eda\u00a0informe a nuestro\u00a0departamento\u00a0para darle una\u00a0soluci\u00f3n, no\u00a0contin\u00fae\u00a0con la\u00a0instalaci\u00f3n\u00a0de cerramiento de la pared.<\/strong><\/p>\n<p>&nbsp;<\/p>\n","protected":false},"featured_media":718,"template":"","meta":[],"product_brand":[],"product_cat":[48],"product_tag":[],"serie":[37],"manual-de-instalacion":[83],"color":[26],"class_list":{"0":"post-727","1":"product","2":"type-product","3":"status-publish","4":"has-post-thumbnail","6":"product_cat-grifos-de-lavabo","7":"serie-palancia","8":"manual-de-instalacion-guia-instalacion-grifo-superficie","9":"color-cromo","11":"first","12":"instock","13":"taxable","14":"shipping-taxable","15":"product-type-simple"},"_links":{"self":[{"href":"https:\/\/www.valaz.es\/en\/wp-json\/wp\/v2\/product\/727","targetHints":{"allow":["GET"]}}],"collection":[{"href":"https:\/\/www.valaz.es\/en\/wp-json\/wp\/v2\/product"}],"about":[{"href":"https:\/\/www.valaz.es\/en\/wp-json\/wp\/v2\/types\/product"}],"wp:featuredmedia":[{"embeddable":true,"href":"https:\/\/www.valaz.es\/en\/wp-json\/wp\/v2\/media\/718"}],"wp:attachment":[{"href":"https:\/\/www.valaz.es\/en\/wp-json\/wp\/v2\/media?parent=727"}],"wp:term":[{"taxonomy":"product_brand","embeddable":true,"href":"https:\/\/www.valaz.es\/en\/wp-json\/wp\/v2\/product_brand?post=727"},{"taxonomy":"product_cat","embeddable":true,"href":"https:\/\/www.valaz.es\/en\/wp-json\/wp\/v2\/product_cat?post=727"},{"taxonomy":"product_tag","embeddable":true,"href":"https:\/\/www.valaz.es\/en\/wp-json\/wp\/v2\/product_tag?post=727"},{"taxonomy":"serie","embeddable":true,"href":"https:\/\/www.valaz.es\/en\/wp-json\/wp\/v2\/serie?post=727"},{"taxonomy":"manual-de-instalacion","embeddable":true,"href":"https:\/\/www.valaz.es\/en\/wp-json\/wp\/v2\/manual-de-instalacion?post=727"},{"taxonomy":"color","embeddable":true,"href":"https:\/\/www.valaz.es\/en\/wp-json\/wp\/v2\/color?post=727"}],"curies":[{"name":"wp","href":"https:\/\/api.w.org\/{rel}","templated":true}]}}