{"id":726,"date":"2022-11-11T11:26:52","date_gmt":"2022-11-11T10:26:52","guid":{"rendered":"https:\/\/www.valaz.es\/?post_type=product&#038;p=726"},"modified":"2025-11-18T14:54:24","modified_gmt":"2025-11-18T13:54:24","slug":"grifo-de-bidet-monomando-redondo-cano-recto-dorado-cepillado-serie-palancia","status":"publish","type":"product","link":"https:\/\/www.valaz.es\/en\/product\/grifo-de-bidet-monomando-redondo-cano-recto-dorado-cepillado-serie-palancia\/","title":{"rendered":"Grifo de bidet monomando redondo ca\u00f1o recto dorado cepillado &#8211; Serie Palancia"},"content":{"rendered":"<p class=\"\" data-start=\"83\" data-end=\"381\">Este grifo de bidet monomando de la Serie Palancia presenta un dise\u00f1o redondo con ca\u00f1o recto y un elegante acabado dorado cepillado. Su tecnolog\u00eda monomando permite un ajuste f\u00e1cil y preciso de la temperatura y el caudal del agua, ideal para un uso c\u00f3modo y eficiente en tu bidet.<\/p>\n<p class=\"\" data-start=\"383\" data-end=\"405\"><strong data-start=\"383\" data-end=\"403\">Especificaciones<\/strong><\/p>\n<ul data-start=\"406\" data-end=\"586\">\n<li class=\"\" data-start=\"406\" data-end=\"438\">\n<p class=\"\" data-start=\"408\" data-end=\"438\"><strong data-start=\"408\" data-end=\"426\">Tipo de grifo:<\/strong> Monomando<\/p>\n<\/li>\n<li class=\"\" data-start=\"439\" data-end=\"473\">\n<p class=\"\" data-start=\"441\" data-end=\"473\"><strong data-start=\"441\" data-end=\"465\">Material del cuerpo:<\/strong> Lat\u00f3n<\/p>\n<\/li>\n<li class=\"\" data-start=\"474\" data-end=\"507\">\n<p class=\"\" data-start=\"476\" data-end=\"507\"><strong data-start=\"476\" data-end=\"488\">Acabado:<\/strong> Dorado cepillado<\/p>\n<\/li>\n<li class=\"\" data-start=\"508\" data-end=\"535\">\n<p class=\"\" data-start=\"510\" data-end=\"535\"><strong data-start=\"510\" data-end=\"527\">Tipo de ca\u00f1o:<\/strong> Recto<\/p>\n<\/li>\n<li class=\"\" data-start=\"536\" data-end=\"559\">\n<p class=\"\" data-start=\"538\" data-end=\"559\"><strong data-start=\"538\" data-end=\"557\">Apto para bidet<\/strong><\/p>\n<\/li>\n<li class=\"\" data-start=\"560\" data-end=\"586\">\n<p class=\"\" data-start=\"562\" data-end=\"586\"><strong data-start=\"562\" data-end=\"575\">Cartucho:<\/strong> Cer\u00e1mico<\/p>\n<\/li>\n<\/ul>\n","protected":false},"excerpt":{"rendered":"<p>Serie Palancia es la cl\u00e1sica redonda que nos aportan confort, elegancia y bienestar, perfecta para todo tipo de ba\u00f1os. Disponemos de diferentes acabados cromados, acero cepillado, dorado cepillado, negro mate. Cuenta con barras de ducha\/ba\u00f1era, grifo de lavabo, grifo para pica , grifo de bid\u00e9, generando tambi\u00e9n una combinaci\u00f3n perfecta con la serie Ebro en la que encontraras grifos de ba\u00f1era exenta y t\u00f3tem.<\/p>\n<p>La garant\u00eda de todos nuestros productos es de 3 a\u00f1os, para funcionamiento, duraci\u00f3n del esmaltado y anticorrosi\u00f3n.<\/p>\n<p>Recomendamos para un correcto mantenimiento de la grifer\u00eda y evitar el deterioro por el uso. Secar las gotas de agua con un pa\u00f1o suave despu\u00e9s del uso, evitando que se posen en la superficie y deterioran el acabado, no utilizar esponjas que puedan rayar la grifer\u00eda, utilizar limpiadores como vinagre limpieza, agua caliente y jab\u00f3n con ph neutro.<\/p>\n<p>&nbsp;<\/p>\n<p><strong>Nuestro departamento\u00a0t\u00e9cnico\u00a0dispone de\u00a0gu\u00edas\u00a0de todos los\u00a0modelos\u00a0empotrados\u00a0que vendemos<\/strong><strong>,\u00a0si tiene alguna duda con la\u00a0instalaci\u00f3n\u00a0contacte con nosotros mediante\u00a0tel\u00e9fono,\u00a0WhatsApp\u00a0o email dentro del horario laboral indicado en la web.<\/strong><\/p>\n<p><strong>Recuerden que una vez instalado el cuerpo\u00a0empotrado\u00a0de la\u00a0grifer\u00eda\u00a0revisar de su correcto funcionamiento de paso de agua, comprobaci\u00f3n de cartuchos y corte de agua, si detecta alguna\u00a0anomal\u00eda\u00a0informe a nuestro\u00a0departamento\u00a0para darle una\u00a0soluci\u00f3n, no\u00a0contin\u00fae\u00a0con la\u00a0instalaci\u00f3n\u00a0de cerramiento de la pared.<\/strong><\/p>\n<p>&nbsp;<\/p>\n","protected":false},"featured_media":6699,"template":"","meta":[],"product_brand":[],"product_cat":[54],"product_tag":[],"serie":[37],"manual-de-instalacion":[83],"color":[34],"class_list":{"0":"post-726","1":"product","2":"type-product","3":"status-publish","4":"has-post-thumbnail","6":"product_cat-grifos-de-bidet","7":"serie-palancia","8":"manual-de-instalacion-guia-instalacion-grifo-superficie","9":"color-dorado-cepillado","11":"first","12":"instock","13":"taxable","14":"shipping-taxable","15":"product-type-simple"},"_links":{"self":[{"href":"https:\/\/www.valaz.es\/en\/wp-json\/wp\/v2\/product\/726","targetHints":{"allow":["GET"]}}],"collection":[{"href":"https:\/\/www.valaz.es\/en\/wp-json\/wp\/v2\/product"}],"about":[{"href":"https:\/\/www.valaz.es\/en\/wp-json\/wp\/v2\/types\/product"}],"wp:featuredmedia":[{"embeddable":true,"href":"https:\/\/www.valaz.es\/en\/wp-json\/wp\/v2\/media\/6699"}],"wp:attachment":[{"href":"https:\/\/www.valaz.es\/en\/wp-json\/wp\/v2\/media?parent=726"}],"wp:term":[{"taxonomy":"product_brand","embeddable":true,"href":"https:\/\/www.valaz.es\/en\/wp-json\/wp\/v2\/product_brand?post=726"},{"taxonomy":"product_cat","embeddable":true,"href":"https:\/\/www.valaz.es\/en\/wp-json\/wp\/v2\/product_cat?post=726"},{"taxonomy":"product_tag","embeddable":true,"href":"https:\/\/www.valaz.es\/en\/wp-json\/wp\/v2\/product_tag?post=726"},{"taxonomy":"serie","embeddable":true,"href":"https:\/\/www.valaz.es\/en\/wp-json\/wp\/v2\/serie?post=726"},{"taxonomy":"manual-de-instalacion","embeddable":true,"href":"https:\/\/www.valaz.es\/en\/wp-json\/wp\/v2\/manual-de-instalacion?post=726"},{"taxonomy":"color","embeddable":true,"href":"https:\/\/www.valaz.es\/en\/wp-json\/wp\/v2\/color?post=726"}],"curies":[{"name":"wp","href":"https:\/\/api.w.org\/{rel}","templated":true}]}}