{"id":7128,"date":"2025-01-24T13:56:50","date_gmt":"2025-01-24T12:56:50","guid":{"rendered":"https:\/\/www.valaz.es\/?post_type=product&#038;p=7128"},"modified":"2026-04-09T15:49:16","modified_gmt":"2026-04-09T13:49:16","slug":"grifo-lavabo-empotrado-redondo-monomando-cromado-cano-fino-de-26-cm-y-fijo-serie-deva","status":"publish","type":"product","link":"https:\/\/www.valaz.es\/en\/product\/grifo-lavabo-empotrado-redondo-monomando-cromado-cano-fino-de-26-cm-y-fijo-serie-deva\/","title":{"rendered":"Grifo lavabo empotrado redondo monomando cromado ca\u00f1o fino de 26 cm y fijo &#8211; Serie Deva"},"content":{"rendered":"<p class=\"\" data-start=\"95\" data-end=\"248\">Grifo empotrado con dise\u00f1o elegante y minimalista, ideal para ba\u00f1os modernos. Su ca\u00f1o fino y fijo de 26 cm ofrece una est\u00e9tica sofisticada y funcional.<\/p>\n<h5 class=\"\" data-start=\"250\" data-end=\"275\">Especificaciones:<\/h5>\n<ul data-start=\"276\" data-end=\"488\" data-is-last-node=\"\" data-is-only-node=\"\">\n<li class=\"\" data-start=\"276\" data-end=\"299\">\n<p class=\"\" data-start=\"278\" data-end=\"299\"><strong data-start=\"278\" data-end=\"291\">Material:<\/strong> Lat\u00f3n<\/p>\n<\/li>\n<li class=\"\" data-start=\"300\" data-end=\"322\">\n<p class=\"\" data-start=\"302\" data-end=\"322\"><strong data-start=\"302\" data-end=\"314\">Acabado:<\/strong> Cromo<\/p>\n<\/li>\n<li class=\"\" data-start=\"323\" data-end=\"346\">\n<p class=\"\" data-start=\"325\" data-end=\"346\"><strong data-start=\"325\" data-end=\"334\">Tipo:<\/strong> Monomando<\/p>\n<\/li>\n<li class=\"\" data-start=\"347\" data-end=\"373\">\n<p class=\"\" data-start=\"349\" data-end=\"373\"><strong data-start=\"349\" data-end=\"362\">Cartucho:<\/strong> Cer\u00e1mico<\/p>\n<\/li>\n<li class=\"\" data-start=\"374\" data-end=\"404\">\n<p class=\"\" data-start=\"376\" data-end=\"404\"><strong data-start=\"376\" data-end=\"392\">Instalaci\u00f3n:<\/strong> Empotrada<\/p>\n<\/li>\n<li class=\"\" data-start=\"405\" data-end=\"457\">\n<p class=\"\" data-start=\"407\" data-end=\"457\"><strong data-start=\"407\" data-end=\"421\">Funciones:<\/strong> Mezclador de agua fr\u00eda y caliente<\/p>\n<\/li>\n<li class=\"\" data-start=\"458\" data-end=\"488\">\n<p class=\"\" data-start=\"460\" data-end=\"488\"><strong data-start=\"460\" data-end=\"482\">Longitud del ca\u00f1o:<\/strong> 26 cm<\/p>\n<\/li>\n<\/ul>\n","protected":false},"excerpt":{"rendered":"<p>Grifo empotrado con dise\u00f1o elegante y minimalista, ideal para ba\u00f1os  [&#8230;]<\/p>\n","protected":false},"featured_media":20574,"template":"","meta":[],"product_brand":[],"product_cat":[58],"product_tag":[],"serie":[347],"manual-de-instalacion":[81],"color":[26],"class_list":{"0":"post-7128","1":"product","2":"type-product","3":"status-publish","4":"has-post-thumbnail","6":"product_cat-grifos-de-lavabo-empotrados","7":"serie-deva","8":"manual-de-instalacion-guia-instalacion-grifo-lavabo-empotrado-sin-caja","9":"color-cromo","11":"first","12":"instock","13":"taxable","14":"shipping-taxable","15":"product-type-simple"},"_links":{"self":[{"href":"https:\/\/www.valaz.es\/en\/wp-json\/wp\/v2\/product\/7128","targetHints":{"allow":["GET"]}}],"collection":[{"href":"https:\/\/www.valaz.es\/en\/wp-json\/wp\/v2\/product"}],"about":[{"href":"https:\/\/www.valaz.es\/en\/wp-json\/wp\/v2\/types\/product"}],"wp:featuredmedia":[{"embeddable":true,"href":"https:\/\/www.valaz.es\/en\/wp-json\/wp\/v2\/media\/20574"}],"wp:attachment":[{"href":"https:\/\/www.valaz.es\/en\/wp-json\/wp\/v2\/media?parent=7128"}],"wp:term":[{"taxonomy":"product_brand","embeddable":true,"href":"https:\/\/www.valaz.es\/en\/wp-json\/wp\/v2\/product_brand?post=7128"},{"taxonomy":"product_cat","embeddable":true,"href":"https:\/\/www.valaz.es\/en\/wp-json\/wp\/v2\/product_cat?post=7128"},{"taxonomy":"product_tag","embeddable":true,"href":"https:\/\/www.valaz.es\/en\/wp-json\/wp\/v2\/product_tag?post=7128"},{"taxonomy":"serie","embeddable":true,"href":"https:\/\/www.valaz.es\/en\/wp-json\/wp\/v2\/serie?post=7128"},{"taxonomy":"manual-de-instalacion","embeddable":true,"href":"https:\/\/www.valaz.es\/en\/wp-json\/wp\/v2\/manual-de-instalacion?post=7128"},{"taxonomy":"color","embeddable":true,"href":"https:\/\/www.valaz.es\/en\/wp-json\/wp\/v2\/color?post=7128"}],"curies":[{"name":"wp","href":"https:\/\/api.w.org\/{rel}","templated":true}]}}