{"id":711,"date":"2022-11-11T11:24:58","date_gmt":"2022-11-11T10:24:58","guid":{"rendered":"https:\/\/www.valaz.es\/?post_type=product&#038;p=711"},"modified":"2026-04-07T17:00:52","modified_gmt":"2026-04-07T15:00:52","slug":"grifo-de-lavabo-monomando-redondo-cano-recto-cromado-serie-palancia","status":"publish","type":"product","link":"https:\/\/www.valaz.es\/en\/product\/grifo-de-lavabo-monomando-redondo-cano-recto-cromado-serie-palancia\/","title":{"rendered":"Grifo de lavabo monomando redondo ca\u00f1o recto cromado &#8211; Serie Palancia"},"content":{"rendered":"<p class=\"\" data-start=\"75\" data-end=\"373\">Este grifo de lavabo monomando de la Serie Palancia ofrece un dise\u00f1o moderno con un ca\u00f1o recto y un acabado cromado brillante. Su mecanismo monomando permite un ajuste sencillo y preciso de la temperatura y el caudal del agua, aportando comodidad y funcionalidad en el uso diario.<\/p>\n<p class=\"\" data-start=\"375\" data-end=\"397\"><strong data-start=\"375\" data-end=\"395\">Especificaciones<\/strong><\/p>\n<ul data-start=\"398\" data-end=\"570\">\n<li class=\"\" data-start=\"398\" data-end=\"430\">\n<p class=\"\" data-start=\"400\" data-end=\"430\"><strong data-start=\"400\" data-end=\"418\">Tipo de grifo:<\/strong> Monomando<\/p>\n<\/li>\n<li class=\"\" data-start=\"431\" data-end=\"465\">\n<p class=\"\" data-start=\"433\" data-end=\"465\"><strong data-start=\"433\" data-end=\"457\">Material del cuerpo:<\/strong> Lat\u00f3n<\/p>\n<\/li>\n<li class=\"\" data-start=\"466\" data-end=\"490\">\n<p class=\"\" data-start=\"468\" data-end=\"490\"><strong data-start=\"468\" data-end=\"480\">Acabado:<\/strong> Cromado<\/p>\n<\/li>\n<li class=\"\" data-start=\"491\" data-end=\"518\">\n<p class=\"\" data-start=\"493\" data-end=\"518\"><strong data-start=\"493\" data-end=\"510\">Tipo de ca\u00f1o:<\/strong> Recto<\/p>\n<\/li>\n<li class=\"\" data-start=\"519\" data-end=\"545\">\n<p class=\"\" data-start=\"521\" data-end=\"545\"><strong data-start=\"521\" data-end=\"534\">Cartucho:<\/strong> Cer\u00e1mico<\/p>\n<\/li>\n<li class=\"\" data-start=\"546\" data-end=\"570\">\n<p class=\"\" data-start=\"548\" data-end=\"570\"><strong data-start=\"548\" data-end=\"568\">Apto para lavabo<\/strong><\/p>\n<\/li>\n<\/ul>\n","protected":false},"excerpt":{"rendered":"<p>Serie Palancia es la cl\u00e1sica redonda que nos aportan confort, elegancia y bienestar, perfecta para todo tipo de ba\u00f1os. Disponemos de diferentes acabados cromados, acero cepillado, dorado cepillado, negro mate. Cuenta con barras de ducha\/ba\u00f1era, grifo de lavabo, grifo para pica , grifo de bid\u00e9, generando tambi\u00e9n una combinaci\u00f3n perfecta con la serie Ebro en la que encontraras grifos de ba\u00f1era exenta y t\u00f3tem.<\/p>\n<p>La garant\u00eda de todos nuestros productos es de 3 a\u00f1os, para funcionamiento, duraci\u00f3n del esmaltado y anticorrosi\u00f3n.<\/p>\n<p>Recomendamos para un correcto mantenimiento de la grifer\u00eda y evitar el deterioro por el uso. Secar las gotas de agua con un pa\u00f1o suave despu\u00e9s del uso, evitando que se posen en la superficie y deterioran el acabado, no utilizar esponjas que puedan rayar la grifer\u00eda, utilizar limpiadores como vinagre limpieza, agua caliente y jab\u00f3n con ph neutro.<\/p>\n<p>&nbsp;<\/p>\n<p><strong>Nuestro departamento\u00a0t\u00e9cnico\u00a0dispone de\u00a0gu\u00edas\u00a0de todos los\u00a0modelos\u00a0empotrados\u00a0que vendemos<\/strong><strong>,\u00a0si tiene alguna duda con la\u00a0instalaci\u00f3n\u00a0contacte con nosotros mediante\u00a0tel\u00e9fono,\u00a0WhatsApp\u00a0o email dentro del horario laboral indicado en la web.<\/strong><\/p>\n<p><strong>Recuerden que una vez instalado el cuerpo\u00a0empotrado\u00a0de la\u00a0grifer\u00eda\u00a0revisar de su correcto funcionamiento de paso de agua, comprobaci\u00f3n de cartuchos y corte de agua, si detecta alguna\u00a0anomal\u00eda\u00a0informe a nuestro\u00a0departamento\u00a0para darle una\u00a0soluci\u00f3n, no\u00a0contin\u00fae\u00a0con la\u00a0instalaci\u00f3n\u00a0de cerramiento de la pared.<\/strong><\/p>\n<p>&nbsp;<\/p>\n","protected":false},"featured_media":717,"template":"","meta":[],"product_brand":[],"product_cat":[48],"product_tag":[],"serie":[37],"manual-de-instalacion":[83],"color":[26],"class_list":{"0":"post-711","1":"product","2":"type-product","3":"status-publish","4":"has-post-thumbnail","6":"product_cat-grifos-de-lavabo","7":"serie-palancia","8":"manual-de-instalacion-guia-instalacion-grifo-superficie","9":"color-cromo","11":"first","12":"outofstock","13":"taxable","14":"shipping-taxable","15":"product-type-simple"},"_links":{"self":[{"href":"https:\/\/www.valaz.es\/en\/wp-json\/wp\/v2\/product\/711","targetHints":{"allow":["GET"]}}],"collection":[{"href":"https:\/\/www.valaz.es\/en\/wp-json\/wp\/v2\/product"}],"about":[{"href":"https:\/\/www.valaz.es\/en\/wp-json\/wp\/v2\/types\/product"}],"wp:featuredmedia":[{"embeddable":true,"href":"https:\/\/www.valaz.es\/en\/wp-json\/wp\/v2\/media\/717"}],"wp:attachment":[{"href":"https:\/\/www.valaz.es\/en\/wp-json\/wp\/v2\/media?parent=711"}],"wp:term":[{"taxonomy":"product_brand","embeddable":true,"href":"https:\/\/www.valaz.es\/en\/wp-json\/wp\/v2\/product_brand?post=711"},{"taxonomy":"product_cat","embeddable":true,"href":"https:\/\/www.valaz.es\/en\/wp-json\/wp\/v2\/product_cat?post=711"},{"taxonomy":"product_tag","embeddable":true,"href":"https:\/\/www.valaz.es\/en\/wp-json\/wp\/v2\/product_tag?post=711"},{"taxonomy":"serie","embeddable":true,"href":"https:\/\/www.valaz.es\/en\/wp-json\/wp\/v2\/serie?post=711"},{"taxonomy":"manual-de-instalacion","embeddable":true,"href":"https:\/\/www.valaz.es\/en\/wp-json\/wp\/v2\/manual-de-instalacion?post=711"},{"taxonomy":"color","embeddable":true,"href":"https:\/\/www.valaz.es\/en\/wp-json\/wp\/v2\/color?post=711"}],"curies":[{"name":"wp","href":"https:\/\/api.w.org\/{rel}","templated":true}]}}