{"id":703,"date":"2022-11-11T09:11:47","date_gmt":"2022-11-11T08:11:47","guid":{"rendered":"https:\/\/www.valaz.es\/?post_type=product&#038;p=703"},"modified":"2026-02-16T18:01:42","modified_gmt":"2026-02-16T17:01:42","slug":"grifo-de-bidet-empotrado-redondo-1-via-negro-mate-serie-guadiana","status":"publish","type":"product","link":"https:\/\/www.valaz.es\/en\/product\/grifo-de-bidet-empotrado-redondo-1-via-negro-mate-serie-guadiana\/","title":{"rendered":"Grifo de bidet empotrado redondo 1 v\u00eda negro mate &#8211; Serie Guadiana"},"content":{"rendered":"<p class=\"\" data-start=\"71\" data-end=\"429\">Este grifo empotrado de bid\u00e9 de la Serie Guadiana ofrece una soluci\u00f3n elegante y funcional para espacios de ba\u00f1o modernos. Su dise\u00f1o redondo en acabado negro mate aporta un toque contempor\u00e1neo, ideal para quienes buscan una est\u00e9tica limpia y sofisticada. Pensado para uso con agua fr\u00eda, es perfecto para instalaciones pr\u00e1cticas y discretas.<\/p>\n<p class=\"\" data-start=\"431\" data-end=\"453\"><strong data-start=\"431\" data-end=\"451\">Especificaciones<\/strong><\/p>\n<ul data-start=\"454\" data-end=\"743\">\n<li class=\"\" data-start=\"454\" data-end=\"496\">\n<p class=\"\" data-start=\"456\" data-end=\"496\"><strong data-start=\"456\" data-end=\"474\">Tipo de grifo:<\/strong> Empotrado para bid\u00e9<\/p>\n<\/li>\n<li class=\"\" data-start=\"497\" data-end=\"538\">\n<p class=\"\" data-start=\"499\" data-end=\"538\"><strong data-start=\"499\" data-end=\"518\">N\u00famero de v\u00edas:<\/strong> 1 v\u00eda (agua fr\u00eda)<\/p>\n<\/li>\n<li class=\"\" data-start=\"539\" data-end=\"566\">\n<p class=\"\" data-start=\"541\" data-end=\"566\"><strong data-start=\"541\" data-end=\"553\">Acabado:<\/strong> Negro mate<\/p>\n<\/li>\n<li class=\"\" data-start=\"567\" data-end=\"601\">\n<p class=\"\" data-start=\"569\" data-end=\"601\"><strong data-start=\"569\" data-end=\"593\">Material del cuerpo:<\/strong> Lat\u00f3n<\/p>\n<\/li>\n<li class=\"\" data-start=\"602\" data-end=\"628\">\n<p class=\"\" data-start=\"604\" data-end=\"628\"><strong data-start=\"604\" data-end=\"617\">Cartucho:<\/strong> Cer\u00e1mico<\/p>\n<\/li>\n<li class=\"\" data-start=\"629\" data-end=\"651\">\n<p class=\"\" data-start=\"631\" data-end=\"651\"><strong data-start=\"631\" data-end=\"644\">Conexi\u00f3n:<\/strong> G1\/2<\/p>\n<\/li>\n<li class=\"\" data-start=\"652\" data-end=\"703\">\n<p class=\"\" data-start=\"654\" data-end=\"703\"><strong data-start=\"654\" data-end=\"664\">Flexo:<\/strong> PVC, 100 cm de longitud<\/p>\n<\/li>\n<li class=\"\" data-start=\"704\" data-end=\"743\">\n<p class=\"\" data-start=\"706\" data-end=\"743\"><strong data-start=\"706\" data-end=\"729\">Presi\u00f3n de trabajo:<\/strong> 0.1\u20131.0 Mpa<\/p>\n<\/li>\n<\/ul>\n","protected":false},"excerpt":{"rendered":"<p>Serie Guadiana con l\u00edneas curvas y redondas, destacada por su sencillez y elegancia, una de nuestras series m\u00e1s minimalista y moderna. Disponemos de ducha empotrada tanto a pared como a techo, grifo de lavabo empotrado, grifo de bid\u00e9 empotrado. Es una de las series m\u00e1s completas en cuanto a productos con la mejor relaci\u00f3n calidad precio y unos acabados en cromado, dorado cepillado, negro mate, acero cepillado, Gun metal, dorado envejecido, blanco.<\/p>\n<p>La garant\u00eda de todos nuestros productos es de 3 a\u00f1os, para funcionamiento, duraci\u00f3n del esmaltado y anticorrosi\u00f3n.<\/p>\n<p>Recomendamos para un correcto mantenimiento de la grifer\u00eda y evitar el deterioro por el uso. Secar las gotas de agua con un pa\u00f1o suave despu\u00e9s del uso, evitando que se posen en la superficie y deterioran el acabado, no utilizar esponjas que puedan rayar la grifer\u00eda, utilizar limpiadores como vinagre limpieza, agua caliente y jab\u00f3n con pH neutro.<\/p>\n<p>&nbsp;<\/p>\n<p><strong>Nuestro departamento\u00a0t\u00e9cnico\u00a0dispone de\u00a0gu\u00edas\u00a0de todos los\u00a0modelos\u00a0empotrados\u00a0que vendemos<\/strong><strong>,\u00a0si tiene alguna duda con la\u00a0instalaci\u00f3n\u00a0contacte con nosotros mediante\u00a0tel\u00e9fono,\u00a0WhatsApp\u00a0o email dentro del horario laboral indicado en la web.<\/strong><\/p>\n<p><strong>Recuerden que una vez instalado el cuerpo\u00a0empotrado\u00a0de la\u00a0grifer\u00eda\u00a0revisar de su correcto funcionamiento de paso de agua, comprobaci\u00f3n de cartuchos y corte de agua, si detecta alguna\u00a0anomal\u00eda\u00a0informe a nuestro\u00a0departamento\u00a0para darle una\u00a0soluci\u00f3n, no\u00a0contin\u00fae\u00a0con la\u00a0instalaci\u00f3n\u00a0de cerramiento de la pared.<\/strong><\/p>\n","protected":false},"featured_media":704,"template":"","meta":[],"product_brand":[],"product_cat":[54,59],"product_tag":[],"serie":[63],"manual-de-instalacion":[88],"color":[27],"class_list":{"0":"post-703","1":"product","2":"type-product","3":"status-publish","4":"has-post-thumbnail","6":"product_cat-grifos-de-bidet","7":"product_cat-grifos-de-bidet-empotrados","8":"serie-guadiana","9":"manual-de-instalacion-guia-instalacion-bide-empotrado","10":"color-negro-mate","12":"first","13":"instock","14":"taxable","15":"shipping-taxable","16":"product-type-simple"},"_links":{"self":[{"href":"https:\/\/www.valaz.es\/en\/wp-json\/wp\/v2\/product\/703","targetHints":{"allow":["GET"]}}],"collection":[{"href":"https:\/\/www.valaz.es\/en\/wp-json\/wp\/v2\/product"}],"about":[{"href":"https:\/\/www.valaz.es\/en\/wp-json\/wp\/v2\/types\/product"}],"wp:featuredmedia":[{"embeddable":true,"href":"https:\/\/www.valaz.es\/en\/wp-json\/wp\/v2\/media\/704"}],"wp:attachment":[{"href":"https:\/\/www.valaz.es\/en\/wp-json\/wp\/v2\/media?parent=703"}],"wp:term":[{"taxonomy":"product_brand","embeddable":true,"href":"https:\/\/www.valaz.es\/en\/wp-json\/wp\/v2\/product_brand?post=703"},{"taxonomy":"product_cat","embeddable":true,"href":"https:\/\/www.valaz.es\/en\/wp-json\/wp\/v2\/product_cat?post=703"},{"taxonomy":"product_tag","embeddable":true,"href":"https:\/\/www.valaz.es\/en\/wp-json\/wp\/v2\/product_tag?post=703"},{"taxonomy":"serie","embeddable":true,"href":"https:\/\/www.valaz.es\/en\/wp-json\/wp\/v2\/serie?post=703"},{"taxonomy":"manual-de-instalacion","embeddable":true,"href":"https:\/\/www.valaz.es\/en\/wp-json\/wp\/v2\/manual-de-instalacion?post=703"},{"taxonomy":"color","embeddable":true,"href":"https:\/\/www.valaz.es\/en\/wp-json\/wp\/v2\/color?post=703"}],"curies":[{"name":"wp","href":"https:\/\/api.w.org\/{rel}","templated":true}]}}