{"id":696,"date":"2022-11-10T17:28:59","date_gmt":"2022-11-10T16:28:59","guid":{"rendered":"https:\/\/www.valaz.es\/?post_type=product&#038;p=696"},"modified":"2026-02-23T13:38:25","modified_gmt":"2026-02-23T12:38:25","slug":"grifo-de-bidet-empotrado-redondo-1-via-cromado-serie-guadiana","status":"publish","type":"product","link":"https:\/\/www.valaz.es\/en\/product\/grifo-de-bidet-empotrado-redondo-1-via-cromado-serie-guadiana\/","title":{"rendered":"Grifo de bidet empotrado redondo 1 v\u00eda cromado &#8211; Serie Guadiana"},"content":{"rendered":"<p class=\"\" data-start=\"68\" data-end=\"380\">El grifo empotrado de bid\u00e9 de la Serie Guadiana, en acabado cromado, es una opci\u00f3n funcional y est\u00e9tica para quienes buscan una soluci\u00f3n pr\u00e1ctica para la higiene \u00edntima. Su dise\u00f1o redondo y empotrado aporta discreci\u00f3n y elegancia, ideal para ba\u00f1os modernos. Dise\u00f1ado para conexi\u00f3n de agua fr\u00eda.<\/p>\n<p class=\"\" data-start=\"382\" data-end=\"404\"><strong data-start=\"382\" data-end=\"402\">Especificaciones<\/strong><\/p>\n<ul data-start=\"405\" data-end=\"691\">\n<li class=\"\" data-start=\"405\" data-end=\"447\">\n<p class=\"\" data-start=\"407\" data-end=\"447\"><strong data-start=\"407\" data-end=\"425\">Tipo de grifo:<\/strong> Empotrado para bid\u00e9<\/p>\n<\/li>\n<li class=\"\" data-start=\"448\" data-end=\"489\">\n<p class=\"\" data-start=\"450\" data-end=\"489\"><strong data-start=\"450\" data-end=\"469\">N\u00famero de v\u00edas:<\/strong> 1 v\u00eda (agua fr\u00eda)<\/p>\n<\/li>\n<li class=\"\" data-start=\"490\" data-end=\"514\">\n<p class=\"\" data-start=\"492\" data-end=\"514\"><strong data-start=\"492\" data-end=\"504\">Acabado:<\/strong> Cromado<\/p>\n<\/li>\n<li class=\"\" data-start=\"515\" data-end=\"549\">\n<p class=\"\" data-start=\"517\" data-end=\"549\"><strong data-start=\"517\" data-end=\"541\">Material del cuerpo:<\/strong> Lat\u00f3n<\/p>\n<\/li>\n<li class=\"\" data-start=\"550\" data-end=\"576\">\n<p class=\"\" data-start=\"552\" data-end=\"576\"><strong data-start=\"552\" data-end=\"565\">Cartucho:<\/strong> Cer\u00e1mico<\/p>\n<\/li>\n<li class=\"\" data-start=\"577\" data-end=\"599\">\n<p class=\"\" data-start=\"579\" data-end=\"599\"><strong data-start=\"579\" data-end=\"592\">Conexi\u00f3n:<\/strong> G1\/2<\/p>\n<\/li>\n<li class=\"\" data-start=\"600\" data-end=\"651\">\n<p class=\"\" data-start=\"602\" data-end=\"651\"><strong data-start=\"602\" data-end=\"612\">Flexo:<\/strong> Acero inoxidable, 150 cm de longitud<\/p>\n<\/li>\n<li class=\"\" data-start=\"652\" data-end=\"691\">\n<p class=\"\" data-start=\"654\" data-end=\"691\"><strong data-start=\"654\" data-end=\"677\">Presi\u00f3n de trabajo:<\/strong> 0.1\u20131.0 Mpa<\/p>\n<\/li>\n<\/ul>\n","protected":false},"excerpt":{"rendered":"<p>Serie Guadiana con l\u00edneas curvas y redondas, destacada por su sencillez y elegancia, una de nuestras series m\u00e1s minimalista y moderna. Disponemos de ducha empotrada tanto a pared como a techo, grifo de lavabo empotrado, grifo de bid\u00e9 empotrado. Es una de las series m\u00e1s completas en cuanto a productos con la mejor relaci\u00f3n calidad precio y unos acabados en cromado, dorado cepillado, negro mate, acero cepillado, Gun metal, dorado envejecido, blanco.<\/p>\n<p>La garant\u00eda de todos nuestros productos es de 3 a\u00f1os, para funcionamiento, duraci\u00f3n del esmaltado y anticorrosi\u00f3n.<\/p>\n<p>Recomendamos para un correcto mantenimiento de la grifer\u00eda y evitar el deterioro por el uso. Secar las gotas de agua con un pa\u00f1o suave despu\u00e9s del uso, evitando que se posen en la superficie y deterioran el acabado, no utilizar esponjas que puedan rayar la grifer\u00eda, utilizar limpiadores como vinagre limpieza, agua caliente y jab\u00f3n con pH neutro.<\/p>\n<p>&nbsp;<\/p>\n<p><strong>Nuestro departamento\u00a0t\u00e9cnico\u00a0dispone de\u00a0gu\u00edas\u00a0de todos los\u00a0modelos\u00a0empotrados\u00a0que vendemos<\/strong><strong>,\u00a0si tiene alguna duda con la\u00a0instalaci\u00f3n\u00a0contacte con nosotros mediante\u00a0tel\u00e9fono,\u00a0WhatsApp\u00a0o email dentro del horario laboral indicado en la web.<\/strong><\/p>\n<p><strong>Recuerden que una vez instalado el cuerpo\u00a0empotrado\u00a0de la\u00a0grifer\u00eda\u00a0revisar de su correcto funcionamiento de paso de agua, comprobaci\u00f3n de cartuchos y corte de agua, si detecta alguna\u00a0anomal\u00eda\u00a0informe a nuestro\u00a0departamento\u00a0para darle una\u00a0soluci\u00f3n, no\u00a0contin\u00fae\u00a0con la\u00a0instalaci\u00f3n\u00a0de cerramiento de la pared.<\/strong><\/p>\n","protected":false},"featured_media":699,"template":"","meta":[],"product_brand":[],"product_cat":[59],"product_tag":[],"serie":[63],"manual-de-instalacion":[88],"color":[26],"class_list":{"0":"post-696","1":"product","2":"type-product","3":"status-publish","4":"has-post-thumbnail","6":"product_cat-grifos-de-bidet-empotrados","7":"serie-guadiana","8":"manual-de-instalacion-guia-instalacion-bide-empotrado","9":"color-cromo","11":"first","12":"instock","13":"taxable","14":"shipping-taxable","15":"product-type-simple"},"_links":{"self":[{"href":"https:\/\/www.valaz.es\/en\/wp-json\/wp\/v2\/product\/696","targetHints":{"allow":["GET"]}}],"collection":[{"href":"https:\/\/www.valaz.es\/en\/wp-json\/wp\/v2\/product"}],"about":[{"href":"https:\/\/www.valaz.es\/en\/wp-json\/wp\/v2\/types\/product"}],"wp:featuredmedia":[{"embeddable":true,"href":"https:\/\/www.valaz.es\/en\/wp-json\/wp\/v2\/media\/699"}],"wp:attachment":[{"href":"https:\/\/www.valaz.es\/en\/wp-json\/wp\/v2\/media?parent=696"}],"wp:term":[{"taxonomy":"product_brand","embeddable":true,"href":"https:\/\/www.valaz.es\/en\/wp-json\/wp\/v2\/product_brand?post=696"},{"taxonomy":"product_cat","embeddable":true,"href":"https:\/\/www.valaz.es\/en\/wp-json\/wp\/v2\/product_cat?post=696"},{"taxonomy":"product_tag","embeddable":true,"href":"https:\/\/www.valaz.es\/en\/wp-json\/wp\/v2\/product_tag?post=696"},{"taxonomy":"serie","embeddable":true,"href":"https:\/\/www.valaz.es\/en\/wp-json\/wp\/v2\/serie?post=696"},{"taxonomy":"manual-de-instalacion","embeddable":true,"href":"https:\/\/www.valaz.es\/en\/wp-json\/wp\/v2\/manual-de-instalacion?post=696"},{"taxonomy":"color","embeddable":true,"href":"https:\/\/www.valaz.es\/en\/wp-json\/wp\/v2\/color?post=696"}],"curies":[{"name":"wp","href":"https:\/\/api.w.org\/{rel}","templated":true}]}}