{"id":6893,"date":"2023-09-01T12:10:54","date_gmt":"2023-09-01T10:10:54","guid":{"rendered":"https:\/\/www.valaz.es\/?post_type=product&#038;p=6893"},"modified":"2025-09-04T11:02:06","modified_gmt":"2025-09-04T09:02:06","slug":"grifo-de-lavabo-alto-para-pica-con-apertura-en-agua-fria-monomando-cano-recto-oro-mate-con-proteccion-pvd-serie-nansa","status":"publish","type":"product","link":"https:\/\/www.valaz.es\/en\/product\/grifo-de-lavabo-alto-para-pica-con-apertura-en-agua-fria-monomando-cano-recto-oro-mate-con-proteccion-pvd-serie-nansa\/","title":{"rendered":"Grifo de lavabo alto para pica con apertura en agua fr\u00eda monomando ca\u00f1o recto oro mate con protecci\u00f3n PVD &#8211; Serie Nansa"},"content":{"rendered":"<p class=\"\" data-start=\"108\" data-end=\"505\">Este grifo de bid\u00e9 de la serie Nansa combina un dise\u00f1o elegante con funcionalidad. Su acabado en oro mate con protecci\u00f3n PVD asegura una alta resistencia a los da\u00f1os y mantiene un aspecto impecable a lo largo del tiempo. Adem\u00e1s, su ca\u00f1o recto ofrece una est\u00e9tica moderna y minimalista, ideal para ba\u00f1os contempor\u00e1neos. Est\u00e1 dise\u00f1ado con apertura en agua fr\u00eda, lo que contribuye a un uso eficiente.<\/p>\n<p class=\"\" data-start=\"507\" data-end=\"528\"><strong data-start=\"507\" data-end=\"528\">Especificaciones:<\/strong><\/p>\n<ul data-start=\"530\" data-end=\"832\">\n<li class=\"\" data-start=\"530\" data-end=\"585\">\n<p class=\"\" data-start=\"532\" data-end=\"585\"><strong data-start=\"532\" data-end=\"549\">Tipo de grifo<\/strong>: Grifo de bid\u00e9 monomando ca\u00f1o recto<\/p>\n<\/li>\n<li class=\"\" data-start=\"586\" data-end=\"667\">\n<p class=\"\" data-start=\"588\" data-end=\"604\"><strong data-start=\"588\" data-end=\"602\">Materiales<\/strong>:<\/p>\n<ul data-start=\"607\" data-end=\"667\">\n<li class=\"\" data-start=\"607\" data-end=\"636\">\n<p class=\"\" data-start=\"609\" data-end=\"636\">Cuerpo de grifer\u00eda en lat\u00f3n<\/p>\n<\/li>\n<li class=\"\" data-start=\"639\" data-end=\"667\">\n<p class=\"\" data-start=\"641\" data-end=\"667\">Cartucho cer\u00e1mico de 35 mm<\/p>\n<\/li>\n<\/ul>\n<\/li>\n<li class=\"\" data-start=\"668\" data-end=\"710\">\n<p class=\"\" data-start=\"670\" data-end=\"710\"><strong data-start=\"670\" data-end=\"681\">Acabado<\/strong>: Oro mate con protecci\u00f3n PVD<\/p>\n<\/li>\n<li class=\"\" data-start=\"711\" data-end=\"739\">\n<p class=\"\" data-start=\"713\" data-end=\"739\"><strong data-start=\"713\" data-end=\"733\">Apertura de agua<\/strong>: Fr\u00eda<\/p>\n<\/li>\n<li class=\"\" data-start=\"740\" data-end=\"784\">\n<p class=\"\" data-start=\"742\" data-end=\"784\"><strong data-start=\"742\" data-end=\"754\">Conexi\u00f3n<\/strong>: 3\/8\u201d (latiguillos incluidos)<\/p>\n<\/li>\n<li class=\"\" data-start=\"785\" data-end=\"832\">\n<p class=\"\" data-start=\"787\" data-end=\"832\"><strong data-start=\"787\" data-end=\"802\">Instalaci\u00f3n<\/strong>: Monomando, f\u00e1cil instalaci\u00f3n<\/p>\n<\/li>\n<\/ul>\n","protected":false},"excerpt":{"rendered":"<p>Este grifo de bid\u00e9 de la serie Nansa combina un  [&#8230;]<\/p>\n","protected":false},"featured_media":11629,"template":"","meta":[],"product_brand":[],"product_cat":[48],"product_tag":[],"serie":[344],"manual-de-instalacion":[83],"color":[350],"class_list":{"0":"post-6893","1":"product","2":"type-product","3":"status-publish","4":"has-post-thumbnail","6":"product_cat-grifos-de-lavabo","7":"serie-nansa","8":"manual-de-instalacion-guia-instalacion-grifo-superficie","9":"color-oro-mate-cepillado","11":"first","12":"outofstock","13":"taxable","14":"shipping-taxable","15":"product-type-simple"},"_links":{"self":[{"href":"https:\/\/www.valaz.es\/en\/wp-json\/wp\/v2\/product\/6893","targetHints":{"allow":["GET"]}}],"collection":[{"href":"https:\/\/www.valaz.es\/en\/wp-json\/wp\/v2\/product"}],"about":[{"href":"https:\/\/www.valaz.es\/en\/wp-json\/wp\/v2\/types\/product"}],"wp:featuredmedia":[{"embeddable":true,"href":"https:\/\/www.valaz.es\/en\/wp-json\/wp\/v2\/media\/11629"}],"wp:attachment":[{"href":"https:\/\/www.valaz.es\/en\/wp-json\/wp\/v2\/media?parent=6893"}],"wp:term":[{"taxonomy":"product_brand","embeddable":true,"href":"https:\/\/www.valaz.es\/en\/wp-json\/wp\/v2\/product_brand?post=6893"},{"taxonomy":"product_cat","embeddable":true,"href":"https:\/\/www.valaz.es\/en\/wp-json\/wp\/v2\/product_cat?post=6893"},{"taxonomy":"product_tag","embeddable":true,"href":"https:\/\/www.valaz.es\/en\/wp-json\/wp\/v2\/product_tag?post=6893"},{"taxonomy":"serie","embeddable":true,"href":"https:\/\/www.valaz.es\/en\/wp-json\/wp\/v2\/serie?post=6893"},{"taxonomy":"manual-de-instalacion","embeddable":true,"href":"https:\/\/www.valaz.es\/en\/wp-json\/wp\/v2\/manual-de-instalacion?post=6893"},{"taxonomy":"color","embeddable":true,"href":"https:\/\/www.valaz.es\/en\/wp-json\/wp\/v2\/color?post=6893"}],"curies":[{"name":"wp","href":"https:\/\/api.w.org\/{rel}","templated":true}]}}