{"id":6891,"date":"2023-08-30T14:22:40","date_gmt":"2023-08-30T12:22:40","guid":{"rendered":"https:\/\/www.valaz.es\/?post_type=product&#038;p=6891"},"modified":"2026-03-12T14:23:08","modified_gmt":"2026-03-12T13:23:08","slug":"grifo-de-bide-negro-mate-con-apertura-en-agua-fria-monomando-cano-recto-serie-nansa","status":"publish","type":"product","link":"https:\/\/www.valaz.es\/en\/product\/grifo-de-bide-negro-mate-con-apertura-en-agua-fria-monomando-cano-recto-serie-nansa\/","title":{"rendered":"Grifo de bid\u00e9 negro mate con apertura en agua fr\u00eda monomando ca\u00f1o recto &#8211; Serie Nansa"},"content":{"rendered":"<p class=\"\" data-start=\"91\" data-end=\"340\">Este grifo de bid\u00e9 de la serie Nansa destaca por su acabado en negro mate, que aporta un toque contempor\u00e1neo y elegante a tu ba\u00f1o. Dise\u00f1ado para ofrecer una apertura en agua fr\u00eda, es ideal para quienes buscan control y funcionalidad en el d\u00eda a d\u00eda.<\/p>\n<p class=\"\" data-start=\"342\" data-end=\"363\"><strong data-start=\"342\" data-end=\"363\">Especificaciones:<\/strong><\/p>\n<ul data-start=\"365\" data-end=\"653\">\n<li class=\"\" data-start=\"365\" data-end=\"424\">\n<p class=\"\" data-start=\"367\" data-end=\"424\"><strong data-start=\"367\" data-end=\"384\">Tipo de grifo<\/strong>: Grifo de bid\u00e9 monomando con ca\u00f1o recto<\/p>\n<\/li>\n<li class=\"\" data-start=\"425\" data-end=\"450\">\n<p class=\"\" data-start=\"427\" data-end=\"450\"><strong data-start=\"427\" data-end=\"438\">Acabado<\/strong>: Negro mate<\/p>\n<\/li>\n<li class=\"\" data-start=\"451\" data-end=\"531\">\n<p class=\"\" data-start=\"453\" data-end=\"468\"><strong data-start=\"453\" data-end=\"467\">Materiales<\/strong>:<\/p>\n<ul data-start=\"471\" data-end=\"531\">\n<li class=\"\" data-start=\"471\" data-end=\"500\">\n<p class=\"\" data-start=\"473\" data-end=\"500\">Cuerpo de grifer\u00eda en lat\u00f3n<\/p>\n<\/li>\n<li class=\"\" data-start=\"503\" data-end=\"531\">\n<p class=\"\" data-start=\"505\" data-end=\"531\">Cartucho cer\u00e1mico de 35 mm<\/p>\n<\/li>\n<\/ul>\n<\/li>\n<li class=\"\" data-start=\"532\" data-end=\"560\">\n<p class=\"\" data-start=\"534\" data-end=\"560\"><strong data-start=\"534\" data-end=\"554\">Apertura de agua<\/strong>: Fr\u00eda<\/p>\n<\/li>\n<li class=\"\" data-start=\"561\" data-end=\"605\">\n<p class=\"\" data-start=\"563\" data-end=\"605\"><strong data-start=\"563\" data-end=\"575\">Conexi\u00f3n<\/strong>: 3\/8\u201d (latiguillos incluidos)<\/p>\n<\/li>\n<li class=\"\" data-start=\"606\" data-end=\"653\">\n<p class=\"\" data-start=\"608\" data-end=\"653\"><strong data-start=\"608\" data-end=\"623\">Instalaci\u00f3n<\/strong>: Monomando, f\u00e1cil instalaci\u00f3n<\/p>\n<\/li>\n<\/ul>\n<p class=\"\" data-start=\"655\" data-end=\"796\">Este grifo de bid\u00e9 es perfecto para a\u00f1adir un toque de sofisticaci\u00f3n y modernidad a tu ba\u00f1o, sin renunciar a la durabilidad y al rendimiento.<\/p>\n","protected":false},"excerpt":{"rendered":"<p>Este grifo de bid\u00e9 de la serie Nansa destaca por  [&#8230;]<\/p>\n","protected":false},"featured_media":6905,"template":"","meta":[],"product_brand":[],"product_cat":[54],"product_tag":[],"serie":[344],"manual-de-instalacion":[83],"color":[27],"class_list":{"0":"post-6891","1":"product","2":"type-product","3":"status-publish","4":"has-post-thumbnail","6":"product_cat-grifos-de-bidet","7":"serie-nansa","8":"manual-de-instalacion-guia-instalacion-grifo-superficie","9":"color-negro-mate","11":"first","12":"instock","13":"taxable","14":"shipping-taxable","15":"product-type-simple"},"_links":{"self":[{"href":"https:\/\/www.valaz.es\/en\/wp-json\/wp\/v2\/product\/6891","targetHints":{"allow":["GET"]}}],"collection":[{"href":"https:\/\/www.valaz.es\/en\/wp-json\/wp\/v2\/product"}],"about":[{"href":"https:\/\/www.valaz.es\/en\/wp-json\/wp\/v2\/types\/product"}],"wp:featuredmedia":[{"embeddable":true,"href":"https:\/\/www.valaz.es\/en\/wp-json\/wp\/v2\/media\/6905"}],"wp:attachment":[{"href":"https:\/\/www.valaz.es\/en\/wp-json\/wp\/v2\/media?parent=6891"}],"wp:term":[{"taxonomy":"product_brand","embeddable":true,"href":"https:\/\/www.valaz.es\/en\/wp-json\/wp\/v2\/product_brand?post=6891"},{"taxonomy":"product_cat","embeddable":true,"href":"https:\/\/www.valaz.es\/en\/wp-json\/wp\/v2\/product_cat?post=6891"},{"taxonomy":"product_tag","embeddable":true,"href":"https:\/\/www.valaz.es\/en\/wp-json\/wp\/v2\/product_tag?post=6891"},{"taxonomy":"serie","embeddable":true,"href":"https:\/\/www.valaz.es\/en\/wp-json\/wp\/v2\/serie?post=6891"},{"taxonomy":"manual-de-instalacion","embeddable":true,"href":"https:\/\/www.valaz.es\/en\/wp-json\/wp\/v2\/manual-de-instalacion?post=6891"},{"taxonomy":"color","embeddable":true,"href":"https:\/\/www.valaz.es\/en\/wp-json\/wp\/v2\/color?post=6891"}],"curies":[{"name":"wp","href":"https:\/\/api.w.org\/{rel}","templated":true}]}}