{"id":6888,"date":"2023-08-30T14:21:42","date_gmt":"2023-08-30T12:21:42","guid":{"rendered":"https:\/\/www.valaz.es\/?post_type=product&#038;p=6888"},"modified":"2025-10-17T19:54:29","modified_gmt":"2025-10-17T17:54:29","slug":"grifo-de-bide-cromado-con-apertura-en-agua-fria-monomando-cano-recto-serie-nansa","status":"publish","type":"product","link":"https:\/\/www.valaz.es\/en\/product\/grifo-de-bide-cromado-con-apertura-en-agua-fria-monomando-cano-recto-serie-nansa\/","title":{"rendered":"Grifo de bid\u00e9 cromado con apertura en agua fr\u00eda monomando ca\u00f1o recto &#8211; Serie Nansa"},"content":{"rendered":"<p class=\"\" data-start=\"88\" data-end=\"434\">Este grifo de bid\u00e9 de la serie Nansa es una opci\u00f3n ideal para quienes buscan funcionalidad y dise\u00f1o moderno en su ba\u00f1o. Con un acabado cromado brillante y un ca\u00f1o recto, es perfecto para complementar un ba\u00f1o contempor\u00e1neo. Su apertura en agua fr\u00eda garantiza un control sencillo y eficiente del flujo de agua, brindando comodidad en su uso diario.<\/p>\n<p class=\"\" data-start=\"436\" data-end=\"457\"><strong data-start=\"436\" data-end=\"457\">Especificaciones:<\/strong><\/p>\n<ul data-start=\"459\" data-end=\"744\">\n<li class=\"\" data-start=\"459\" data-end=\"518\">\n<p class=\"\" data-start=\"461\" data-end=\"518\"><strong data-start=\"461\" data-end=\"478\">Tipo de grifo<\/strong>: Grifo de bid\u00e9 monomando con ca\u00f1o recto<\/p>\n<\/li>\n<li class=\"\" data-start=\"519\" data-end=\"541\">\n<p class=\"\" data-start=\"521\" data-end=\"541\"><strong data-start=\"521\" data-end=\"532\">Acabado<\/strong>: Cromado<\/p>\n<\/li>\n<li class=\"\" data-start=\"542\" data-end=\"622\">\n<p class=\"\" data-start=\"544\" data-end=\"559\"><strong data-start=\"544\" data-end=\"558\">Materiales<\/strong>:<\/p>\n<ul data-start=\"562\" data-end=\"622\">\n<li class=\"\" data-start=\"562\" data-end=\"591\">\n<p class=\"\" data-start=\"564\" data-end=\"591\">Cuerpo de grifer\u00eda en lat\u00f3n<\/p>\n<\/li>\n<li class=\"\" data-start=\"594\" data-end=\"622\">\n<p class=\"\" data-start=\"596\" data-end=\"622\">Cartucho cer\u00e1mico de 35 mm<\/p>\n<\/li>\n<\/ul>\n<\/li>\n<li class=\"\" data-start=\"623\" data-end=\"651\">\n<p class=\"\" data-start=\"625\" data-end=\"651\"><strong data-start=\"625\" data-end=\"645\">Apertura de agua<\/strong>: Fr\u00eda<\/p>\n<\/li>\n<li class=\"\" data-start=\"652\" data-end=\"696\">\n<p class=\"\" data-start=\"654\" data-end=\"696\"><strong data-start=\"654\" data-end=\"666\">Conexi\u00f3n<\/strong>: 3\/8\u201d (latiguillos incluidos)<\/p>\n<\/li>\n<\/ul>\n","protected":false},"excerpt":{"rendered":"<p>Este grifo de bid\u00e9 de la serie Nansa es una  [&#8230;]<\/p>\n","protected":false},"featured_media":6913,"template":"","meta":[],"product_brand":[],"product_cat":[54],"product_tag":[],"serie":[344],"manual-de-instalacion":[83],"color":[26],"class_list":{"0":"post-6888","1":"product","2":"type-product","3":"status-publish","4":"has-post-thumbnail","6":"product_cat-grifos-de-bidet","7":"serie-nansa","8":"manual-de-instalacion-guia-instalacion-grifo-superficie","9":"color-cromo","11":"first","12":"instock","13":"taxable","14":"shipping-taxable","15":"product-type-simple"},"_links":{"self":[{"href":"https:\/\/www.valaz.es\/en\/wp-json\/wp\/v2\/product\/6888","targetHints":{"allow":["GET"]}}],"collection":[{"href":"https:\/\/www.valaz.es\/en\/wp-json\/wp\/v2\/product"}],"about":[{"href":"https:\/\/www.valaz.es\/en\/wp-json\/wp\/v2\/types\/product"}],"wp:featuredmedia":[{"embeddable":true,"href":"https:\/\/www.valaz.es\/en\/wp-json\/wp\/v2\/media\/6913"}],"wp:attachment":[{"href":"https:\/\/www.valaz.es\/en\/wp-json\/wp\/v2\/media?parent=6888"}],"wp:term":[{"taxonomy":"product_brand","embeddable":true,"href":"https:\/\/www.valaz.es\/en\/wp-json\/wp\/v2\/product_brand?post=6888"},{"taxonomy":"product_cat","embeddable":true,"href":"https:\/\/www.valaz.es\/en\/wp-json\/wp\/v2\/product_cat?post=6888"},{"taxonomy":"product_tag","embeddable":true,"href":"https:\/\/www.valaz.es\/en\/wp-json\/wp\/v2\/product_tag?post=6888"},{"taxonomy":"serie","embeddable":true,"href":"https:\/\/www.valaz.es\/en\/wp-json\/wp\/v2\/serie?post=6888"},{"taxonomy":"manual-de-instalacion","embeddable":true,"href":"https:\/\/www.valaz.es\/en\/wp-json\/wp\/v2\/manual-de-instalacion?post=6888"},{"taxonomy":"color","embeddable":true,"href":"https:\/\/www.valaz.es\/en\/wp-json\/wp\/v2\/color?post=6888"}],"curies":[{"name":"wp","href":"https:\/\/api.w.org\/{rel}","templated":true}]}}