{"id":6885,"date":"2023-09-15T08:43:37","date_gmt":"2023-09-15T06:43:37","guid":{"rendered":"https:\/\/www.valaz.es\/?post_type=product&#038;p=6885"},"modified":"2025-09-03T09:28:30","modified_gmt":"2025-09-03T07:28:30","slug":"grifo-de-bide-con-apertura-en-agua-fria-monomando-redondo-oro-mate-con-proteccion-pvd-serie-ason","status":"publish","type":"product","link":"https:\/\/www.valaz.es\/en\/product\/grifo-de-bide-con-apertura-en-agua-fria-monomando-redondo-oro-mate-con-proteccion-pvd-serie-ason\/","title":{"rendered":"Grifo de bid\u00e9 con apertura en agua fr\u00eda monomando redondo oro mate con protecci\u00f3n PVD  &#8211; Serie Ason"},"content":{"rendered":"<p class=\"\" data-start=\"104\" data-end=\"448\">Este grifo de bid\u00e9 monomando redondo de la serie Ason destaca por su dise\u00f1o elegante y funcional. Con un acabado en oro mate y protecci\u00f3n PVD, proporciona una gran resistencia a los rayones y al desgaste, manteniendo su belleza y durabilidad. Adem\u00e1s, cuenta con una apertura en agua fr\u00eda, lo que lo hace ideal para un uso eficiente y econ\u00f3mico.<\/p>\n<p class=\"\" data-start=\"450\" data-end=\"471\"><strong data-start=\"450\" data-end=\"471\">Especificaciones:<\/strong><\/p>\n<ul data-start=\"473\" data-end=\"772\">\n<li class=\"\" data-start=\"473\" data-end=\"525\">\n<p class=\"\" data-start=\"475\" data-end=\"525\"><strong data-start=\"475\" data-end=\"492\">Tipo de grifo<\/strong>: Grifo de bid\u00e9 monomando redondo<\/p>\n<\/li>\n<li class=\"\" data-start=\"526\" data-end=\"607\">\n<p class=\"\" data-start=\"528\" data-end=\"544\"><strong data-start=\"528\" data-end=\"542\">Materiales<\/strong>:<\/p>\n<ul data-start=\"547\" data-end=\"607\">\n<li class=\"\" data-start=\"547\" data-end=\"576\">\n<p class=\"\" data-start=\"549\" data-end=\"576\">Cuerpo de grifer\u00eda en lat\u00f3n<\/p>\n<\/li>\n<li class=\"\" data-start=\"579\" data-end=\"607\">\n<p class=\"\" data-start=\"581\" data-end=\"607\">Cartucho cer\u00e1mico de 35 mm<\/p>\n<\/li>\n<\/ul>\n<\/li>\n<li class=\"\" data-start=\"608\" data-end=\"650\">\n<p class=\"\" data-start=\"610\" data-end=\"650\"><strong data-start=\"610\" data-end=\"621\">Acabado<\/strong>: Oro mate con protecci\u00f3n PVD<\/p>\n<\/li>\n<li class=\"\" data-start=\"651\" data-end=\"679\">\n<p class=\"\" data-start=\"653\" data-end=\"679\"><strong data-start=\"653\" data-end=\"673\">Apertura de agua<\/strong>: Fr\u00eda<\/p>\n<\/li>\n<li class=\"\" data-start=\"680\" data-end=\"724\">\n<p class=\"\" data-start=\"682\" data-end=\"724\"><strong data-start=\"682\" data-end=\"694\">Conexi\u00f3n<\/strong>: 3\/8\u201d (latiguillos incluidos)<\/p>\n<\/li>\n<li class=\"\" data-start=\"725\" data-end=\"772\">\n<p class=\"\" data-start=\"727\" data-end=\"772\"><strong data-start=\"727\" data-end=\"742\">Instalaci\u00f3n<\/strong>: Monomando, f\u00e1cil instalaci\u00f3n<\/p>\n<\/li>\n<\/ul>\n","protected":false},"excerpt":{"rendered":"<p>Este grifo de bid\u00e9 monomando redondo de la serie Ason  [&#8230;]<\/p>\n","protected":false},"featured_media":10703,"template":"","meta":[],"product_brand":[],"product_cat":[54],"product_tag":[],"serie":[343],"manual-de-instalacion":[83],"color":[350],"class_list":{"0":"post-6885","1":"product","2":"type-product","3":"status-publish","4":"has-post-thumbnail","6":"product_cat-grifos-de-bidet","7":"serie-ason","8":"manual-de-instalacion-guia-instalacion-grifo-superficie","9":"color-oro-mate-cepillado","11":"first","12":"outofstock","13":"taxable","14":"shipping-taxable","15":"product-type-simple"},"_links":{"self":[{"href":"https:\/\/www.valaz.es\/en\/wp-json\/wp\/v2\/product\/6885","targetHints":{"allow":["GET"]}}],"collection":[{"href":"https:\/\/www.valaz.es\/en\/wp-json\/wp\/v2\/product"}],"about":[{"href":"https:\/\/www.valaz.es\/en\/wp-json\/wp\/v2\/types\/product"}],"wp:featuredmedia":[{"embeddable":true,"href":"https:\/\/www.valaz.es\/en\/wp-json\/wp\/v2\/media\/10703"}],"wp:attachment":[{"href":"https:\/\/www.valaz.es\/en\/wp-json\/wp\/v2\/media?parent=6885"}],"wp:term":[{"taxonomy":"product_brand","embeddable":true,"href":"https:\/\/www.valaz.es\/en\/wp-json\/wp\/v2\/product_brand?post=6885"},{"taxonomy":"product_cat","embeddable":true,"href":"https:\/\/www.valaz.es\/en\/wp-json\/wp\/v2\/product_cat?post=6885"},{"taxonomy":"product_tag","embeddable":true,"href":"https:\/\/www.valaz.es\/en\/wp-json\/wp\/v2\/product_tag?post=6885"},{"taxonomy":"serie","embeddable":true,"href":"https:\/\/www.valaz.es\/en\/wp-json\/wp\/v2\/serie?post=6885"},{"taxonomy":"manual-de-instalacion","embeddable":true,"href":"https:\/\/www.valaz.es\/en\/wp-json\/wp\/v2\/manual-de-instalacion?post=6885"},{"taxonomy":"color","embeddable":true,"href":"https:\/\/www.valaz.es\/en\/wp-json\/wp\/v2\/color?post=6885"}],"curies":[{"name":"wp","href":"https:\/\/api.w.org\/{rel}","templated":true}]}}