{"id":688,"date":"2022-11-10T17:18:24","date_gmt":"2022-11-10T16:18:24","guid":{"rendered":"https:\/\/www.valaz.es\/?post_type=product&#038;p=688"},"modified":"2026-03-03T15:28:22","modified_gmt":"2026-03-03T14:28:22","slug":"ducha-empotrada-de-banera-a-pared-cromado-serie-tajo","status":"publish","type":"product","link":"https:\/\/www.valaz.es\/en\/product\/ducha-empotrada-de-banera-a-pared-cromado-serie-tajo\/","title":{"rendered":"Ducha empotrada de ba\u00f1era a pared cromado &#8211; Serie tajo"},"content":{"rendered":"<p class=\"\" data-start=\"60\" data-end=\"407\">La ducha empotrada para ba\u00f1era de la Serie Tajo combina funcionalidad y est\u00e9tica en un dise\u00f1o moderno y discreto. Con un elegante acabado cromado, ofrece una soluci\u00f3n pr\u00e1ctica para espacios que integran ba\u00f1era y ducha. Permite cambiar f\u00e1cilmente entre la alcachofa de mano y el ca\u00f1o de la ba\u00f1era gracias a su monomando de 2 v\u00edas.<\/p>\n<p class=\"\" data-start=\"409\" data-end=\"431\"><strong data-start=\"409\" data-end=\"429\">Especificaciones<\/strong><\/p>\n<ul data-start=\"432\" data-end=\"752\">\n<li class=\"\" data-start=\"432\" data-end=\"480\">\n<p class=\"\" data-start=\"434\" data-end=\"480\"><strong data-start=\"434\" data-end=\"452\">Tipo de grifo:<\/strong> Ducha empotrada de ba\u00f1era<\/p>\n<\/li>\n<li class=\"\" data-start=\"481\" data-end=\"509\">\n<p class=\"\" data-start=\"483\" data-end=\"509\"><strong data-start=\"483\" data-end=\"499\">Instalaci\u00f3n:<\/strong> A pared<\/p>\n<\/li>\n<li data-start=\"481\" data-end=\"509\">Incluye caja box empotrable<\/li>\n<li class=\"\" data-start=\"510\" data-end=\"574\">\n<p class=\"\" data-start=\"512\" data-end=\"574\"><strong data-start=\"512\" data-end=\"531\">N\u00famero de v\u00edas:<\/strong> 2 v\u00edas (alcachofa de mano y ca\u00f1o ba\u00f1era)<\/p>\n<\/li>\n<li class=\"\" data-start=\"575\" data-end=\"599\">\n<p class=\"\" data-start=\"577\" data-end=\"599\"><strong data-start=\"577\" data-end=\"589\">Acabado:<\/strong> Cromado<\/p>\n<\/li>\n<li class=\"\" data-start=\"600\" data-end=\"752\">\n<p class=\"\" data-start=\"602\" data-end=\"619\"><strong data-start=\"602\" data-end=\"617\">Materiales:<\/strong><\/p>\n<ul data-start=\"622\" data-end=\"752\">\n<li class=\"\" data-start=\"622\" data-end=\"644\">\n<p class=\"\" data-start=\"624\" data-end=\"644\">Monomando de lat\u00f3n<\/p>\n<\/li>\n<li class=\"\" data-start=\"647\" data-end=\"682\">\n<p class=\"\" data-start=\"649\" data-end=\"682\">Ca\u00f1o de ba\u00f1era de lat\u00f3n cromado<\/p>\n<\/li>\n<li class=\"\" data-start=\"685\" data-end=\"713\">\n<p class=\"\" data-start=\"687\" data-end=\"713\">Alcachofa de mano de PVC<\/p>\n<\/li>\n<li class=\"\" data-start=\"716\" data-end=\"752\">\n<p class=\"\" data-start=\"718\" data-end=\"752\">Flexo de acero inoxidable (150 cm)<\/p>\n<\/li>\n<\/ul>\n<\/li>\n<\/ul>\n","protected":false},"excerpt":{"rendered":"<p>Serie Tajo l\u00edneas rectas y cuadradas que aportan estilo y dise\u00f1o a cualquier ba\u00f1o. Actualmente disponemos de diferentes acabados cromado, dorado cepillado, negro mate. Tenemos Ducha empotradas cuadrada a techo y pared, grifo empotrado a pared, grifo de bid\u00e9 empotrado.<\/p>\n<p>&nbsp;<\/p>\n<p>La garant\u00eda de todos nuestros productos es de 3 a\u00f1os, para funcionamiento, duraci\u00f3n del esmaltado y anticorrosi\u00f3n.<\/p>\n<p>Recomendamos para un correcto mantenimiento de la grifer\u00eda y evitar el deterioro por el uso. Secar las gotas de agua con un pa\u00f1o suave despu\u00e9s del uso, evitando que se posen en la superficie y deterioran el acabado, no utilizar esponjas que puedan rayar la grifer\u00eda, utilizar limpiadores como vinagre limpieza, agua caliente y jab\u00f3n con ph neutro.<\/p>\n<p>&nbsp;<\/p>\n<p>Nuestro departamento t\u00e9cnico dispone de gu\u00edas de todos los modelos empotrados que vendemos, si tiene alguna duda con la instalaci\u00f3n contacte con nosotros mediante tel\u00e9fono, WhatsApp o email dentro del horario laboral indicado en la web.<\/p>\n<p>Recuerden que una vez instalado el cuerpo empotrado de la grifer\u00eda revisar de su correcto funcionamiento de paso de agua, comprobaci\u00f3n de cartuchos y corte de agua, si detecta alguna anomal\u00eda informe a nuestro departamento para darle una soluci\u00f3n, no contin\u00fae con la instalaci\u00f3n de cerramiento de la pared.<\/p>\n","protected":false},"featured_media":3897,"template":"","meta":[],"product_brand":[],"product_cat":[61],"product_tag":[],"serie":[23],"manual-de-instalacion":[78],"color":[26],"class_list":{"0":"post-688","1":"product","2":"type-product","3":"status-publish","4":"has-post-thumbnail","6":"product_cat-griferia-de-banera-empotrada","7":"pa_tamano-rociador-20cm","8":"pa_tamano-rociador-25cm","9":"pa_tamano-rociador-30cm","10":"pa_tamano-rociador-40cm","11":"serie-tajo","12":"manual-de-instalacion-guia-instalacion-duchas-empotradas-monomando","13":"color-cromo","15":"first","16":"instock","17":"taxable","18":"shipping-taxable","19":"product-type-simple"},"_links":{"self":[{"href":"https:\/\/www.valaz.es\/en\/wp-json\/wp\/v2\/product\/688","targetHints":{"allow":["GET"]}}],"collection":[{"href":"https:\/\/www.valaz.es\/en\/wp-json\/wp\/v2\/product"}],"about":[{"href":"https:\/\/www.valaz.es\/en\/wp-json\/wp\/v2\/types\/product"}],"wp:featuredmedia":[{"embeddable":true,"href":"https:\/\/www.valaz.es\/en\/wp-json\/wp\/v2\/media\/3897"}],"wp:attachment":[{"href":"https:\/\/www.valaz.es\/en\/wp-json\/wp\/v2\/media?parent=688"}],"wp:term":[{"taxonomy":"product_brand","embeddable":true,"href":"https:\/\/www.valaz.es\/en\/wp-json\/wp\/v2\/product_brand?post=688"},{"taxonomy":"product_cat","embeddable":true,"href":"https:\/\/www.valaz.es\/en\/wp-json\/wp\/v2\/product_cat?post=688"},{"taxonomy":"product_tag","embeddable":true,"href":"https:\/\/www.valaz.es\/en\/wp-json\/wp\/v2\/product_tag?post=688"},{"taxonomy":"serie","embeddable":true,"href":"https:\/\/www.valaz.es\/en\/wp-json\/wp\/v2\/serie?post=688"},{"taxonomy":"manual-de-instalacion","embeddable":true,"href":"https:\/\/www.valaz.es\/en\/wp-json\/wp\/v2\/manual-de-instalacion?post=688"},{"taxonomy":"color","embeddable":true,"href":"https:\/\/www.valaz.es\/en\/wp-json\/wp\/v2\/color?post=688"}],"curies":[{"name":"wp","href":"https:\/\/api.w.org\/{rel}","templated":true}]}}