{"id":6875,"date":"2023-08-30T13:44:47","date_gmt":"2023-08-30T11:44:47","guid":{"rendered":"https:\/\/www.valaz.es\/?post_type=product&#038;p=6875"},"modified":"2026-02-24T23:33:34","modified_gmt":"2026-02-24T22:33:34","slug":"grifo-de-cocina-osmosis-3-vias-diseno-vintage-dorado-envejecido-serie-orinoco","status":"publish","type":"product","link":"https:\/\/www.valaz.es\/en\/product\/grifo-de-cocina-osmosis-3-vias-diseno-vintage-dorado-envejecido-serie-orinoco\/","title":{"rendered":"Grifo de cocina osmosis 3 v\u00edas dise\u00f1o vintage dorado envejecido &#8211; Serie Orinoco"},"content":{"rendered":"<p class=\"\" data-start=\"0\" data-end=\"425\">Grifo de cocina con salida de \u00f3smosis integrado y 3 v\u00edas, para agua fr\u00eda, agua caliente y \u00f3smosis, con un dise\u00f1o vintage dorado envejecido que aporta un toque elegante y \u00fanico a tu cocina. Su ca\u00f1o giratorio de 360\u00b0 permite una mayor flexibilidad y comodidad en el uso diario, mientras que el cuerpo de la grifer\u00eda de lat\u00f3n asegura durabilidad y resistencia. Ideal para quienes buscan funcionalidad y estilo.<\/p>\n<p class=\"\" data-start=\"427\" data-end=\"449\"><strong data-start=\"427\" data-end=\"447\">Especificaciones<\/strong><\/p>\n<ul data-start=\"450\" data-end=\"771\">\n<li class=\"\" data-start=\"450\" data-end=\"501\">\n<p class=\"\" data-start=\"452\" data-end=\"501\"><strong data-start=\"452\" data-end=\"466\">Materiales<\/strong>: Cuerpo de la grifer\u00eda de lat\u00f3n.<\/p>\n<\/li>\n<li class=\"\" data-start=\"502\" data-end=\"543\">\n<p class=\"\" data-start=\"504\" data-end=\"543\"><strong data-start=\"504\" data-end=\"516\">Cartucho<\/strong>: \u00d8 35 mm con KTW \/ DVGW.<\/p>\n<\/li>\n<li class=\"\" data-start=\"544\" data-end=\"615\">\n<p class=\"\" data-start=\"546\" data-end=\"615\"><strong data-start=\"546\" data-end=\"570\">Manguera de conexi\u00f3n<\/strong>: 3\/8\u201d + 1\/2\u201d de acero inoxidable con DVGW.<\/p>\n<\/li>\n<li class=\"\" data-start=\"616\" data-end=\"645\">\n<p class=\"\" data-start=\"618\" data-end=\"645\"><strong data-start=\"618\" data-end=\"626\">Ca\u00f1o<\/strong>: Giratorio 360\u00b0.<\/p>\n<\/li>\n<li class=\"\" data-start=\"646\" data-end=\"771\">\n<p class=\"\" data-start=\"648\" data-end=\"771\"><strong data-start=\"648\" data-end=\"670\">Sistema de \u00f3smosis<\/strong>: El sistema de \u00f3smosis no viene incluido en el producto, solo se incluye el grifo con el latiguillo.<\/p>\n<\/li>\n<\/ul>\n","protected":false},"excerpt":{"rendered":"<p>Grifo de cocina con salida de \u00f3smosis integrado y 3  [&#8230;]<\/p>\n","protected":false},"featured_media":6939,"template":"","meta":[],"product_brand":[],"product_cat":[50],"product_tag":[],"serie":[342],"manual-de-instalacion":[83],"color":[29],"class_list":{"0":"post-6875","1":"product","2":"type-product","3":"status-publish","4":"has-post-thumbnail","6":"product_cat-grifos-de-cocina","7":"serie-orinoco","8":"manual-de-instalacion-guia-instalacion-grifo-superficie","9":"color-dorado-envejecido","11":"first","12":"instock","13":"taxable","14":"shipping-taxable","15":"product-type-simple"},"_links":{"self":[{"href":"https:\/\/www.valaz.es\/en\/wp-json\/wp\/v2\/product\/6875","targetHints":{"allow":["GET"]}}],"collection":[{"href":"https:\/\/www.valaz.es\/en\/wp-json\/wp\/v2\/product"}],"about":[{"href":"https:\/\/www.valaz.es\/en\/wp-json\/wp\/v2\/types\/product"}],"wp:featuredmedia":[{"embeddable":true,"href":"https:\/\/www.valaz.es\/en\/wp-json\/wp\/v2\/media\/6939"}],"wp:attachment":[{"href":"https:\/\/www.valaz.es\/en\/wp-json\/wp\/v2\/media?parent=6875"}],"wp:term":[{"taxonomy":"product_brand","embeddable":true,"href":"https:\/\/www.valaz.es\/en\/wp-json\/wp\/v2\/product_brand?post=6875"},{"taxonomy":"product_cat","embeddable":true,"href":"https:\/\/www.valaz.es\/en\/wp-json\/wp\/v2\/product_cat?post=6875"},{"taxonomy":"product_tag","embeddable":true,"href":"https:\/\/www.valaz.es\/en\/wp-json\/wp\/v2\/product_tag?post=6875"},{"taxonomy":"serie","embeddable":true,"href":"https:\/\/www.valaz.es\/en\/wp-json\/wp\/v2\/serie?post=6875"},{"taxonomy":"manual-de-instalacion","embeddable":true,"href":"https:\/\/www.valaz.es\/en\/wp-json\/wp\/v2\/manual-de-instalacion?post=6875"},{"taxonomy":"color","embeddable":true,"href":"https:\/\/www.valaz.es\/en\/wp-json\/wp\/v2\/color?post=6875"}],"curies":[{"name":"wp","href":"https:\/\/api.w.org\/{rel}","templated":true}]}}