{"id":6873,"date":"2023-08-30T13:44:43","date_gmt":"2023-08-30T11:44:43","guid":{"rendered":"https:\/\/www.valaz.es\/?post_type=product&#038;p=6873"},"modified":"2025-04-08T15:25:14","modified_gmt":"2025-04-08T13:25:14","slug":"grifo-de-cocina-osmosis-3-vias-diseno-vintage-cromado-serie-orinoco","status":"publish","type":"product","link":"https:\/\/www.valaz.es\/en\/product\/grifo-de-cocina-osmosis-3-vias-diseno-vintage-cromado-serie-orinoco\/","title":{"rendered":"Grifo de cocina osmosis 3 v\u00edas dise\u00f1o vintage cromado &#8211; Serie Orinoco"},"content":{"rendered":"<p class=\"\" data-start=\"0\" data-end=\"370\">Grifo de cocina con salida de \u00f3smosis integrado y 3 v\u00edas, para agua fr\u00eda, agua caliente y \u00f3smosis, con un dise\u00f1o vintage cromado que combina funcionalidad y elegancia. Su ca\u00f1o giratorio de 360\u00b0 ofrece versatilidad, permitiendo un uso c\u00f3modo y pr\u00e1ctico en el d\u00eda a d\u00eda. Perfecto para cocinas modernas que buscan un toque cl\u00e1sico con un alto rendimiento.<\/p>\n<p class=\"\" data-start=\"372\" data-end=\"394\"><strong data-start=\"372\" data-end=\"392\">Especificaciones<\/strong><\/p>\n<ul data-start=\"395\" data-end=\"716\">\n<li class=\"\" data-start=\"395\" data-end=\"446\">\n<p class=\"\" data-start=\"397\" data-end=\"446\"><strong data-start=\"397\" data-end=\"411\">Materiales<\/strong>: Cuerpo de la grifer\u00eda de lat\u00f3n.<\/p>\n<\/li>\n<li class=\"\" data-start=\"447\" data-end=\"488\">\n<p class=\"\" data-start=\"449\" data-end=\"488\"><strong data-start=\"449\" data-end=\"461\">Cartucho<\/strong>: \u00d8 35 mm con KTW \/ DVGW.<\/p>\n<\/li>\n<li class=\"\" data-start=\"489\" data-end=\"560\">\n<p class=\"\" data-start=\"491\" data-end=\"560\"><strong data-start=\"491\" data-end=\"515\">Manguera de conexi\u00f3n<\/strong>: 3\/8\u201d + 1\/2\u201d de acero inoxidable con DVGW.<\/p>\n<\/li>\n<li class=\"\" data-start=\"561\" data-end=\"590\">\n<p class=\"\" data-start=\"563\" data-end=\"590\"><strong data-start=\"563\" data-end=\"571\">Ca\u00f1o<\/strong>: Giratorio 360\u00b0.<\/p>\n<\/li>\n<li class=\"\" data-start=\"591\" data-end=\"716\">\n<p class=\"\" data-start=\"593\" data-end=\"716\"><strong data-start=\"593\" data-end=\"615\">Sistema de \u00f3smosis<\/strong>: El sistema de \u00f3smosis no viene incluido en el producto, solo se incluye el grifo con el latiguillo.<\/p>\n<\/li>\n<\/ul>\n","protected":false},"excerpt":{"rendered":"<p>Grifo de cocina con salida de \u00f3smosis integrado y 3  [&#8230;]<\/p>\n","protected":false},"featured_media":6935,"template":"","meta":[],"product_brand":[],"product_cat":[50],"product_tag":[],"serie":[342],"manual-de-instalacion":[82],"color":[26],"class_list":{"0":"post-6873","1":"product","2":"type-product","3":"status-publish","4":"has-post-thumbnail","6":"product_cat-grifos-de-cocina","7":"serie-orinoco","8":"manual-de-instalacion-guia-instalacion-cocina-extraible","9":"color-cromo","11":"first","12":"instock","13":"taxable","14":"shipping-taxable","15":"product-type-simple"},"_links":{"self":[{"href":"https:\/\/www.valaz.es\/en\/wp-json\/wp\/v2\/product\/6873","targetHints":{"allow":["GET"]}}],"collection":[{"href":"https:\/\/www.valaz.es\/en\/wp-json\/wp\/v2\/product"}],"about":[{"href":"https:\/\/www.valaz.es\/en\/wp-json\/wp\/v2\/types\/product"}],"wp:featuredmedia":[{"embeddable":true,"href":"https:\/\/www.valaz.es\/en\/wp-json\/wp\/v2\/media\/6935"}],"wp:attachment":[{"href":"https:\/\/www.valaz.es\/en\/wp-json\/wp\/v2\/media?parent=6873"}],"wp:term":[{"taxonomy":"product_brand","embeddable":true,"href":"https:\/\/www.valaz.es\/en\/wp-json\/wp\/v2\/product_brand?post=6873"},{"taxonomy":"product_cat","embeddable":true,"href":"https:\/\/www.valaz.es\/en\/wp-json\/wp\/v2\/product_cat?post=6873"},{"taxonomy":"product_tag","embeddable":true,"href":"https:\/\/www.valaz.es\/en\/wp-json\/wp\/v2\/product_tag?post=6873"},{"taxonomy":"serie","embeddable":true,"href":"https:\/\/www.valaz.es\/en\/wp-json\/wp\/v2\/serie?post=6873"},{"taxonomy":"manual-de-instalacion","embeddable":true,"href":"https:\/\/www.valaz.es\/en\/wp-json\/wp\/v2\/manual-de-instalacion?post=6873"},{"taxonomy":"color","embeddable":true,"href":"https:\/\/www.valaz.es\/en\/wp-json\/wp\/v2\/color?post=6873"}],"curies":[{"name":"wp","href":"https:\/\/api.w.org\/{rel}","templated":true}]}}