{"id":686,"date":"2022-11-10T16:56:59","date_gmt":"2022-11-10T15:56:59","guid":{"rendered":"https:\/\/www.valaz.es\/?post_type=product&#038;p=686"},"modified":"2026-04-01T17:20:51","modified_gmt":"2026-04-01T15:20:51","slug":"grifo-de-bidet-empotrado-redondo-cromado-serie-guadiana","status":"publish","type":"product","link":"https:\/\/www.valaz.es\/en\/product\/grifo-de-bidet-empotrado-redondo-cromado-serie-guadiana\/","title":{"rendered":"Grifo de bidet empotrado redondo cromado &#8211; Serie Guadiana"},"content":{"rendered":"<p class=\"\" data-start=\"63\" data-end=\"358\">El grifo empotrado de bidet de la Serie Guadiana destaca por su dise\u00f1o moderno y funcional, con un acabado cromado que aporta luminosidad y estilo al ba\u00f1o. Equipado con sistema de 2 v\u00edas, permite el uso de agua fr\u00eda y caliente, garantizando comodidad y control en todo momento.<\/p>\n<p class=\"\" data-start=\"360\" data-end=\"382\"><strong data-start=\"360\" data-end=\"380\">Especificaciones<\/strong><\/p>\n<ul data-start=\"383\" data-end=\"681\">\n<li class=\"\" data-start=\"383\" data-end=\"426\">\n<p class=\"\" data-start=\"385\" data-end=\"426\"><strong data-start=\"385\" data-end=\"403\">Tipo de grifo:<\/strong> Empotrado para bidet<\/p>\n<\/li>\n<li class=\"\" data-start=\"427\" data-end=\"470\">\n<p class=\"\" data-start=\"429\" data-end=\"470\"><strong data-start=\"429\" data-end=\"438\">V\u00edas:<\/strong> 2 v\u00edas (agua fr\u00eda y caliente)<\/p>\n<\/li>\n<li class=\"\" data-start=\"471\" data-end=\"493\">\n<p class=\"\" data-start=\"473\" data-end=\"493\"><strong data-start=\"473\" data-end=\"486\">Conexi\u00f3n:<\/strong> G1\/2<\/p>\n<\/li>\n<li class=\"\" data-start=\"494\" data-end=\"533\">\n<p class=\"\" data-start=\"496\" data-end=\"533\"><strong data-start=\"496\" data-end=\"519\">Presi\u00f3n de trabajo:<\/strong> 0.1\u20131.0 Mpa<\/p>\n<\/li>\n<li class=\"\" data-start=\"534\" data-end=\"656\">\n<p class=\"\" data-start=\"536\" data-end=\"553\"><strong data-start=\"536\" data-end=\"551\">Materiales:<\/strong><\/p>\n<ul data-start=\"556\" data-end=\"656\">\n<li class=\"\" data-start=\"556\" data-end=\"590\">\n<p class=\"\" data-start=\"558\" data-end=\"590\">Cuerpo de la grifer\u00eda en lat\u00f3n<\/p>\n<\/li>\n<li class=\"\" data-start=\"593\" data-end=\"614\">\n<p class=\"\" data-start=\"595\" data-end=\"614\">Cartucho cer\u00e1mico<\/p>\n<\/li>\n<li class=\"\" data-start=\"617\" data-end=\"656\">\n<p class=\"\" data-start=\"619\" data-end=\"656\">Flexo de acero inoxidable de 150 cm<\/p>\n<\/li>\n<\/ul>\n<\/li>\n<li class=\"\" data-start=\"657\" data-end=\"681\">\n<p class=\"\" data-start=\"659\" data-end=\"681\"><strong data-start=\"659\" data-end=\"671\">Acabado:<\/strong> Cromado<\/p>\n<\/li>\n<\/ul>\n","protected":false},"excerpt":{"rendered":"<p>Serie Guadiana con l\u00edneas curvas y redondas, destacada por su sencillez y elegancia, una de nuestras series m\u00e1s minimalista y moderna. Disponemos de ducha empotrada tanto a pared como a techo, grifo de lavabo empotrado, grifo de bid\u00e9 empotrado. Es una de las series m\u00e1s completas en cuanto a productos con la mejor relaci\u00f3n calidad precio y unos acabados en cromado, dorado cepillado, negro mate, acero cepillado, Gun metal, dorado envejecido, blanco.<\/p>\n<p>La garant\u00eda de todos nuestros productos es de 3 a\u00f1os, para funcionamiento, duraci\u00f3n del esmaltado y anticorrosi\u00f3n.<\/p>\n<p>Recomendamos para un correcto mantenimiento de la grifer\u00eda y evitar el deterioro por el uso. Secar las gotas de agua con un pa\u00f1o suave despu\u00e9s del uso, evitando que se posen en la superficie y deterioran el acabado, no utilizar esponjas que puedan rayar la grifer\u00eda, utilizar limpiadores como vinagre limpieza, agua caliente y jab\u00f3n con pH neutro.<\/p>\n<p>&nbsp;<\/p>\n<p><strong>Nuestro departamento\u00a0t\u00e9cnico\u00a0dispone de\u00a0gu\u00edas\u00a0de todos los\u00a0modelos\u00a0empotrados\u00a0que vendemos<\/strong><strong>,\u00a0si tiene alguna duda con la\u00a0instalaci\u00f3n\u00a0contacte con nosotros mediante\u00a0tel\u00e9fono,\u00a0WhatsApp\u00a0o email dentro del horario laboral indicado en la web.<\/strong><\/p>\n<p><strong>Recuerden que una vez instalado el cuerpo\u00a0empotrado\u00a0de la\u00a0grifer\u00eda\u00a0revisar de su correcto funcionamiento de paso de agua, comprobaci\u00f3n de cartuchos y corte de agua, si detecta alguna\u00a0anomal\u00eda\u00a0informe a nuestro\u00a0departamento\u00a0para darle una\u00a0soluci\u00f3n, no\u00a0contin\u00fae\u00a0con la\u00a0instalaci\u00f3n\u00a0de cerramiento de la pared.<\/strong><\/p>\n","protected":false},"featured_media":701,"template":"","meta":[],"product_brand":[],"product_cat":[54,59],"product_tag":[],"serie":[63],"manual-de-instalacion":[88],"color":[26],"class_list":{"0":"post-686","1":"product","2":"type-product","3":"status-publish","4":"has-post-thumbnail","6":"product_cat-grifos-de-bidet","7":"product_cat-grifos-de-bidet-empotrados","8":"serie-guadiana","9":"manual-de-instalacion-guia-instalacion-bide-empotrado","10":"color-cromo","12":"first","13":"instock","14":"taxable","15":"shipping-taxable","16":"product-type-simple"},"_links":{"self":[{"href":"https:\/\/www.valaz.es\/en\/wp-json\/wp\/v2\/product\/686","targetHints":{"allow":["GET"]}}],"collection":[{"href":"https:\/\/www.valaz.es\/en\/wp-json\/wp\/v2\/product"}],"about":[{"href":"https:\/\/www.valaz.es\/en\/wp-json\/wp\/v2\/types\/product"}],"wp:featuredmedia":[{"embeddable":true,"href":"https:\/\/www.valaz.es\/en\/wp-json\/wp\/v2\/media\/701"}],"wp:attachment":[{"href":"https:\/\/www.valaz.es\/en\/wp-json\/wp\/v2\/media?parent=686"}],"wp:term":[{"taxonomy":"product_brand","embeddable":true,"href":"https:\/\/www.valaz.es\/en\/wp-json\/wp\/v2\/product_brand?post=686"},{"taxonomy":"product_cat","embeddable":true,"href":"https:\/\/www.valaz.es\/en\/wp-json\/wp\/v2\/product_cat?post=686"},{"taxonomy":"product_tag","embeddable":true,"href":"https:\/\/www.valaz.es\/en\/wp-json\/wp\/v2\/product_tag?post=686"},{"taxonomy":"serie","embeddable":true,"href":"https:\/\/www.valaz.es\/en\/wp-json\/wp\/v2\/serie?post=686"},{"taxonomy":"manual-de-instalacion","embeddable":true,"href":"https:\/\/www.valaz.es\/en\/wp-json\/wp\/v2\/manual-de-instalacion?post=686"},{"taxonomy":"color","embeddable":true,"href":"https:\/\/www.valaz.es\/en\/wp-json\/wp\/v2\/color?post=686"}],"curies":[{"name":"wp","href":"https:\/\/api.w.org\/{rel}","templated":true}]}}