{"id":682,"date":"2022-11-10T16:48:05","date_gmt":"2022-11-10T15:48:05","guid":{"rendered":"https:\/\/www.valaz.es\/?post_type=product&#038;p=682"},"modified":"2026-03-23T21:23:08","modified_gmt":"2026-03-23T20:23:08","slug":"ducha-empotrada-monomando-1-via-redonda-dorado-cepillado-a-pared-serie-guadiana","status":"publish","type":"product","link":"https:\/\/www.valaz.es\/en\/product\/ducha-empotrada-monomando-1-via-redonda-dorado-cepillado-a-pared-serie-guadiana\/","title":{"rendered":"Ducha empotrada monomando 1 v\u00eda redonda dorado cepillado a pared &#8211; Serie Guadiana"},"content":{"rendered":"<p class=\"\" data-start=\"87\" data-end=\"437\">Sencillez, elegancia y funcionalidad se combinan en esta ducha empotrada de la Serie Guadiana. Con un dise\u00f1o redondo y un sofisticado acabado en dorado cepillado, esta opci\u00f3n de 1 v\u00eda es perfecta para quienes buscan una soluci\u00f3n minimalista sin renunciar al estilo. Ideal para una ducha con salida directa al rociador efecto lluvia.<\/p>\n<p class=\"\" data-start=\"439\" data-end=\"461\"><strong data-start=\"439\" data-end=\"459\">Especificaciones<\/strong><\/p>\n<ul data-start=\"462\" data-end=\"766\">\n<li class=\"\" data-start=\"462\" data-end=\"504\">\n<p class=\"\" data-start=\"464\" data-end=\"504\"><strong data-start=\"464\" data-end=\"482\">Tipo de grifo:<\/strong> Empotrado monomando<\/p>\n<\/li>\n<li class=\"\" data-start=\"505\" data-end=\"553\">\n<p class=\"\" data-start=\"507\" data-end=\"553\"><strong data-start=\"507\" data-end=\"516\">V\u00edas:<\/strong> 1 v\u00eda (salida directa al rociador)<\/p>\n<\/li>\n<li class=\"\" data-start=\"554\" data-end=\"617\">\n<p class=\"\" data-start=\"556\" data-end=\"617\"><strong data-start=\"556\" data-end=\"569\">Rociador:<\/strong> Disponible en tama\u00f1os de 20 cm, 25 cm o 30 cm<\/p>\n<\/li>\n<li class=\"\" data-start=\"618\" data-end=\"691\">\n<p class=\"\" data-start=\"620\" data-end=\"637\"><strong data-start=\"620\" data-end=\"635\">Materiales:<\/strong><\/p>\n<ul data-start=\"640\" data-end=\"691\">\n<li class=\"\" data-start=\"640\" data-end=\"667\">\n<p class=\"\" data-start=\"642\" data-end=\"667\">Cuerpo y grifo de lat\u00f3n<\/p>\n<\/li>\n<li class=\"\" data-start=\"670\" data-end=\"691\">\n<p class=\"\" data-start=\"672\" data-end=\"691\">Cartucho cer\u00e1mico<\/p>\n<\/li>\n<\/ul>\n<\/li>\n<li class=\"\" data-start=\"692\" data-end=\"732\">\n<p class=\"\" data-start=\"694\" data-end=\"732\"><strong data-start=\"694\" data-end=\"709\">Conexiones:<\/strong> Agua fr\u00eda y caliente<\/p>\n<\/li>\n<li class=\"\" data-start=\"733\" data-end=\"766\">\n<p class=\"\" data-start=\"735\" data-end=\"766\"><strong data-start=\"735\" data-end=\"747\">Acabado:<\/strong> Dorado cepillado<\/p>\n<\/li>\n<\/ul>\n","protected":false},"excerpt":{"rendered":"<p>Serie Guadiana con l\u00edneas curvas y redondas, destacada por su sencillez y elegancia, una de nuestras series m\u00e1s minimalista y moderna. Disponemos de ducha empotrada tanto a pared como a techo, grifo de lavabo empotrado, grifo de bid\u00e9 empotrado. Es una de las series m\u00e1s completas en cuanto a productos con la mejor relaci\u00f3n calidad precio y unos acabados en cromado, dorado cepillado, negro mate, acero cepillado, Gun metal, dorado envejecido, blanco.<\/p>\n<p>La garant\u00eda de todos nuestros productos es de 3 a\u00f1os, para funcionamiento, duraci\u00f3n del esmaltado y anticorrosi\u00f3n.<\/p>\n<p>Recomendamos para un correcto mantenimiento de la grifer\u00eda y evitar el deterioro por el uso. Secar las gotas de agua con un pa\u00f1o suave despu\u00e9s del uso, evitando que se posen en la superficie y deterioran el acabado, no utilizar esponjas que puedan rayar la grifer\u00eda, utilizar limpiadores como vinagre limpieza, agua caliente y jab\u00f3n con pH neutro.<\/p>\n<p>&nbsp;<\/p>\n<p><strong>Nuestro departamento\u00a0t\u00e9cnico\u00a0dispone de\u00a0gu\u00edas\u00a0de todos los\u00a0modelos\u00a0empotrados\u00a0que vendemos<\/strong><strong>,\u00a0si tiene alguna duda con la\u00a0instalaci\u00f3n\u00a0contacte con nosotros mediante\u00a0tel\u00e9fono,\u00a0WhatsApp\u00a0o email dentro del horario laboral indicado en la web.<\/strong><\/p>\n<p><strong>Recuerden que una vez instalado el cuerpo\u00a0empotrado\u00a0de la\u00a0grifer\u00eda\u00a0revisar de su correcto funcionamiento de paso de agua, comprobaci\u00f3n de cartuchos y corte de agua, si detecta alguna\u00a0anomal\u00eda\u00a0informe a nuestro\u00a0departamento\u00a0para darle una\u00a0soluci\u00f3n, no\u00a0contin\u00fae\u00a0con la\u00a0instalaci\u00f3n\u00a0de cerramiento de la pared.<\/strong><\/p>\n","protected":false},"featured_media":683,"template":"","meta":[],"product_brand":[],"product_cat":[57,47],"product_tag":[],"serie":[63],"manual-de-instalacion":[],"color":[34],"class_list":{"0":"post-682","1":"product","2":"type-product","3":"status-publish","4":"has-post-thumbnail","6":"product_cat-duchas-empotradas","7":"product_cat-duchas","8":"pa_tamano-rociador-20cm","9":"pa_tamano-rociador-25cm","10":"pa_tamano-rociador-30cm","11":"serie-guadiana","12":"color-dorado-cepillado","14":"first","15":"instock","16":"taxable","17":"shipping-taxable","18":"product-type-variable"},"_links":{"self":[{"href":"https:\/\/www.valaz.es\/en\/wp-json\/wp\/v2\/product\/682","targetHints":{"allow":["GET"]}}],"collection":[{"href":"https:\/\/www.valaz.es\/en\/wp-json\/wp\/v2\/product"}],"about":[{"href":"https:\/\/www.valaz.es\/en\/wp-json\/wp\/v2\/types\/product"}],"wp:featuredmedia":[{"embeddable":true,"href":"https:\/\/www.valaz.es\/en\/wp-json\/wp\/v2\/media\/683"}],"wp:attachment":[{"href":"https:\/\/www.valaz.es\/en\/wp-json\/wp\/v2\/media?parent=682"}],"wp:term":[{"taxonomy":"product_brand","embeddable":true,"href":"https:\/\/www.valaz.es\/en\/wp-json\/wp\/v2\/product_brand?post=682"},{"taxonomy":"product_cat","embeddable":true,"href":"https:\/\/www.valaz.es\/en\/wp-json\/wp\/v2\/product_cat?post=682"},{"taxonomy":"product_tag","embeddable":true,"href":"https:\/\/www.valaz.es\/en\/wp-json\/wp\/v2\/product_tag?post=682"},{"taxonomy":"serie","embeddable":true,"href":"https:\/\/www.valaz.es\/en\/wp-json\/wp\/v2\/serie?post=682"},{"taxonomy":"manual-de-instalacion","embeddable":true,"href":"https:\/\/www.valaz.es\/en\/wp-json\/wp\/v2\/manual-de-instalacion?post=682"},{"taxonomy":"color","embeddable":true,"href":"https:\/\/www.valaz.es\/en\/wp-json\/wp\/v2\/color?post=682"}],"curies":[{"name":"wp","href":"https:\/\/api.w.org\/{rel}","templated":true}]}}