{"id":6770,"date":"2023-08-21T14:36:46","date_gmt":"2023-08-21T12:36:46","guid":{"rendered":"https:\/\/www.valaz.es\/?post_type=product&#038;p=6770"},"modified":"2026-04-10T10:13:09","modified_gmt":"2026-04-10T08:13:09","slug":"grifo-de-cocina-redondo-monomando-giratorio-blanco-serie-misisipi","status":"publish","type":"product","link":"https:\/\/www.valaz.es\/en\/product\/grifo-de-cocina-redondo-monomando-giratorio-blanco-serie-misisipi\/","title":{"rendered":"Grifo de cocina redondo monomando giratorio blanco &#8211; Serie Misisipi"},"content":{"rendered":"<p class=\"\" data-start=\"0\" data-end=\"280\">Grifo de cocina redondo monomando en color blanco, con un dise\u00f1o funcional y elegante que se adapta perfectamente a cocinas modernas. Su ca\u00f1o giratorio ofrece libertad de movimiento para facilitar el uso diario en tareas como el lavado de utensilios o alimentos.<\/p>\n<p class=\"\" data-start=\"282\" data-end=\"304\"><strong data-start=\"282\" data-end=\"302\">Especificaciones<\/strong><\/p>\n<ul data-start=\"305\" data-end=\"481\" data-is-last-node=\"\" data-is-only-node=\"\">\n<li class=\"\" data-start=\"305\" data-end=\"327\">\n<p class=\"\" data-start=\"307\" data-end=\"327\"><strong data-start=\"307\" data-end=\"317\">Cuerpo<\/strong>: Lat\u00f3n.<\/p>\n<\/li>\n<li class=\"\" data-start=\"328\" data-end=\"359\">\n<p class=\"\" data-start=\"330\" data-end=\"359\"><strong data-start=\"330\" data-end=\"338\">Ca\u00f1o<\/strong>: Acero inoxidable.<\/p>\n<\/li>\n<li class=\"\" data-start=\"360\" data-end=\"386\">\n<p class=\"\" data-start=\"362\" data-end=\"386\"><strong data-start=\"362\" data-end=\"374\">Cartucho<\/strong>: \u00f8 35 mm.<\/p>\n<\/li>\n<li class=\"\" data-start=\"387\" data-end=\"422\">\n<p class=\"\" data-start=\"389\" data-end=\"422\"><strong data-start=\"389\" data-end=\"401\">Conexi\u00f3n<\/strong>: Manguera de 3\/8\u201d.<\/p>\n<\/li>\n<li class=\"\" data-start=\"423\" data-end=\"447\">\n<p class=\"\" data-start=\"425\" data-end=\"447\"><strong data-start=\"425\" data-end=\"436\">Acabado<\/strong>: Blanco.<\/p>\n<\/li>\n<li class=\"\" data-start=\"448\" data-end=\"481\">\n<p class=\"\" data-start=\"450\" data-end=\"481\"><strong data-start=\"450\" data-end=\"468\">Ca\u00f1o giratorio<\/strong>: 360 grados.<\/p>\n<\/li>\n<\/ul>\n","protected":false},"excerpt":{"rendered":"<p>Serie Misisipi es un grifo de cocina cl\u00e1sico y elegante, con ca\u00f1o curvo y giratorio 360 grados. Actualmente tenemos acabado en cromado, negro mate, acero cepillado y dorado cepillado El cuerpo de la grifer\u00eda lat\u00f3n, con cartucho cer\u00e1mico y latiguillos.<\/p>\n<p>La garant\u00eda de todos nuestros productos es de 3 a\u00f1os, para funcionamiento, duraci\u00f3n del esmaltado y anticorrosi\u00f3n.<\/p>\n<p>Recomendamos para un correcto mantenimiento de la grifer\u00eda y evitar el deterioro por el uso. Secar las gotas de agua con un pa\u00f1o suave despu\u00e9s del uso, evitando que se posen en la superficie y deterioran el acabado, no utilizar esponjas que puedan rayar la grifer\u00eda, utilizar limpiadores como vinagre limpieza, agua caliente y jab\u00f3n con ph neutro.<\/p>\n<p>Nuestro departamento\u00a0t\u00e9cnico\u00a0dispone de\u00a0gu\u00edas\u00a0de todos los\u00a0modelos\u00a0empotrados\u00a0que vendemos,\u00a0si tiene alguna duda con la\u00a0instalaci\u00f3n\u00a0contacte con nosotros mediante\u00a0tel\u00e9fono,\u00a0WhatsApp\u00a0o email dentro del horario laboral indicado en la web.<\/p>\n<p>Recuerden que una vez instalado el cuerpo\u00a0empotrado\u00a0de la\u00a0grifer\u00eda\u00a0revisar de su correcto funcionamiento de paso de agua, comprobaci\u00f3n de cartuchos y corte de agua, si detecta alguna\u00a0anomal\u00eda\u00a0informe a nuestro\u00a0departamento\u00a0para darle una\u00a0soluci\u00f3n, no\u00a0contin\u00fae\u00a0con la\u00a0instalaci\u00f3n\u00a0de cerramiento de la pared.<\/p>\n","protected":false},"featured_media":6775,"template":"","meta":[],"product_brand":[],"product_cat":[50],"product_tag":[],"serie":[35],"manual-de-instalacion":[83],"color":[64],"class_list":{"0":"post-6770","1":"product","2":"type-product","3":"status-publish","4":"has-post-thumbnail","6":"product_cat-grifos-de-cocina","7":"serie-misisipi","8":"manual-de-instalacion-guia-instalacion-grifo-superficie","9":"color-blanco","11":"first","12":"instock","13":"taxable","14":"shipping-taxable","15":"product-type-simple"},"_links":{"self":[{"href":"https:\/\/www.valaz.es\/en\/wp-json\/wp\/v2\/product\/6770","targetHints":{"allow":["GET"]}}],"collection":[{"href":"https:\/\/www.valaz.es\/en\/wp-json\/wp\/v2\/product"}],"about":[{"href":"https:\/\/www.valaz.es\/en\/wp-json\/wp\/v2\/types\/product"}],"wp:featuredmedia":[{"embeddable":true,"href":"https:\/\/www.valaz.es\/en\/wp-json\/wp\/v2\/media\/6775"}],"wp:attachment":[{"href":"https:\/\/www.valaz.es\/en\/wp-json\/wp\/v2\/media?parent=6770"}],"wp:term":[{"taxonomy":"product_brand","embeddable":true,"href":"https:\/\/www.valaz.es\/en\/wp-json\/wp\/v2\/product_brand?post=6770"},{"taxonomy":"product_cat","embeddable":true,"href":"https:\/\/www.valaz.es\/en\/wp-json\/wp\/v2\/product_cat?post=6770"},{"taxonomy":"product_tag","embeddable":true,"href":"https:\/\/www.valaz.es\/en\/wp-json\/wp\/v2\/product_tag?post=6770"},{"taxonomy":"serie","embeddable":true,"href":"https:\/\/www.valaz.es\/en\/wp-json\/wp\/v2\/serie?post=6770"},{"taxonomy":"manual-de-instalacion","embeddable":true,"href":"https:\/\/www.valaz.es\/en\/wp-json\/wp\/v2\/manual-de-instalacion?post=6770"},{"taxonomy":"color","embeddable":true,"href":"https:\/\/www.valaz.es\/en\/wp-json\/wp\/v2\/color?post=6770"}],"curies":[{"name":"wp","href":"https:\/\/api.w.org\/{rel}","templated":true}]}}