{"id":677,"date":"2022-11-10T16:45:14","date_gmt":"2022-11-10T15:45:14","guid":{"rendered":"https:\/\/www.valaz.es\/?post_type=product&#038;p=677"},"modified":"2026-02-03T13:53:23","modified_gmt":"2026-02-03T12:53:23","slug":"ducha-empotrada-monomando-1-via-redonda-acero-cepillado-a-pared-serie-guadiana","status":"publish","type":"product","link":"https:\/\/www.valaz.es\/en\/product\/ducha-empotrada-monomando-1-via-redonda-acero-cepillado-a-pared-serie-guadiana\/","title":{"rendered":"Ducha empotrada monomando 1 v\u00eda redonda acero cepillado a pared &#8211; Serie Guadiana"},"content":{"rendered":"<p class=\"\" data-start=\"86\" data-end=\"452\">Una opci\u00f3n funcional y elegante para el ba\u00f1o moderno. Esta ducha empotrada monomando de la Serie Guadiana, con su acabado en acero cepillado, aporta una est\u00e9tica limpia y sofisticada. Ideal para quienes buscan simplicidad y durabilidad sin sacrificar el estilo, ofreciendo una salida directa al rociador para una experiencia de ducha m\u00e1s agradable.<\/p>\n<p class=\"\" data-start=\"454\" data-end=\"476\"><strong data-start=\"454\" data-end=\"474\">Especificaciones<\/strong><\/p>\n<ul data-start=\"477\" data-end=\"780\">\n<li class=\"\" data-start=\"477\" data-end=\"519\">\n<p class=\"\" data-start=\"479\" data-end=\"519\"><strong data-start=\"479\" data-end=\"497\">Tipo de grifo:<\/strong> Empotrado monomando<\/p>\n<\/li>\n<li class=\"\" data-start=\"520\" data-end=\"568\">\n<p class=\"\" data-start=\"522\" data-end=\"568\"><strong data-start=\"522\" data-end=\"531\">V\u00edas:<\/strong> 1 v\u00eda (salida directa al rociador)<\/p>\n<\/li>\n<li class=\"\" data-start=\"569\" data-end=\"632\">\n<p class=\"\" data-start=\"571\" data-end=\"632\"><strong data-start=\"571\" data-end=\"584\">Rociador:<\/strong> Disponible en tama\u00f1os de 20 cm, 25 cm o 30 cm<\/p>\n<\/li>\n<li class=\"\" data-start=\"633\" data-end=\"706\">\n<p class=\"\" data-start=\"635\" data-end=\"652\"><strong data-start=\"635\" data-end=\"650\">Materiales:<\/strong><\/p>\n<ul data-start=\"655\" data-end=\"706\">\n<li class=\"\" data-start=\"655\" data-end=\"682\">\n<p class=\"\" data-start=\"657\" data-end=\"682\">Cuerpo y grifo de lat\u00f3n<\/p>\n<\/li>\n<li class=\"\" data-start=\"685\" data-end=\"706\">\n<p class=\"\" data-start=\"687\" data-end=\"706\">Cartucho cer\u00e1mico<\/p>\n<\/li>\n<\/ul>\n<\/li>\n<li class=\"\" data-start=\"707\" data-end=\"747\">\n<p class=\"\" data-start=\"709\" data-end=\"747\"><strong data-start=\"709\" data-end=\"724\">Conexiones:<\/strong> Agua fr\u00eda y caliente<\/p>\n<\/li>\n<li class=\"\" data-start=\"748\" data-end=\"780\">\n<p class=\"\" data-start=\"750\" data-end=\"780\"><strong data-start=\"750\" data-end=\"762\">Acabado:<\/strong> Acero cepillado<\/p>\n<\/li>\n<\/ul>\n","protected":false},"excerpt":{"rendered":"<p>Serie Guadiana con l\u00edneas curvas y redondas, destacada por su sencillez y elegancia, una de nuestras series m\u00e1s minimalista y moderna. Disponemos de ducha empotrada tanto a pared como a techo, grifo de lavabo empotrado, grifo de bid\u00e9 empotrado. Es una de las series m\u00e1s completas en cuanto a productos con la mejor relaci\u00f3n calidad precio y unos acabados en cromado, dorado cepillado, negro mate, acero cepillado, Gun metal, dorado envejecido, blanco.<\/p>\n<p>La garant\u00eda de todos nuestros productos es de 3 a\u00f1os, para funcionamiento, duraci\u00f3n del esmaltado y anticorrosi\u00f3n.<\/p>\n<p>Recomendamos para un correcto mantenimiento de la grifer\u00eda y evitar el deterioro por el uso. Secar las gotas de agua con un pa\u00f1o suave despu\u00e9s del uso, evitando que se posen en la superficie y deterioran el acabado, no utilizar esponjas que puedan rayar la grifer\u00eda, utilizar limpiadores como vinagre limpieza, agua caliente y jab\u00f3n con pH neutro.<\/p>\n<p>&nbsp;<\/p>\n<p><strong>Nuestro departamento\u00a0t\u00e9cnico\u00a0dispone de\u00a0gu\u00edas\u00a0de todos los\u00a0modelos\u00a0empotrados\u00a0que vendemos<\/strong><strong>,\u00a0si tiene alguna duda con la\u00a0instalaci\u00f3n\u00a0contacte con nosotros mediante\u00a0tel\u00e9fono,\u00a0WhatsApp\u00a0o email dentro del horario laboral indicado en la web.<\/strong><\/p>\n<p><strong>Recuerden que una vez instalado el cuerpo\u00a0empotrado\u00a0de la\u00a0grifer\u00eda\u00a0revisar de su correcto funcionamiento de paso de agua, comprobaci\u00f3n de cartuchos y corte de agua, si detecta alguna\u00a0anomal\u00eda\u00a0informe a nuestro\u00a0departamento\u00a0para darle una\u00a0soluci\u00f3n, no\u00a0contin\u00fae\u00a0con la\u00a0instalaci\u00f3n\u00a0de cerramiento de la pared.<\/strong><\/p>\n","protected":false},"featured_media":679,"template":"","meta":[],"product_brand":[],"product_cat":[57,47],"product_tag":[],"serie":[63],"manual-de-instalacion":[],"color":[28],"class_list":{"0":"post-677","1":"product","2":"type-product","3":"status-publish","4":"has-post-thumbnail","6":"product_cat-duchas-empotradas","7":"product_cat-duchas","8":"pa_tamano-rociador-20cm","9":"pa_tamano-rociador-25cm","10":"pa_tamano-rociador-30cm","11":"serie-guadiana","12":"color-acero-cepillado","14":"first","15":"instock","16":"taxable","17":"shipping-taxable","18":"product-type-variable"},"_links":{"self":[{"href":"https:\/\/www.valaz.es\/en\/wp-json\/wp\/v2\/product\/677","targetHints":{"allow":["GET"]}}],"collection":[{"href":"https:\/\/www.valaz.es\/en\/wp-json\/wp\/v2\/product"}],"about":[{"href":"https:\/\/www.valaz.es\/en\/wp-json\/wp\/v2\/types\/product"}],"wp:featuredmedia":[{"embeddable":true,"href":"https:\/\/www.valaz.es\/en\/wp-json\/wp\/v2\/media\/679"}],"wp:attachment":[{"href":"https:\/\/www.valaz.es\/en\/wp-json\/wp\/v2\/media?parent=677"}],"wp:term":[{"taxonomy":"product_brand","embeddable":true,"href":"https:\/\/www.valaz.es\/en\/wp-json\/wp\/v2\/product_brand?post=677"},{"taxonomy":"product_cat","embeddable":true,"href":"https:\/\/www.valaz.es\/en\/wp-json\/wp\/v2\/product_cat?post=677"},{"taxonomy":"product_tag","embeddable":true,"href":"https:\/\/www.valaz.es\/en\/wp-json\/wp\/v2\/product_tag?post=677"},{"taxonomy":"serie","embeddable":true,"href":"https:\/\/www.valaz.es\/en\/wp-json\/wp\/v2\/serie?post=677"},{"taxonomy":"manual-de-instalacion","embeddable":true,"href":"https:\/\/www.valaz.es\/en\/wp-json\/wp\/v2\/manual-de-instalacion?post=677"},{"taxonomy":"color","embeddable":true,"href":"https:\/\/www.valaz.es\/en\/wp-json\/wp\/v2\/color?post=677"}],"curies":[{"name":"wp","href":"https:\/\/api.w.org\/{rel}","templated":true}]}}