{"id":6746,"date":"2023-08-21T12:44:18","date_gmt":"2023-08-21T10:44:18","guid":{"rendered":"https:\/\/www.valaz.es\/?post_type=product&#038;p=6746"},"modified":"2026-01-19T17:23:07","modified_gmt":"2026-01-19T16:23:07","slug":"barra-de-ducha-termostatica-redonda-ajustable-hasta-120cm-negro-mate-serie-birim","status":"publish","type":"product","link":"https:\/\/www.valaz.es\/en\/product\/barra-de-ducha-termostatica-redonda-ajustable-hasta-120cm-negro-mate-serie-birim\/","title":{"rendered":"Barra de ducha termost\u00e1tica redonda ajustable hasta 120CM negro mate &#8211; Serie Birim"},"content":{"rendered":"<p class=\"\" data-start=\"0\" data-end=\"286\">Barra de ducha termost\u00e1tica redonda en acabado negro mate, dise\u00f1ada para ofrecer confort y estilo en el ba\u00f1o. Su sistema termost\u00e1tico permite mantener una temperatura constante durante toda la ducha. Con dise\u00f1o minimalista y elegante, es ideal para ambientes modernos.<\/p>\n<p class=\"\" data-start=\"288\" data-end=\"310\"><strong data-start=\"288\" data-end=\"308\">Especificaciones<\/strong><\/p>\n<ul data-start=\"311\" data-end=\"583\" data-is-last-node=\"\" data-is-only-node=\"\">\n<li class=\"\" data-start=\"311\" data-end=\"364\">\n<p class=\"\" data-start=\"313\" data-end=\"364\"><strong data-start=\"313\" data-end=\"330\">Tipo de ducha<\/strong>: Columna de ducha termost\u00e1tica.<\/p>\n<\/li>\n<li class=\"\" data-start=\"365\" data-end=\"391\">\n<p class=\"\" data-start=\"367\" data-end=\"391\"><strong data-start=\"367\" data-end=\"376\">Color<\/strong>: Negro mate.<\/p>\n<\/li>\n<li class=\"\" data-start=\"392\" data-end=\"525\">\n<p class=\"\" data-start=\"394\" data-end=\"411\"><strong data-start=\"394\" data-end=\"408\">Materiales<\/strong>:<\/p>\n<ul data-start=\"414\" data-end=\"525\">\n<li class=\"\" data-start=\"414\" data-end=\"449\">\n<p class=\"\" data-start=\"416\" data-end=\"449\">Cuerpo de la grifer\u00eda en lat\u00f3n.<\/p>\n<\/li>\n<li class=\"\" data-start=\"452\" data-end=\"493\">\n<p class=\"\" data-start=\"454\" data-end=\"493\">Rociador en acero inoxidable.<\/p>\n<\/li>\n<li class=\"\" data-start=\"496\" data-end=\"525\">\n<p class=\"\" data-start=\"498\" data-end=\"525\">Alcachofa de mano y flexo en PVC.<\/p>\n<\/li>\n<\/ul>\n<\/li>\n<li class=\"\" data-start=\"526\" data-end=\"583\">\n<p class=\"\" data-start=\"528\" data-end=\"583\"><strong data-start=\"528\" data-end=\"550\">Altura de la barra<\/strong>: Ajustable entre 80 cm y 120 cm.<\/p>\n<\/li>\n<li data-start=\"526\" data-end=\"583\"><strong>Instalaci\u00f3n:<\/strong> Distancia est\u00e1ndar de 15 cm entre tomas<\/li>\n<\/ul>\n","protected":false},"excerpt":{"rendered":"<p>Barra de ducha termost\u00e1tica redonda en acabado negro mate, dise\u00f1ada  [&#8230;]<\/p>\n","protected":false},"featured_media":13905,"template":"","meta":[],"product_brand":[],"product_cat":[55],"product_tag":[],"serie":[341],"manual-de-instalacion":[],"color":[27],"class_list":{"0":"post-6746","1":"product","2":"type-product","3":"status-publish","4":"has-post-thumbnail","6":"product_cat-barras-de-ducha","7":"pa_tamano-rociador-20cm","8":"pa_tamano-rociador-25cm","9":"pa_tamano-rociador-30cm","10":"serie-birim","11":"color-negro-mate","13":"first","14":"instock","15":"taxable","16":"shipping-taxable","17":"product-type-variable"},"_links":{"self":[{"href":"https:\/\/www.valaz.es\/en\/wp-json\/wp\/v2\/product\/6746","targetHints":{"allow":["GET"]}}],"collection":[{"href":"https:\/\/www.valaz.es\/en\/wp-json\/wp\/v2\/product"}],"about":[{"href":"https:\/\/www.valaz.es\/en\/wp-json\/wp\/v2\/types\/product"}],"wp:featuredmedia":[{"embeddable":true,"href":"https:\/\/www.valaz.es\/en\/wp-json\/wp\/v2\/media\/13905"}],"wp:attachment":[{"href":"https:\/\/www.valaz.es\/en\/wp-json\/wp\/v2\/media?parent=6746"}],"wp:term":[{"taxonomy":"product_brand","embeddable":true,"href":"https:\/\/www.valaz.es\/en\/wp-json\/wp\/v2\/product_brand?post=6746"},{"taxonomy":"product_cat","embeddable":true,"href":"https:\/\/www.valaz.es\/en\/wp-json\/wp\/v2\/product_cat?post=6746"},{"taxonomy":"product_tag","embeddable":true,"href":"https:\/\/www.valaz.es\/en\/wp-json\/wp\/v2\/product_tag?post=6746"},{"taxonomy":"serie","embeddable":true,"href":"https:\/\/www.valaz.es\/en\/wp-json\/wp\/v2\/serie?post=6746"},{"taxonomy":"manual-de-instalacion","embeddable":true,"href":"https:\/\/www.valaz.es\/en\/wp-json\/wp\/v2\/manual-de-instalacion?post=6746"},{"taxonomy":"color","embeddable":true,"href":"https:\/\/www.valaz.es\/en\/wp-json\/wp\/v2\/color?post=6746"}],"curies":[{"name":"wp","href":"https:\/\/api.w.org\/{rel}","templated":true}]}}