{"id":6732,"date":"2023-08-21T12:36:56","date_gmt":"2023-08-21T10:36:56","guid":{"rendered":"https:\/\/www.valaz.es\/?post_type=product&#038;p=6732"},"modified":"2026-04-11T21:23:09","modified_gmt":"2026-04-11T19:23:09","slug":"barra-de-ducha-termostatica-redonda-ajustable-hasta-120cm-cromada-serie-birim","status":"publish","type":"product","link":"https:\/\/www.valaz.es\/en\/product\/barra-de-ducha-termostatica-redonda-ajustable-hasta-120cm-cromada-serie-birim\/","title":{"rendered":"Barra de ducha termost\u00e1tica redonda ajustable hasta 120CM cromada &#8211; Serie Birim"},"content":{"rendered":"<p class=\"\" data-start=\"0\" data-end=\"266\">Barra de ducha termost\u00e1tica redonda en acabado cromado, perfecta para quienes buscan funcionalidad y dise\u00f1o en su ba\u00f1o. Su sistema termost\u00e1tico garantiza una temperatura estable durante toda la ducha, proporcionando una experiencia c\u00f3moda y segura.<\/p>\n<p class=\"\" data-start=\"268\" data-end=\"290\"><strong data-start=\"268\" data-end=\"288\">Especificaciones<\/strong><\/p>\n<ul data-start=\"291\" data-end=\"560\" data-is-last-node=\"\" data-is-only-node=\"\">\n<li class=\"\" data-start=\"291\" data-end=\"344\">\n<p class=\"\" data-start=\"293\" data-end=\"344\"><strong data-start=\"293\" data-end=\"310\">Tipo de ducha<\/strong>: Columna de ducha termost\u00e1tica.<\/p>\n<\/li>\n<li class=\"\" data-start=\"345\" data-end=\"368\">\n<p class=\"\" data-start=\"347\" data-end=\"368\"><strong data-start=\"347\" data-end=\"356\">Color<\/strong>: Cromado.<\/p>\n<\/li>\n<li class=\"\" data-start=\"369\" data-end=\"502\">\n<p class=\"\" data-start=\"371\" data-end=\"388\"><strong data-start=\"371\" data-end=\"385\">Materiales<\/strong>:<\/p>\n<ul data-start=\"391\" data-end=\"502\">\n<li class=\"\" data-start=\"391\" data-end=\"426\">\n<p class=\"\" data-start=\"393\" data-end=\"426\">Cuerpo de la grifer\u00eda en lat\u00f3n.<\/p>\n<\/li>\n<li class=\"\" data-start=\"429\" data-end=\"470\">\n<p class=\"\" data-start=\"431\" data-end=\"470\">Rociador y flexo en acero inoxidable.<\/p>\n<\/li>\n<li class=\"\" data-start=\"473\" data-end=\"502\">\n<p class=\"\" data-start=\"475\" data-end=\"502\">Alcachofa de mano en PVC.<\/p>\n<\/li>\n<\/ul>\n<\/li>\n<li class=\"\" data-start=\"503\" data-end=\"560\">\n<p class=\"\" data-start=\"505\" data-end=\"560\"><strong data-start=\"505\" data-end=\"527\">Altura de la barra<\/strong>: Ajustable entre 80 cm y 120 cm.<\/p>\n<\/li>\n<li data-start=\"526\" data-end=\"583\"><strong>Instalaci\u00f3n:<\/strong> Distancia est\u00e1ndar de 15 cm entre tomas<\/li>\n<\/ul>\n","protected":false},"excerpt":{"rendered":"<p>Barra de ducha termost\u00e1tica redonda en acabado cromado, perfecta para  [&#8230;]<\/p>\n","protected":false},"featured_media":13909,"template":"","meta":[],"product_brand":[],"product_cat":[55],"product_tag":[],"serie":[341],"manual-de-instalacion":[],"color":[26],"class_list":{"0":"post-6732","1":"product","2":"type-product","3":"status-publish","4":"has-post-thumbnail","6":"product_cat-barras-de-ducha","7":"pa_tamano-rociador-20cm","8":"pa_tamano-rociador-25cm","9":"pa_tamano-rociador-30cm","10":"serie-birim","11":"color-cromo","13":"first","14":"instock","15":"taxable","16":"shipping-taxable","17":"product-type-variable"},"_links":{"self":[{"href":"https:\/\/www.valaz.es\/en\/wp-json\/wp\/v2\/product\/6732","targetHints":{"allow":["GET"]}}],"collection":[{"href":"https:\/\/www.valaz.es\/en\/wp-json\/wp\/v2\/product"}],"about":[{"href":"https:\/\/www.valaz.es\/en\/wp-json\/wp\/v2\/types\/product"}],"wp:featuredmedia":[{"embeddable":true,"href":"https:\/\/www.valaz.es\/en\/wp-json\/wp\/v2\/media\/13909"}],"wp:attachment":[{"href":"https:\/\/www.valaz.es\/en\/wp-json\/wp\/v2\/media?parent=6732"}],"wp:term":[{"taxonomy":"product_brand","embeddable":true,"href":"https:\/\/www.valaz.es\/en\/wp-json\/wp\/v2\/product_brand?post=6732"},{"taxonomy":"product_cat","embeddable":true,"href":"https:\/\/www.valaz.es\/en\/wp-json\/wp\/v2\/product_cat?post=6732"},{"taxonomy":"product_tag","embeddable":true,"href":"https:\/\/www.valaz.es\/en\/wp-json\/wp\/v2\/product_tag?post=6732"},{"taxonomy":"serie","embeddable":true,"href":"https:\/\/www.valaz.es\/en\/wp-json\/wp\/v2\/serie?post=6732"},{"taxonomy":"manual-de-instalacion","embeddable":true,"href":"https:\/\/www.valaz.es\/en\/wp-json\/wp\/v2\/manual-de-instalacion?post=6732"},{"taxonomy":"color","embeddable":true,"href":"https:\/\/www.valaz.es\/en\/wp-json\/wp\/v2\/color?post=6732"}],"curies":[{"name":"wp","href":"https:\/\/api.w.org\/{rel}","templated":true}]}}