{"id":668,"date":"2022-11-10T16:17:28","date_gmt":"2022-11-10T15:17:28","guid":{"rendered":"https:\/\/www.valaz.es\/?post_type=product&#038;p=668"},"modified":"2026-03-24T18:23:09","modified_gmt":"2026-03-24T17:23:09","slug":"ducha-empotrada-monomando-1-via-redonda-cromada-a-pared-serie-guadiana","status":"publish","type":"product","link":"https:\/\/www.valaz.es\/en\/product\/ducha-empotrada-monomando-1-via-redonda-cromada-a-pared-serie-guadiana\/","title":{"rendered":"Ducha empotrada monomando 1 via redonda cromada a pared  &#8211; Serie Guadiana"},"content":{"rendered":"<p class=\"\" data-start=\"78\" data-end=\"386\">La ducha empotrada de la Serie Guadiana en acabado cromado aporta una est\u00e9tica moderna y elegante a tu ba\u00f1o. Este modelo combina la funcionalidad de un monomando con un dise\u00f1o de l\u00edneas limpias y acabados brillantes, ideal para quienes buscan un estilo atemporal con un toque contempor\u00e1neo.<\/p>\n<p class=\"\" data-start=\"388\" data-end=\"410\"><strong data-start=\"388\" data-end=\"408\">Especificaciones<\/strong><\/p>\n<ul data-start=\"411\" data-end=\"731\">\n<li class=\"\" data-start=\"411\" data-end=\"455\">\n<p class=\"\" data-start=\"413\" data-end=\"455\"><strong data-start=\"413\" data-end=\"431\">Tipo de grifo:<\/strong> Monomando de 1 salida<\/p>\n<\/li>\n<li class=\"\" data-start=\"456\" data-end=\"516\">\n<p class=\"\" data-start=\"458\" data-end=\"516\"><strong data-start=\"458\" data-end=\"471\">Rociador:<\/strong> Disponible en tama\u00f1os 20 cm, 25 cm y 30 cm<\/p>\n<\/li>\n<li class=\"\" data-start=\"517\" data-end=\"628\">\n<p class=\"\" data-start=\"519\" data-end=\"536\"><strong data-start=\"519\" data-end=\"534\">Materiales:<\/strong><\/p>\n<ul data-start=\"539\" data-end=\"628\">\n<li class=\"\" data-start=\"539\" data-end=\"562\">\n<p class=\"\" data-start=\"541\" data-end=\"562\">V\u00e1lvula de cer\u00e1mica<\/p>\n<\/li>\n<li class=\"\" data-start=\"565\" data-end=\"598\">\n<p class=\"\" data-start=\"567\" data-end=\"598\">Grifo de agua fr\u00eda y caliente<\/p>\n<\/li>\n<li class=\"\" data-start=\"601\" data-end=\"628\">\n<p class=\"\" data-start=\"603\" data-end=\"628\">Cuerpo y grifo de lat\u00f3n<\/p>\n<\/li>\n<\/ul>\n<\/li>\n<li class=\"\" data-start=\"629\" data-end=\"651\">\n<p class=\"\" data-start=\"631\" data-end=\"651\"><strong data-start=\"631\" data-end=\"643\">Acabado:<\/strong> Cromo<\/p>\n<\/li>\n<li class=\"\" data-start=\"652\" data-end=\"731\">\n<p class=\"\" data-start=\"654\" data-end=\"670\"><strong data-start=\"654\" data-end=\"668\">Funciones:<\/strong><\/p>\n<ul data-start=\"411\" data-end=\"731\">\n<li class=\"\" data-start=\"652\" data-end=\"731\">\n<p class=\"\" data-start=\"654\" data-end=\"670\">Una salida de agua para rociador (agua fr\u00eda y caliente)<\/p>\n<\/li>\n<\/ul>\n<\/li>\n<\/ul>\n","protected":false},"excerpt":{"rendered":"<p>Serie Guadiana con l\u00edneas curvas y redondas, destacada por su sencillez y elegancia, una de nuestras series m\u00e1s minimalista y moderna. Disponemos de ducha empotrada tanto a pared como a techo, grifo de lavabo empotrado, grifo de bid\u00e9 empotrado. Es una de las series m\u00e1s completas en cuanto a productos con la mejor relaci\u00f3n calidad precio y unos acabados en cromado, dorado cepillado, negro mate, acero cepillado, Gun metal, dorado envejecido, blanco.<\/p>\n<p>La garant\u00eda de todos nuestros productos es de 3 a\u00f1os, para funcionamiento, duraci\u00f3n del esmaltado y anticorrosi\u00f3n.<\/p>\n<p>Recomendamos para un correcto mantenimiento de la grifer\u00eda y evitar el deterioro por el uso. Secar las gotas de agua con un pa\u00f1o suave despu\u00e9s del uso, evitando que se posen en la superficie y deterioran el acabado, no utilizar esponjas que puedan rayar la grifer\u00eda, utilizar limpiadores como vinagre limpieza, agua caliente y jab\u00f3n con pH neutro.<\/p>\n<p>&nbsp;<\/p>\n<p><strong>Nuestro departamento\u00a0t\u00e9cnico\u00a0dispone de\u00a0gu\u00edas\u00a0de todos los\u00a0modelos\u00a0empotrados\u00a0que vendemos<\/strong><strong>,\u00a0si tiene alguna duda con la\u00a0instalaci\u00f3n\u00a0contacte con nosotros mediante\u00a0tel\u00e9fono,\u00a0WhatsApp\u00a0o email dentro del horario laboral indicado en la web.<\/strong><\/p>\n<p><strong>Recuerden que una vez instalado el cuerpo\u00a0empotrado\u00a0de la\u00a0grifer\u00eda\u00a0revisar de su correcto funcionamiento de paso de agua, comprobaci\u00f3n de cartuchos y corte de agua, si detecta alguna\u00a0anomal\u00eda\u00a0informe a nuestro\u00a0departamento\u00a0para darle una\u00a0soluci\u00f3n, no\u00a0contin\u00fae\u00a0con la\u00a0instalaci\u00f3n\u00a0de cerramiento de la pared.<\/strong><\/p>\n","protected":false},"featured_media":669,"template":"","meta":[],"product_brand":[],"product_cat":[57,47],"product_tag":[],"serie":[63],"manual-de-instalacion":[],"color":[26],"class_list":{"0":"post-668","1":"product","2":"type-product","3":"status-publish","4":"has-post-thumbnail","6":"product_cat-duchas-empotradas","7":"product_cat-duchas","8":"pa_tamano-rociador-20cm","9":"pa_tamano-rociador-25cm","10":"pa_tamano-rociador-30cm","11":"serie-guadiana","12":"color-cromo","14":"first","15":"instock","16":"taxable","17":"shipping-taxable","18":"product-type-variable"},"_links":{"self":[{"href":"https:\/\/www.valaz.es\/en\/wp-json\/wp\/v2\/product\/668","targetHints":{"allow":["GET"]}}],"collection":[{"href":"https:\/\/www.valaz.es\/en\/wp-json\/wp\/v2\/product"}],"about":[{"href":"https:\/\/www.valaz.es\/en\/wp-json\/wp\/v2\/types\/product"}],"wp:featuredmedia":[{"embeddable":true,"href":"https:\/\/www.valaz.es\/en\/wp-json\/wp\/v2\/media\/669"}],"wp:attachment":[{"href":"https:\/\/www.valaz.es\/en\/wp-json\/wp\/v2\/media?parent=668"}],"wp:term":[{"taxonomy":"product_brand","embeddable":true,"href":"https:\/\/www.valaz.es\/en\/wp-json\/wp\/v2\/product_brand?post=668"},{"taxonomy":"product_cat","embeddable":true,"href":"https:\/\/www.valaz.es\/en\/wp-json\/wp\/v2\/product_cat?post=668"},{"taxonomy":"product_tag","embeddable":true,"href":"https:\/\/www.valaz.es\/en\/wp-json\/wp\/v2\/product_tag?post=668"},{"taxonomy":"serie","embeddable":true,"href":"https:\/\/www.valaz.es\/en\/wp-json\/wp\/v2\/serie?post=668"},{"taxonomy":"manual-de-instalacion","embeddable":true,"href":"https:\/\/www.valaz.es\/en\/wp-json\/wp\/v2\/manual-de-instalacion?post=668"},{"taxonomy":"color","embeddable":true,"href":"https:\/\/www.valaz.es\/en\/wp-json\/wp\/v2\/color?post=668"}],"curies":[{"name":"wp","href":"https:\/\/api.w.org\/{rel}","templated":true}]}}