{"id":658,"date":"2022-11-10T15:19:51","date_gmt":"2022-11-10T14:19:51","guid":{"rendered":"https:\/\/www.valaz.es\/?post_type=product&#038;p=658"},"modified":"2026-03-03T13:28:25","modified_gmt":"2026-03-03T12:28:25","slug":"ducha-empotrada-monomando-a-pared-redonda-blanco-serie-jucar","status":"publish","type":"product","link":"https:\/\/www.valaz.es\/en\/product\/ducha-empotrada-monomando-a-pared-redonda-blanco-serie-jucar\/","title":{"rendered":"Ducha empotrada monomando a pared redonda blanco &#8211; Serie Jucar"},"content":{"rendered":"<p class=\"\" data-start=\"68\" data-end=\"349\">La ducha empotrada de la Serie J\u00facar en acabado blanco ofrece una opci\u00f3n limpia y moderna para tu ba\u00f1o. Con un dise\u00f1o elegante y funcional, este sistema de ducha se adapta perfectamente a cualquier estilo de ba\u00f1o, proporcionando una experiencia c\u00f3moda y vers\u00e1til.<\/p>\n<p class=\"\" data-start=\"351\" data-end=\"373\"><strong data-start=\"351\" data-end=\"371\">Especificaciones<\/strong><\/p>\n<ul data-start=\"374\" data-end=\"774\">\n<li class=\"\" data-start=\"374\" data-end=\"461\">\n<p class=\"\" data-start=\"376\" data-end=\"461\"><strong data-start=\"376\" data-end=\"394\">Tipo de grifo:<\/strong> Monomando de 2 v\u00edas (rociador efecto lluvia y alcachofa de mano)<\/p>\n<\/li>\n<li class=\"\" data-start=\"462\" data-end=\"506\">\n<p class=\"\" data-start=\"464\" data-end=\"506\"><strong data-start=\"464\" data-end=\"477\">Rociador:<\/strong> Disponible en tama\u00f1o 25 cm<\/p>\n<\/li>\n<li class=\"\" data-start=\"507\" data-end=\"614\">\n<p class=\"\" data-start=\"509\" data-end=\"526\"><strong data-start=\"509\" data-end=\"524\">Materiales:<\/strong><\/p>\n<ul data-start=\"529\" data-end=\"614\">\n<li class=\"\" data-start=\"529\" data-end=\"551\">\n<p class=\"\" data-start=\"531\" data-end=\"551\">Monomando de lat\u00f3n<\/p>\n<\/li>\n<li class=\"\" data-start=\"554\" data-end=\"582\">\n<p class=\"\" data-start=\"556\" data-end=\"582\">Alcachofa de mano y flexo de PVC<\/p>\n<\/li>\n<\/ul>\n<\/li>\n<li class=\"\" data-start=\"615\" data-end=\"638\">\n<p class=\"\" data-start=\"617\" data-end=\"638\"><strong data-start=\"617\" data-end=\"629\">Acabado:<\/strong> Blanco<\/p>\n<\/li>\n<li class=\"\" data-start=\"639\" data-end=\"774\">\n<p class=\"\" data-start=\"641\" data-end=\"655\"><strong data-start=\"641\" data-end=\"653\">Incluye:<\/strong><\/p>\n<ul data-start=\"658\" data-end=\"774\">\n<li class=\"\" data-start=\"658\" data-end=\"690\">\n<p class=\"\" data-start=\"660\" data-end=\"690\">Rociador con soporte a pared<\/p>\n<\/li>\n<li class=\"\" data-start=\"693\" data-end=\"716\">\n<p class=\"\" data-start=\"695\" data-end=\"716\">Monomando de 2 v\u00edas<\/p>\n<\/li>\n<li class=\"\" data-start=\"719\" data-end=\"738\">\n<p class=\"\" data-start=\"721\" data-end=\"738\">Flexo de 150 cm<\/p>\n<\/li>\n<li class=\"\" data-start=\"741\" data-end=\"774\">\n<p class=\"\" data-start=\"743\" data-end=\"774\">Alcachofa de mano con soporte<\/p>\n<\/li>\n<\/ul>\n<\/li>\n<\/ul>\n","protected":false},"excerpt":{"rendered":"<p>Serie J\u00facar con l\u00ednea curvas y redondas aporta confort, elegancia y bienestar, perfecta para todo tipo de ba\u00f1os. Actualmente disponemos diferentes acabados cromados, acero cepillado, dorado cepilladlo, dorado envejecido, negro mate, blanco. Es una de nuestras series m\u00e1s completa, ya que tenemos una gran variedad Ducha empotrada donde puedes a\u00f1adir ca\u00f1o para el ba\u00f1o, grifo empotrado de lavabo, grifo de bid\u00e9, grifo t\u00f3tem empotrado de ba\u00f1era exenta. Todos nuestros modelos de grifer\u00eda empotrada incluyen la caja box con cartucho monomando y selector, soporte ducha, flexo y alcachofa de mano junto con el rociador.<\/p>\n<p>La garant\u00eda de todos nuestros productos es de 3 a\u00f1os, para funcionamiento, duraci\u00f3n del esmaltado y anticorrosi\u00f3n.<\/p>\n<p>Recomendamos para un correcto mantenimiento de la grifer\u00eda y evitar el deterioro por el uso. Secar las gotas de agua con un pa\u00f1o suave despu\u00e9s del uso, evitando que se posen en la superficie y deterioran el acabado, no utilizar esponjas que puedan rayar la grifer\u00eda, utilizar limpiadores como vinagre limpieza, agua caliente y jab\u00f3n con ph neutro.<\/p>\n<p>&nbsp;<\/p>\n<p><strong>Nuestro departamento\u00a0t\u00e9cnico\u00a0dispone de\u00a0gu\u00edas\u00a0de todos los\u00a0modelos\u00a0empotrados\u00a0que vendemos<\/strong><strong>,\u00a0si tiene alguna duda con la\u00a0instalaci\u00f3n\u00a0contacte con nosotros mediante\u00a0tel\u00e9fono,\u00a0WhatsApp\u00a0o email dentro del horario laboral indicado en la web.<\/strong><\/p>\n<p><strong>Recuerden que una vez instalado el cuerpo\u00a0empotrado\u00a0de la\u00a0grifer\u00eda\u00a0revisar de su correcto funcionamiento de paso de agua, comprobaci\u00f3n de cartuchos y corte de agua, si detecta alguna\u00a0anomal\u00eda\u00a0informe a nuestro\u00a0departamento\u00a0para darle una\u00a0soluci\u00f3n, no\u00a0contin\u00fae\u00a0con la\u00a0instalaci\u00f3n\u00a0de cerramiento de la pared.<\/strong><\/p>\n","protected":false},"featured_media":660,"template":"","meta":[],"product_brand":[],"product_cat":[57],"product_tag":[],"serie":[56],"manual-de-instalacion":[78],"color":[64],"class_list":{"0":"post-658","1":"product","2":"type-product","3":"status-publish","4":"has-post-thumbnail","6":"product_cat-duchas-empotradas","7":"pa_tamano-rociador-20cm","8":"pa_tamano-rociador-25cm","9":"pa_tamano-rociador-30cm","10":"serie-jucar","11":"manual-de-instalacion-guia-instalacion-duchas-empotradas-monomando","12":"color-blanco","14":"first","15":"instock","16":"taxable","17":"shipping-taxable","18":"product-type-variable"},"_links":{"self":[{"href":"https:\/\/www.valaz.es\/en\/wp-json\/wp\/v2\/product\/658","targetHints":{"allow":["GET"]}}],"collection":[{"href":"https:\/\/www.valaz.es\/en\/wp-json\/wp\/v2\/product"}],"about":[{"href":"https:\/\/www.valaz.es\/en\/wp-json\/wp\/v2\/types\/product"}],"wp:featuredmedia":[{"embeddable":true,"href":"https:\/\/www.valaz.es\/en\/wp-json\/wp\/v2\/media\/660"}],"wp:attachment":[{"href":"https:\/\/www.valaz.es\/en\/wp-json\/wp\/v2\/media?parent=658"}],"wp:term":[{"taxonomy":"product_brand","embeddable":true,"href":"https:\/\/www.valaz.es\/en\/wp-json\/wp\/v2\/product_brand?post=658"},{"taxonomy":"product_cat","embeddable":true,"href":"https:\/\/www.valaz.es\/en\/wp-json\/wp\/v2\/product_cat?post=658"},{"taxonomy":"product_tag","embeddable":true,"href":"https:\/\/www.valaz.es\/en\/wp-json\/wp\/v2\/product_tag?post=658"},{"taxonomy":"serie","embeddable":true,"href":"https:\/\/www.valaz.es\/en\/wp-json\/wp\/v2\/serie?post=658"},{"taxonomy":"manual-de-instalacion","embeddable":true,"href":"https:\/\/www.valaz.es\/en\/wp-json\/wp\/v2\/manual-de-instalacion?post=658"},{"taxonomy":"color","embeddable":true,"href":"https:\/\/www.valaz.es\/en\/wp-json\/wp\/v2\/color?post=658"}],"curies":[{"name":"wp","href":"https:\/\/api.w.org\/{rel}","templated":true}]}}