{"id":651,"date":"2022-11-10T13:15:04","date_gmt":"2022-11-10T12:15:04","guid":{"rendered":"https:\/\/www.valaz.es\/?post_type=product&#038;p=651"},"modified":"2026-01-28T16:28:31","modified_gmt":"2026-01-28T15:28:31","slug":"grifo-de-lavabo-alto-para-pica-monomando-blanco-serie-jabalon","status":"publish","type":"product","link":"https:\/\/www.valaz.es\/en\/product\/grifo-de-lavabo-alto-para-pica-monomando-blanco-serie-jabalon\/","title":{"rendered":"Grifo de lavabo alto para pica monomando blanco &#8211; Serie Jabalon"},"content":{"rendered":"<p class=\"\" data-start=\"69\" data-end=\"426\">El grifo de lavabo alto para pica monomando de la Serie Jabal\u00f3n ofrece una combinaci\u00f3n perfecta de estilo y funcionalidad. Su dise\u00f1o alto y elegante en acabado blanco es ideal para lavabos de pica, brindando un toque moderno y minimalista al ba\u00f1o. El sistema monomando facilita el control del flujo y la temperatura del agua con facilidad.<\/p>\n<p class=\"\" data-start=\"428\" data-end=\"450\"><strong data-start=\"428\" data-end=\"448\">Especificaciones<\/strong><\/p>\n<ul data-start=\"451\" data-end=\"682\">\n<li class=\"\" data-start=\"451\" data-end=\"483\">\n<p class=\"\" data-start=\"453\" data-end=\"483\"><strong data-start=\"453\" data-end=\"471\">Tipo de grifo:<\/strong> Monomando<\/p>\n<\/li>\n<li class=\"\" data-start=\"484\" data-end=\"515\">\n<p class=\"\" data-start=\"486\" data-end=\"515\"><strong data-start=\"486\" data-end=\"497\">Dise\u00f1o:<\/strong> Alto, para pica<\/p>\n<\/li>\n<li class=\"\" data-start=\"516\" data-end=\"658\">\n<p class=\"\" data-start=\"518\" data-end=\"535\"><strong data-start=\"518\" data-end=\"533\">Materiales:<\/strong><\/p>\n<ul data-start=\"538\" data-end=\"658\">\n<li class=\"\" data-start=\"538\" data-end=\"572\">\n<p class=\"\" data-start=\"540\" data-end=\"572\">Cuerpo de la grifer\u00eda en lat\u00f3n<\/p>\n<\/li>\n<li class=\"\" data-start=\"575\" data-end=\"593\">\n<p class=\"\" data-start=\"577\" data-end=\"593\">Acabado blanco<\/p>\n<\/li>\n<li class=\"\" data-start=\"596\" data-end=\"626\">\n<p class=\"\" data-start=\"598\" data-end=\"626\">Cartucho cer\u00e1mico de 35 mm<\/p>\n<\/li>\n<li class=\"\" data-start=\"629\" data-end=\"658\">\n<p class=\"\" data-start=\"631\" data-end=\"658\">Latiguillos 3\/8 incluidos<\/p>\n<\/li>\n<\/ul>\n<\/li>\n<li class=\"\" data-start=\"659\" data-end=\"682\">\n<p class=\"\" data-start=\"661\" data-end=\"682\"><strong data-start=\"661\" data-end=\"673\">Acabado:<\/strong> Blanco<\/p>\n<\/li>\n<\/ul>\n","protected":false},"excerpt":{"rendered":"<p>SERIE<\/p>\n<p><strong>JABALON<\/strong><\/p>\n<p>Serie jabal\u00f3n es perfecta si quiere apostar por un ba\u00f1o minimalista y con elegancia, ya que puede encajar en todo tipo de cuartos de ba\u00f1o. Actualmente tenemos diferentes modelos:\u00a0 grifo de lavabo, grifo alto pica y grifo de bid\u00e9, disponemos de varios acabados cromo, dorado cepillado, Gun metal, negro, dorado envejecido, blanco y acero cepillado. \u00a0Todos nuestros modelos incluyen los flexos de instalaci\u00f3n.<\/p>\n<p>La garant\u00eda de todos nuestros productos es de 3 a\u00f1os, para funcionamiento, duraci\u00f3n del esmaltado y anticorrosi\u00f3n.<\/p>\n<p>Recomendamos para un correcto mantenimiento de la grifer\u00eda y evitar el deterioro por el uso. Secar las gotas de agua con un pa\u00f1o suave despu\u00e9s del uso, evitando que se posen en la superficie y deterioran el acabado, no utilizar esponjas que puedan rayar la grifer\u00eda, utilizar limpiadores como vinagre limpieza, agua caliente y jab\u00f3n con ph neutro.<\/p>\n<p>&nbsp;<\/p>\n<p><strong>Nuestro departamento\u00a0t\u00e9cnico\u00a0dispone de\u00a0gu\u00edas\u00a0de todos los\u00a0modelos\u00a0empotrados\u00a0que vendemos<\/strong><strong>,\u00a0si tiene alguna duda con la\u00a0instalaci\u00f3n\u00a0contacte con nosotros mediante\u00a0tel\u00e9fono,\u00a0WhatsApp\u00a0o email dentro del horario laboral indicado en la web.<\/strong><\/p>\n<p><strong>Recuerden que una vez instalado el cuerpo\u00a0empotrado\u00a0de la\u00a0grifer\u00eda\u00a0revisar de su correcto funcionamiento de paso de agua, comprobaci\u00f3n de cartuchos y corte de agua, si detecta alguna\u00a0anomal\u00eda\u00a0informe a nuestro\u00a0departamento\u00a0para darle una\u00a0soluci\u00f3n, no\u00a0contin\u00fae\u00a0con la\u00a0instalaci\u00f3n\u00a0de cerramiento de la pared.<\/strong><\/p>\n","protected":false},"featured_media":17904,"template":"","meta":[],"product_brand":[],"product_cat":[48],"product_tag":[],"serie":[40],"manual-de-instalacion":[83],"color":[64],"class_list":{"0":"post-651","1":"product","2":"type-product","3":"status-publish","4":"has-post-thumbnail","6":"product_cat-grifos-de-lavabo","7":"serie-jabalon","8":"manual-de-instalacion-guia-instalacion-grifo-superficie","9":"color-blanco","11":"first","12":"instock","13":"taxable","14":"shipping-taxable","15":"product-type-simple"},"_links":{"self":[{"href":"https:\/\/www.valaz.es\/en\/wp-json\/wp\/v2\/product\/651","targetHints":{"allow":["GET"]}}],"collection":[{"href":"https:\/\/www.valaz.es\/en\/wp-json\/wp\/v2\/product"}],"about":[{"href":"https:\/\/www.valaz.es\/en\/wp-json\/wp\/v2\/types\/product"}],"wp:featuredmedia":[{"embeddable":true,"href":"https:\/\/www.valaz.es\/en\/wp-json\/wp\/v2\/media\/17904"}],"wp:attachment":[{"href":"https:\/\/www.valaz.es\/en\/wp-json\/wp\/v2\/media?parent=651"}],"wp:term":[{"taxonomy":"product_brand","embeddable":true,"href":"https:\/\/www.valaz.es\/en\/wp-json\/wp\/v2\/product_brand?post=651"},{"taxonomy":"product_cat","embeddable":true,"href":"https:\/\/www.valaz.es\/en\/wp-json\/wp\/v2\/product_cat?post=651"},{"taxonomy":"product_tag","embeddable":true,"href":"https:\/\/www.valaz.es\/en\/wp-json\/wp\/v2\/product_tag?post=651"},{"taxonomy":"serie","embeddable":true,"href":"https:\/\/www.valaz.es\/en\/wp-json\/wp\/v2\/serie?post=651"},{"taxonomy":"manual-de-instalacion","embeddable":true,"href":"https:\/\/www.valaz.es\/en\/wp-json\/wp\/v2\/manual-de-instalacion?post=651"},{"taxonomy":"color","embeddable":true,"href":"https:\/\/www.valaz.es\/en\/wp-json\/wp\/v2\/color?post=651"}],"curies":[{"name":"wp","href":"https:\/\/api.w.org\/{rel}","templated":true}]}}