{"id":6472,"date":"2023-10-19T16:02:30","date_gmt":"2023-10-19T14:02:30","guid":{"rendered":"https:\/\/www.valaz.es\/?post_type=product&#038;p=6472"},"modified":"2026-03-16T17:48:22","modified_gmt":"2026-03-16T16:48:22","slug":"grifo-de-banera-exenta-redondo-oro-mate-con-proteccion-pvd-serie-misuri","status":"publish","type":"product","link":"https:\/\/www.valaz.es\/en\/product\/grifo-de-banera-exenta-redondo-oro-mate-con-proteccion-pvd-serie-misuri\/","title":{"rendered":"Grifo de ba\u00f1era exenta redondo oro mate con protecci\u00f3n PVD &#8211; Serie Misuri"},"content":{"rendered":"<p class=\"\" data-start=\"79\" data-end=\"361\">Este impresionante grifo para ba\u00f1era exenta combina un dise\u00f1o redondo de estilo cascada con un acabado en oro mate, protegido por PVD. Perfecto para a\u00f1adir un toque de elegancia a tu ba\u00f1o, su estructura de lat\u00f3n y su cartucho cer\u00e1mico aseguran durabilidad y un rendimiento superior.<\/p>\n<p class=\"\" data-start=\"363\" data-end=\"384\"><strong data-start=\"363\" data-end=\"384\">Especificaciones:<\/strong><\/p>\n<ul data-start=\"386\" data-end=\"686\" data-is-last-node=\"\" data-is-only-node=\"\">\n<li class=\"\" data-start=\"386\" data-end=\"447\">\n<p class=\"\" data-start=\"388\" data-end=\"447\"><strong data-start=\"388\" data-end=\"405\">Tipo de grifo<\/strong>: Grifo de ba\u00f1era exenta redondo monomando<\/p>\n<\/li>\n<li class=\"\" data-start=\"448\" data-end=\"488\">\n<p class=\"\" data-start=\"450\" data-end=\"488\"><strong data-start=\"450\" data-end=\"459\">Color<\/strong>: Oro mate con protecci\u00f3n PVD<\/p>\n<\/li>\n<li class=\"\" data-start=\"489\" data-end=\"532\">\n<p class=\"\" data-start=\"491\" data-end=\"532\"><strong data-start=\"491\" data-end=\"503\">Material<\/strong>: Cuerpo de grifer\u00eda de lat\u00f3n<\/p>\n<\/li>\n<li class=\"\" data-start=\"533\" data-end=\"557\">\n<p class=\"\" data-start=\"535\" data-end=\"557\"><strong data-start=\"535\" data-end=\"547\">Cartucho<\/strong>: Cer\u00e1mico<\/p>\n<\/li>\n<li class=\"\" data-start=\"558\" data-end=\"615\">\n<p class=\"\" data-start=\"560\" data-end=\"615\"><strong data-start=\"560\" data-end=\"572\">Conexi\u00f3n<\/strong>: Agua caliente y fr\u00eda con conector de 1\/2&#8243;<\/p>\n<\/li>\n<li class=\"\" data-start=\"529\" data-end=\"570\">\n<p class=\"\" data-start=\"531\" data-end=\"570\"><strong>Alcachofa de mano y flexo:<\/strong> PVC.<\/p>\n<\/li>\n<li class=\"\" data-start=\"616\" data-end=\"647\">\n<p class=\"\" data-start=\"618\" data-end=\"647\"><strong data-start=\"618\" data-end=\"629\">Medidas<\/strong>: 118 cm de altura<\/p>\n<\/li>\n<li class=\"\" data-start=\"648\" data-end=\"686\">\n<p class=\"\" data-start=\"650\" data-end=\"686\"><strong data-start=\"650\" data-end=\"665\">Instalaci\u00f3n<\/strong>: De pie, tipo exento<\/p>\n<\/li>\n<\/ul>\n","protected":false},"excerpt":{"rendered":"<p>Este impresionante grifo para ba\u00f1era exenta combina un dise\u00f1o redondo  [&#8230;]<\/p>\n","protected":false},"featured_media":10918,"template":"","meta":[],"product_brand":[],"product_cat":[49],"product_tag":[],"serie":[335],"manual-de-instalacion":[84],"color":[350],"class_list":{"0":"post-6472","1":"product","2":"type-product","3":"status-publish","4":"has-post-thumbnail","6":"product_cat-grifos-de-banera-exenta","7":"serie-misuri","8":"manual-de-instalacion-guia-instalacion-grifo-exenta","9":"color-oro-mate-cepillado","11":"first","12":"instock","13":"taxable","14":"shipping-taxable","15":"product-type-simple"},"_links":{"self":[{"href":"https:\/\/www.valaz.es\/en\/wp-json\/wp\/v2\/product\/6472","targetHints":{"allow":["GET"]}}],"collection":[{"href":"https:\/\/www.valaz.es\/en\/wp-json\/wp\/v2\/product"}],"about":[{"href":"https:\/\/www.valaz.es\/en\/wp-json\/wp\/v2\/types\/product"}],"wp:featuredmedia":[{"embeddable":true,"href":"https:\/\/www.valaz.es\/en\/wp-json\/wp\/v2\/media\/10918"}],"wp:attachment":[{"href":"https:\/\/www.valaz.es\/en\/wp-json\/wp\/v2\/media?parent=6472"}],"wp:term":[{"taxonomy":"product_brand","embeddable":true,"href":"https:\/\/www.valaz.es\/en\/wp-json\/wp\/v2\/product_brand?post=6472"},{"taxonomy":"product_cat","embeddable":true,"href":"https:\/\/www.valaz.es\/en\/wp-json\/wp\/v2\/product_cat?post=6472"},{"taxonomy":"product_tag","embeddable":true,"href":"https:\/\/www.valaz.es\/en\/wp-json\/wp\/v2\/product_tag?post=6472"},{"taxonomy":"serie","embeddable":true,"href":"https:\/\/www.valaz.es\/en\/wp-json\/wp\/v2\/serie?post=6472"},{"taxonomy":"manual-de-instalacion","embeddable":true,"href":"https:\/\/www.valaz.es\/en\/wp-json\/wp\/v2\/manual-de-instalacion?post=6472"},{"taxonomy":"color","embeddable":true,"href":"https:\/\/www.valaz.es\/en\/wp-json\/wp\/v2\/color?post=6472"}],"curies":[{"name":"wp","href":"https:\/\/api.w.org\/{rel}","templated":true}]}}