{"id":6465,"date":"2023-08-02T14:17:10","date_gmt":"2023-08-02T12:17:10","guid":{"rendered":"https:\/\/www.valaz.es\/?post_type=product&#038;p=6465"},"modified":"2025-07-02T17:24:05","modified_gmt":"2025-07-02T15:24:05","slug":"grifo-de-banera-exenta-redondo-cromado-serie-misuri","status":"publish","type":"product","link":"https:\/\/www.valaz.es\/en\/product\/grifo-de-banera-exenta-redondo-cromado-serie-misuri\/","title":{"rendered":"Grifo de ba\u00f1era exenta redondo cromado &#8211; Serie Misuri"},"content":{"rendered":"<p class=\"\" data-start=\"0\" data-end=\"396\">Grifo de ba\u00f1era exenta redondo cromado de la serie Misuri, dise\u00f1ado para ofrecer un elegante acabado y una funcionalidad excepcional en tu ba\u00f1o. Con su ca\u00f1o largo y curvado, este grifo es ideal para ba\u00f1eras exentas, ofreciendo tanto estilo como comodidad al instante de uso. Su acabado cromado proporciona un toque brillante y moderno, complementando cualquier ambiente de ba\u00f1o.<\/p>\n<p class=\"\" data-start=\"398\" data-end=\"420\"><strong data-start=\"398\" data-end=\"418\">Especificaciones<\/strong><\/p>\n<ul data-start=\"421\" data-end=\"806\">\n<li class=\"\" data-start=\"421\" data-end=\"466\">\n<p class=\"\" data-start=\"423\" data-end=\"466\"><strong data-start=\"423\" data-end=\"440\">Tipo de grifo<\/strong>: Grifo de ba\u00f1era exenta<\/p>\n<\/li>\n<li class=\"\" data-start=\"467\" data-end=\"490\">\n<p class=\"\" data-start=\"469\" data-end=\"490\"><strong data-start=\"469\" data-end=\"479\">Dise\u00f1o<\/strong>: Redondo<\/p>\n<\/li>\n<li class=\"\" data-start=\"491\" data-end=\"515\">\n<p class=\"\" data-start=\"493\" data-end=\"515\"><strong data-start=\"493\" data-end=\"504\">Acabado<\/strong>: Cromado<\/p>\n<\/li>\n<li data-start=\"491\" data-end=\"515\"><strong>Flexo:<\/strong> Acero inoxidable<\/li>\n<li class=\"\" data-start=\"516\" data-end=\"561\">\n<p class=\"\" data-start=\"518\" data-end=\"561\"><strong data-start=\"518\" data-end=\"530\">Material<\/strong>: Cuerpo de grifer\u00eda de lat\u00f3n<\/p>\n<\/li>\n<li data-start=\"516\" data-end=\"561\"><strong>Alcachofa de mano:<\/strong> PVC<\/li>\n<li class=\"\" data-start=\"562\" data-end=\"597\">\n<p class=\"\" data-start=\"564\" data-end=\"597\"><strong data-start=\"564\" data-end=\"576\">Cartucho<\/strong>: Cer\u00e1mico de 35 mm<\/p>\n<\/li>\n<li class=\"\" data-start=\"598\" data-end=\"626\">\n<p class=\"\" data-start=\"600\" data-end=\"626\"><strong data-start=\"600\" data-end=\"616\">Altura total<\/strong>: 118 cm<\/p>\n<\/li>\n<li class=\"\" data-start=\"627\" data-end=\"661\">\n<p class=\"\" data-start=\"629\" data-end=\"661\"><strong data-start=\"629\" data-end=\"641\">Conexi\u00f3n<\/strong>: Conector de 1\/2&#8243;<\/p>\n<\/li>\n<li class=\"\" data-start=\"662\" data-end=\"714\">\n<p class=\"\" data-start=\"664\" data-end=\"714\"><strong data-start=\"664\" data-end=\"677\">Mangueras<\/strong>: 2 mangueras de conexi\u00f3n incluidas<\/p>\n<\/li>\n<li class=\"\" data-start=\"715\" data-end=\"767\">\n<p class=\"\" data-start=\"717\" data-end=\"767\"><strong data-start=\"717\" data-end=\"725\">Ca\u00f1o<\/strong>: Ca\u00f1o largo, ideal para ba\u00f1eras exentas<\/p>\n<\/li>\n<li class=\"\" data-start=\"768\" data-end=\"806\">\n<p class=\"\" data-start=\"770\" data-end=\"806\"><strong data-start=\"770\" data-end=\"785\">Instalaci\u00f3n<\/strong>: Montaje en el suelo<\/p>\n<\/li>\n<\/ul>\n","protected":false},"excerpt":{"rendered":"<p>Grifo de ba\u00f1era exenta redondo cromado de la serie Misuri,  [&#8230;]<\/p>\n","protected":false},"featured_media":6669,"template":"","meta":[],"product_brand":[],"product_cat":[49],"product_tag":[],"serie":[335],"manual-de-instalacion":[84],"color":[26],"class_list":{"0":"post-6465","1":"product","2":"type-product","3":"status-publish","4":"has-post-thumbnail","6":"product_cat-grifos-de-banera-exenta","7":"serie-misuri","8":"manual-de-instalacion-guia-instalacion-grifo-exenta","9":"color-cromo","11":"first","12":"instock","13":"taxable","14":"shipping-taxable","15":"product-type-simple"},"_links":{"self":[{"href":"https:\/\/www.valaz.es\/en\/wp-json\/wp\/v2\/product\/6465","targetHints":{"allow":["GET"]}}],"collection":[{"href":"https:\/\/www.valaz.es\/en\/wp-json\/wp\/v2\/product"}],"about":[{"href":"https:\/\/www.valaz.es\/en\/wp-json\/wp\/v2\/types\/product"}],"wp:featuredmedia":[{"embeddable":true,"href":"https:\/\/www.valaz.es\/en\/wp-json\/wp\/v2\/media\/6669"}],"wp:attachment":[{"href":"https:\/\/www.valaz.es\/en\/wp-json\/wp\/v2\/media?parent=6465"}],"wp:term":[{"taxonomy":"product_brand","embeddable":true,"href":"https:\/\/www.valaz.es\/en\/wp-json\/wp\/v2\/product_brand?post=6465"},{"taxonomy":"product_cat","embeddable":true,"href":"https:\/\/www.valaz.es\/en\/wp-json\/wp\/v2\/product_cat?post=6465"},{"taxonomy":"product_tag","embeddable":true,"href":"https:\/\/www.valaz.es\/en\/wp-json\/wp\/v2\/product_tag?post=6465"},{"taxonomy":"serie","embeddable":true,"href":"https:\/\/www.valaz.es\/en\/wp-json\/wp\/v2\/serie?post=6465"},{"taxonomy":"manual-de-instalacion","embeddable":true,"href":"https:\/\/www.valaz.es\/en\/wp-json\/wp\/v2\/manual-de-instalacion?post=6465"},{"taxonomy":"color","embeddable":true,"href":"https:\/\/www.valaz.es\/en\/wp-json\/wp\/v2\/color?post=6465"}],"curies":[{"name":"wp","href":"https:\/\/api.w.org\/{rel}","templated":true}]}}