{"id":645,"date":"2022-11-10T12:47:05","date_gmt":"2022-11-10T11:47:05","guid":{"rendered":"https:\/\/www.valaz.es\/?post_type=product&#038;p=645"},"modified":"2026-04-15T13:55:46","modified_gmt":"2026-04-15T11:55:46","slug":"grifo-de-lavabo-monomando-redondo-blanco-serie-jabalon","status":"publish","type":"product","link":"https:\/\/www.valaz.es\/en\/product\/grifo-de-lavabo-monomando-redondo-blanco-serie-jabalon\/","title":{"rendered":"Grifo de lavabo monomando redondo blanco &#8211; Serie Jabal\u00f3n"},"content":{"rendered":"<p class=\"\" data-start=\"62\" data-end=\"487\">El grifo de lavabo monomando redondo de la Serie Jabal\u00f3n combina un dise\u00f1o contempor\u00e1neo con la eficiencia de un cartucho cer\u00e1mico de alta calidad. Su acabado blanco y su forma redonda hacen de este grifo una opci\u00f3n perfecta para a\u00f1adir un toque de frescura y modernidad a cualquier lavabo. El sistema monomando ofrece un f\u00e1cil control de la temperatura y el flujo del agua, brindando comodidad en cada uso.<\/p>\n<p class=\"\" data-start=\"489\" data-end=\"511\"><strong data-start=\"489\" data-end=\"509\">Especificaciones<\/strong><\/p>\n<ul data-start=\"512\" data-end=\"746\">\n<li class=\"\" data-start=\"512\" data-end=\"544\">\n<p class=\"\" data-start=\"514\" data-end=\"544\"><strong data-start=\"514\" data-end=\"532\">Tipo de grifo:<\/strong> Monomando<\/p>\n<\/li>\n<li class=\"\" data-start=\"545\" data-end=\"581\">\n<p class=\"\" data-start=\"547\" data-end=\"581\"><strong data-start=\"547\" data-end=\"558\">Dise\u00f1o:<\/strong> Redondo, para lavabo<\/p>\n<\/li>\n<li class=\"\" data-start=\"582\" data-end=\"722\">\n<p class=\"\" data-start=\"584\" data-end=\"601\"><strong data-start=\"584\" data-end=\"599\">Materiales:<\/strong><\/p>\n<ul data-start=\"604\" data-end=\"722\">\n<li class=\"\" data-start=\"604\" data-end=\"657\">\n<p class=\"\" data-start=\"606\" data-end=\"657\">Cuerpo de la grifer\u00eda en lat\u00f3n con acabado blanco<\/p>\n<\/li>\n<li class=\"\" data-start=\"660\" data-end=\"690\">\n<p class=\"\" data-start=\"662\" data-end=\"690\">Cartucho cer\u00e1mico de 35 mm<\/p>\n<\/li>\n<li class=\"\" data-start=\"693\" data-end=\"722\">\n<p class=\"\" data-start=\"695\" data-end=\"722\">Latiguillos 3\/8 incluidos<\/p>\n<\/li>\n<\/ul>\n<\/li>\n<li class=\"\" data-start=\"723\" data-end=\"746\">\n<p class=\"\" data-start=\"725\" data-end=\"746\"><strong data-start=\"725\" data-end=\"737\">Acabado:<\/strong> Blanco<\/p>\n<\/li>\n<\/ul>\n","protected":false},"excerpt":{"rendered":"<p>SERIE<\/p>\n<p><strong>JABALON<\/strong><\/p>\n<p>Serie jabal\u00f3n es perfecta si quiere apostar por un ba\u00f1o minimalista y con elegancia, ya que puede encajar en todo tipo de cuartos de ba\u00f1o. Actualmente tenemos diferentes modelos:\u00a0 grifo de lavabo, grifo alto pica y grifo de bid\u00e9, disponemos de varios acabados cromo, dorado cepillado, Gun metal, negro, dorado envejecido, blanco y acero cepillado. \u00a0Todos nuestros modelos incluyen los flexos de instalaci\u00f3n.<\/p>\n<p>La garant\u00eda de todos nuestros productos es de 3 a\u00f1os, para funcionamiento, duraci\u00f3n del esmaltado y anticorrosi\u00f3n.<\/p>\n<p>Recomendamos para un correcto mantenimiento de la grifer\u00eda y evitar el deterioro por el uso. Secar las gotas de agua con un pa\u00f1o suave despu\u00e9s del uso, evitando que se posen en la superficie y deterioran el acabado, no utilizar esponjas que puedan rayar la grifer\u00eda, utilizar limpiadores como vinagre limpieza, agua caliente y jab\u00f3n con ph neutro.<\/p>\n<p>&nbsp;<\/p>\n<p><strong>Nuestro departamento\u00a0t\u00e9cnico\u00a0dispone de\u00a0gu\u00edas\u00a0de todos los\u00a0modelos\u00a0empotrados\u00a0que vendemos<\/strong><strong>,\u00a0si tiene alguna duda con la\u00a0instalaci\u00f3n\u00a0contacte con nosotros mediante\u00a0tel\u00e9fono,\u00a0WhatsApp\u00a0o email dentro del horario laboral indicado en la web.<\/strong><\/p>\n<p><strong>Recuerden que una vez instalado el cuerpo\u00a0empotrado\u00a0de la\u00a0grifer\u00eda\u00a0revisar de su correcto funcionamiento de paso de agua, comprobaci\u00f3n de cartuchos y corte de agua, si detecta alguna\u00a0anomal\u00eda\u00a0informe a nuestro\u00a0departamento\u00a0para darle una\u00a0soluci\u00f3n, no\u00a0contin\u00fae\u00a0con la\u00a0instalaci\u00f3n\u00a0de cerramiento de la pared.<\/strong><\/p>\n","protected":false},"featured_media":646,"template":"","meta":[],"product_brand":[],"product_cat":[48],"product_tag":[],"serie":[40],"manual-de-instalacion":[83],"color":[64],"class_list":{"0":"post-645","1":"product","2":"type-product","3":"status-publish","4":"has-post-thumbnail","6":"product_cat-grifos-de-lavabo","7":"serie-jabalon","8":"manual-de-instalacion-guia-instalacion-grifo-superficie","9":"color-blanco","11":"first","12":"instock","13":"taxable","14":"shipping-taxable","15":"product-type-simple"},"_links":{"self":[{"href":"https:\/\/www.valaz.es\/en\/wp-json\/wp\/v2\/product\/645","targetHints":{"allow":["GET"]}}],"collection":[{"href":"https:\/\/www.valaz.es\/en\/wp-json\/wp\/v2\/product"}],"about":[{"href":"https:\/\/www.valaz.es\/en\/wp-json\/wp\/v2\/types\/product"}],"wp:featuredmedia":[{"embeddable":true,"href":"https:\/\/www.valaz.es\/en\/wp-json\/wp\/v2\/media\/646"}],"wp:attachment":[{"href":"https:\/\/www.valaz.es\/en\/wp-json\/wp\/v2\/media?parent=645"}],"wp:term":[{"taxonomy":"product_brand","embeddable":true,"href":"https:\/\/www.valaz.es\/en\/wp-json\/wp\/v2\/product_brand?post=645"},{"taxonomy":"product_cat","embeddable":true,"href":"https:\/\/www.valaz.es\/en\/wp-json\/wp\/v2\/product_cat?post=645"},{"taxonomy":"product_tag","embeddable":true,"href":"https:\/\/www.valaz.es\/en\/wp-json\/wp\/v2\/product_tag?post=645"},{"taxonomy":"serie","embeddable":true,"href":"https:\/\/www.valaz.es\/en\/wp-json\/wp\/v2\/serie?post=645"},{"taxonomy":"manual-de-instalacion","embeddable":true,"href":"https:\/\/www.valaz.es\/en\/wp-json\/wp\/v2\/manual-de-instalacion?post=645"},{"taxonomy":"color","embeddable":true,"href":"https:\/\/www.valaz.es\/en\/wp-json\/wp\/v2\/color?post=645"}],"curies":[{"name":"wp","href":"https:\/\/api.w.org\/{rel}","templated":true}]}}