{"id":641,"date":"2022-11-10T12:34:49","date_gmt":"2022-11-10T11:34:49","guid":{"rendered":"https:\/\/www.valaz.es\/?post_type=product&#038;p=641"},"modified":"2025-12-24T11:54:27","modified_gmt":"2025-12-24T10:54:27","slug":"grifo-lavabo-empotrado-redondo-monomando-blanco-cano-15cm-serie-guadiana","status":"publish","type":"product","link":"https:\/\/www.valaz.es\/en\/product\/grifo-lavabo-empotrado-redondo-monomando-blanco-cano-15cm-serie-guadiana\/","title":{"rendered":"Grifo lavabo empotrado redondo monomando blanco ca\u00f1o 15cm &#8211; Serie Guadiana"},"content":{"rendered":"<p class=\"\" data-start=\"83\" data-end=\"483\">Este grifo empotrado redondo monomando de la Serie Guadiana con ca\u00f1o de 15 cm ofrece un dise\u00f1o minimalista y moderno para el lavabo. Su acabado blanco proporciona un toque de frescura, mientras que el sistema monomando facilita el control de la temperatura y el flujo de agua con facilidad. Ideal para aquellos que buscan una est\u00e9tica contempor\u00e1nea sin renunciar a la funcionalidad.<\/p>\n<p class=\"\" data-start=\"485\" data-end=\"507\"><strong data-start=\"485\" data-end=\"505\">Especificaciones<\/strong><\/p>\n<ul data-start=\"508\" data-end=\"749\">\n<li class=\"\" data-start=\"508\" data-end=\"550\">\n<p class=\"\" data-start=\"510\" data-end=\"550\"><strong data-start=\"510\" data-end=\"528\">Tipo de grifo:<\/strong> Empotrado monomando<\/p>\n<\/li>\n<li class=\"\" data-start=\"551\" data-end=\"587\">\n<p class=\"\" data-start=\"553\" data-end=\"587\"><strong data-start=\"553\" data-end=\"564\">Dise\u00f1o:<\/strong> Redondo, para lavabo<\/p>\n<\/li>\n<li class=\"\" data-start=\"588\" data-end=\"607\">\n<p class=\"\" data-start=\"590\" data-end=\"607\"><strong data-start=\"590\" data-end=\"599\">Ca\u00f1o:<\/strong> 15 cm<\/p>\n<\/li>\n<li class=\"\" data-start=\"608\" data-end=\"704\">\n<p class=\"\" data-start=\"610\" data-end=\"627\"><strong data-start=\"610\" data-end=\"625\">Materiales:<\/strong><\/p>\n<ul data-start=\"630\" data-end=\"704\">\n<li class=\"\" data-start=\"630\" data-end=\"664\">\n<p class=\"\" data-start=\"632\" data-end=\"664\">Cuerpo de la grifer\u00eda en lat\u00f3n<\/p>\n<\/li>\n<li class=\"\" data-start=\"667\" data-end=\"704\">\n<p class=\"\" data-start=\"669\" data-end=\"704\">Cartucho cer\u00e1mico de alta calidad<\/p>\n<\/li>\n<\/ul>\n<\/li>\n<li class=\"\" data-start=\"705\" data-end=\"728\">\n<p class=\"\" data-start=\"707\" data-end=\"728\"><strong data-start=\"707\" data-end=\"719\">Acabado:<\/strong> Blanco<\/p>\n<\/li>\n<li class=\"\" data-start=\"729\" data-end=\"749\">\n<p class=\"\" data-start=\"731\" data-end=\"749\"><strong data-start=\"731\" data-end=\"744\">Conexi\u00f3n:<\/strong> G1\/2<\/p>\n<\/li>\n<\/ul>\n","protected":false},"excerpt":{"rendered":"<p>Serie Guadiana con l\u00edneas curvas y redondas, destacada por su sencillez y elegancia, una de nuestras series m\u00e1s minimalista y moderna. Disponemos de ducha empotrada tanto a pared como a techo, grifo de lavabo empotrado, grifo de bid\u00e9 empotrado. Es una de las series m\u00e1s completas en cuanto a productos con la mejor relaci\u00f3n calidad precio y unos acabados en cromado, dorado cepillado, negro mate, acero cepillado, Gun metal, dorado envejecido, blanco.<\/p>\n<p>La garant\u00eda de todos nuestros productos es de 3 a\u00f1os, para funcionamiento, duraci\u00f3n del esmaltado y anticorrosi\u00f3n.<\/p>\n<p>Recomendamos para un correcto mantenimiento de la grifer\u00eda y evitar el deterioro por el uso. Secar las gotas de agua con un pa\u00f1o suave despu\u00e9s del uso, evitando que se posen en la superficie y deterioran el acabado, no utilizar esponjas que puedan rayar la grifer\u00eda, utilizar limpiadores como vinagre limpieza, agua caliente y jab\u00f3n con pH neutro.<\/p>\n<p>&nbsp;<\/p>\n<p><strong>Nuestro departamento\u00a0t\u00e9cnico\u00a0dispone de\u00a0gu\u00edas\u00a0de todos los\u00a0modelos\u00a0empotrados\u00a0que vendemos<\/strong><strong>,\u00a0si tiene alguna duda con la\u00a0instalaci\u00f3n\u00a0contacte con nosotros mediante\u00a0tel\u00e9fono,\u00a0WhatsApp\u00a0o email dentro del horario laboral indicado en la web.<\/strong><\/p>\n<p><strong>Recuerden que una vez instalado el cuerpo\u00a0empotrado\u00a0de la\u00a0grifer\u00eda\u00a0revisar de su correcto funcionamiento de paso de agua, comprobaci\u00f3n de cartuchos y corte de agua, si detecta alguna\u00a0anomal\u00eda\u00a0informe a nuestro\u00a0departamento\u00a0para darle una\u00a0soluci\u00f3n, no\u00a0contin\u00fae\u00a0con la\u00a0instalaci\u00f3n\u00a0de cerramiento de la pared.<\/strong><\/p>\n","protected":false},"featured_media":663,"template":"","meta":[],"product_brand":[],"product_cat":[58],"product_tag":[],"serie":[63],"manual-de-instalacion":[81],"color":[64],"class_list":{"0":"post-641","1":"product","2":"type-product","3":"status-publish","4":"has-post-thumbnail","6":"product_cat-grifos-de-lavabo-empotrados","7":"serie-guadiana","8":"manual-de-instalacion-guia-instalacion-grifo-lavabo-empotrado-sin-caja","9":"color-blanco","11":"first","12":"instock","13":"taxable","14":"shipping-taxable","15":"product-type-simple"},"_links":{"self":[{"href":"https:\/\/www.valaz.es\/en\/wp-json\/wp\/v2\/product\/641","targetHints":{"allow":["GET"]}}],"collection":[{"href":"https:\/\/www.valaz.es\/en\/wp-json\/wp\/v2\/product"}],"about":[{"href":"https:\/\/www.valaz.es\/en\/wp-json\/wp\/v2\/types\/product"}],"wp:featuredmedia":[{"embeddable":true,"href":"https:\/\/www.valaz.es\/en\/wp-json\/wp\/v2\/media\/663"}],"wp:attachment":[{"href":"https:\/\/www.valaz.es\/en\/wp-json\/wp\/v2\/media?parent=641"}],"wp:term":[{"taxonomy":"product_brand","embeddable":true,"href":"https:\/\/www.valaz.es\/en\/wp-json\/wp\/v2\/product_brand?post=641"},{"taxonomy":"product_cat","embeddable":true,"href":"https:\/\/www.valaz.es\/en\/wp-json\/wp\/v2\/product_cat?post=641"},{"taxonomy":"product_tag","embeddable":true,"href":"https:\/\/www.valaz.es\/en\/wp-json\/wp\/v2\/product_tag?post=641"},{"taxonomy":"serie","embeddable":true,"href":"https:\/\/www.valaz.es\/en\/wp-json\/wp\/v2\/serie?post=641"},{"taxonomy":"manual-de-instalacion","embeddable":true,"href":"https:\/\/www.valaz.es\/en\/wp-json\/wp\/v2\/manual-de-instalacion?post=641"},{"taxonomy":"color","embeddable":true,"href":"https:\/\/www.valaz.es\/en\/wp-json\/wp\/v2\/color?post=641"}],"curies":[{"name":"wp","href":"https:\/\/api.w.org\/{rel}","templated":true}]}}