{"id":6397,"date":"2023-07-27T14:54:57","date_gmt":"2023-07-27T12:54:57","guid":{"rendered":"https:\/\/www.valaz.es\/?post_type=product&#038;p=6397"},"modified":"2026-02-09T20:23:35","modified_gmt":"2026-02-09T19:23:35","slug":"grifo-de-lavabo-alto-pica-monomando-cascada-cromado-serie-aljibe","status":"publish","type":"product","link":"https:\/\/www.valaz.es\/en\/product\/grifo-de-lavabo-alto-pica-monomando-cascada-cromado-serie-aljibe\/","title":{"rendered":"Grifo de lavabo alto para pica monomando cascada cromado &#8211; Serie Aljibe"},"content":{"rendered":"<p class=\"\" data-start=\"0\" data-end=\"419\">El grifo de lavabo alto para pica monomando con efecto cascada cromado de la Serie Aljibe es una excelente opci\u00f3n para quienes buscan un dise\u00f1o moderno y funcional. Su ca\u00f1o alto y estilo en cascada brindan un flujo de agua elegante, creando una experiencia \u00fanica en el ba\u00f1o. El acabado cromado ofrece un brillo duradero, f\u00e1cil de mantener y resistente al desgaste, ideal para cualquier estilo de ba\u00f1o.<\/p>\n<p class=\"\" data-start=\"421\" data-end=\"443\"><strong data-start=\"421\" data-end=\"441\">Especificaciones<\/strong><\/p>\n<ul data-start=\"444\" data-end=\"873\">\n<li class=\"\" data-start=\"444\" data-end=\"498\">\n<p class=\"\" data-start=\"446\" data-end=\"498\"><strong data-start=\"446\" data-end=\"454\">Tipo<\/strong>: Grifo de lavabo alto para pica monomando<\/p>\n<\/li>\n<li class=\"\" data-start=\"499\" data-end=\"528\">\n<p class=\"\" data-start=\"501\" data-end=\"528\"><strong data-start=\"501\" data-end=\"510\">Forma<\/strong>: Efecto cascada<\/p>\n<\/li>\n<li class=\"\" data-start=\"529\" data-end=\"594\">\n<p class=\"\" data-start=\"531\" data-end=\"594\"><strong data-start=\"531\" data-end=\"543\">Material<\/strong>: Cuerpo de grifer\u00eda en lat\u00f3n con acabado cromado<\/p>\n<\/li>\n<li class=\"\" data-start=\"595\" data-end=\"630\">\n<p class=\"\" data-start=\"597\" data-end=\"630\"><strong data-start=\"597\" data-end=\"609\">Cartucho<\/strong>: Cer\u00e1mico de 35 mm<\/p>\n<\/li>\n<li class=\"\" data-start=\"631\" data-end=\"672\">\n<p class=\"\" data-start=\"633\" data-end=\"672\"><strong data-start=\"633\" data-end=\"641\">Ca\u00f1o<\/strong>: Alto, con dise\u00f1o en cascada<\/p>\n<\/li>\n<li class=\"\" data-start=\"673\" data-end=\"708\">\n<p class=\"\" data-start=\"675\" data-end=\"708\"><strong data-start=\"675\" data-end=\"690\">Latiguillos<\/strong>: 3\/8\u201d incluidos<\/p>\n<\/li>\n<li class=\"\" data-start=\"709\" data-end=\"779\">\n<p class=\"\" data-start=\"711\" data-end=\"779\"><strong data-start=\"711\" data-end=\"722\">Acabado<\/strong>: Cromado, resistente a la corrosi\u00f3n y f\u00e1cil de limpiar<\/p>\n<\/li>\n<li class=\"\" data-start=\"780\" data-end=\"873\">\n<p class=\"\" data-start=\"782\" data-end=\"873\"><strong data-start=\"782\" data-end=\"805\">Tipo de instalaci\u00f3n<\/strong>: Ideal para lavabos de instalaci\u00f3n alta, con dise\u00f1o contempor\u00e1neo<\/p>\n<\/li>\n<\/ul>\n","protected":false},"excerpt":{"rendered":"<p>El grifo de lavabo alto para pica monomando con efecto  [&#8230;]<\/p>\n","protected":false},"featured_media":6418,"template":"","meta":[],"product_brand":[],"product_cat":[48],"product_tag":[],"serie":[39],"manual-de-instalacion":[83],"color":[26],"class_list":{"0":"post-6397","1":"product","2":"type-product","3":"status-publish","4":"has-post-thumbnail","6":"product_cat-grifos-de-lavabo","7":"serie-aljibe","8":"manual-de-instalacion-guia-instalacion-grifo-superficie","9":"color-cromo","11":"first","12":"instock","13":"taxable","14":"shipping-taxable","15":"product-type-simple"},"_links":{"self":[{"href":"https:\/\/www.valaz.es\/en\/wp-json\/wp\/v2\/product\/6397","targetHints":{"allow":["GET"]}}],"collection":[{"href":"https:\/\/www.valaz.es\/en\/wp-json\/wp\/v2\/product"}],"about":[{"href":"https:\/\/www.valaz.es\/en\/wp-json\/wp\/v2\/types\/product"}],"wp:featuredmedia":[{"embeddable":true,"href":"https:\/\/www.valaz.es\/en\/wp-json\/wp\/v2\/media\/6418"}],"wp:attachment":[{"href":"https:\/\/www.valaz.es\/en\/wp-json\/wp\/v2\/media?parent=6397"}],"wp:term":[{"taxonomy":"product_brand","embeddable":true,"href":"https:\/\/www.valaz.es\/en\/wp-json\/wp\/v2\/product_brand?post=6397"},{"taxonomy":"product_cat","embeddable":true,"href":"https:\/\/www.valaz.es\/en\/wp-json\/wp\/v2\/product_cat?post=6397"},{"taxonomy":"product_tag","embeddable":true,"href":"https:\/\/www.valaz.es\/en\/wp-json\/wp\/v2\/product_tag?post=6397"},{"taxonomy":"serie","embeddable":true,"href":"https:\/\/www.valaz.es\/en\/wp-json\/wp\/v2\/serie?post=6397"},{"taxonomy":"manual-de-instalacion","embeddable":true,"href":"https:\/\/www.valaz.es\/en\/wp-json\/wp\/v2\/manual-de-instalacion?post=6397"},{"taxonomy":"color","embeddable":true,"href":"https:\/\/www.valaz.es\/en\/wp-json\/wp\/v2\/color?post=6397"}],"curies":[{"name":"wp","href":"https:\/\/api.w.org\/{rel}","templated":true}]}}