{"id":6254,"date":"2023-07-19T13:28:27","date_gmt":"2023-07-19T11:28:27","guid":{"rendered":"https:\/\/www.valaz.es\/?post_type=product&#038;p=6254"},"modified":"2025-10-28T13:54:45","modified_gmt":"2025-10-28T12:54:45","slug":"grifo-de-banera-ducha-monomando-negro-mate-serie-palancia","status":"publish","type":"product","link":"https:\/\/www.valaz.es\/en\/product\/grifo-de-banera-ducha-monomando-negro-mate-serie-palancia\/","title":{"rendered":"Grifo de ba\u00f1era \/ ducha monomando negro mate &#8211; Serie Palancia"},"content":{"rendered":"<p class=\"\" data-start=\"0\" data-end=\"330\">El grifo de ba\u00f1era\/ducha monomando negro mate de la Serie Palancia es la elecci\u00f3n perfecta para quienes buscan un dise\u00f1o elegante y moderno. Su acabado en negro mate aporta un toque sofisticado y contempor\u00e1neo, mientras que su funcionamiento eficiente garantiza una experiencia de ducha c\u00f3moda y de alta calidad.<\/p>\n<p class=\"\" data-start=\"332\" data-end=\"354\"><strong data-start=\"332\" data-end=\"352\">Especificaciones<\/strong><\/p>\n<ul data-start=\"355\" data-end=\"777\">\n<li class=\"\" data-start=\"355\" data-end=\"400\">\n<p class=\"\" data-start=\"357\" data-end=\"400\"><strong data-start=\"357\" data-end=\"365\">Tipo<\/strong>: Grifo de ba\u00f1era\/ducha monomando<\/p>\n<\/li>\n<li class=\"\" data-start=\"401\" data-end=\"556\">\n<p class=\"\" data-start=\"403\" data-end=\"418\"><strong data-start=\"403\" data-end=\"415\">Material<\/strong>:<\/p>\n<ul data-start=\"421\" data-end=\"556\">\n<li class=\"\" data-start=\"421\" data-end=\"452\">\n<p class=\"\" data-start=\"423\" data-end=\"452\">Cuerpo de grifer\u00eda de lat\u00f3n<\/p>\n<\/li>\n<li class=\"\" data-start=\"455\" data-end=\"493\">\n<p class=\"\" data-start=\"457\" data-end=\"493\">Ca\u00f1o de ba\u00f1era de acero inoxidable<\/p>\n<\/li>\n<li class=\"\" data-start=\"496\" data-end=\"525\">\n<p class=\"\" data-start=\"498\" data-end=\"525\">Flexo de acero inoxidable<\/p>\n<\/li>\n<li class=\"\" data-start=\"528\" data-end=\"556\">\n<p class=\"\" data-start=\"530\" data-end=\"556\">Alcachofa de mano de ABS<\/p>\n<\/li>\n<\/ul>\n<\/li>\n<li class=\"\" data-start=\"557\" data-end=\"638\">\n<p class=\"\" data-start=\"559\" data-end=\"638\"><strong data-start=\"559\" data-end=\"571\">Cartucho<\/strong>: Cer\u00e1mico, que permite un ajuste preciso de temperatura y caudal<\/p>\n<\/li>\n<li class=\"\" data-start=\"639\" data-end=\"707\">\n<p class=\"\" data-start=\"641\" data-end=\"707\"><strong data-start=\"641\" data-end=\"652\">Acabado<\/strong>: Negro mate, que aporta un estilo moderno y elegante<\/p>\n<\/li>\n<\/ul>\n<ul data-start=\"339\" data-end=\"734\">\n<li class=\"\" data-start=\"665\" data-end=\"734\">\n<p class=\"\" data-start=\"667\" data-end=\"734\"><strong data-start=\"667\" data-end=\"682\">Instalaci\u00f3n<\/strong>: Distancia est\u00e1ndar de 15 cm entre tomas<\/p>\n<\/li>\n<\/ul>\n","protected":false},"excerpt":{"rendered":"<p>El grifo de ba\u00f1era\/ducha monomando negro mate de la Serie  [&#8230;]<\/p>\n","protected":false},"featured_media":6243,"template":"","meta":[],"product_brand":[],"product_cat":[60,338],"product_tag":[],"serie":[37],"manual-de-instalacion":[],"color":[27],"class_list":{"0":"post-6254","1":"product","2":"type-product","3":"status-publish","4":"has-post-thumbnail","6":"product_cat-griferia-de-banera","7":"product_cat-grifos-de-ducha-banera","8":"serie-palancia","9":"color-negro-mate","11":"first","12":"instock","13":"taxable","14":"shipping-taxable","15":"product-type-simple"},"_links":{"self":[{"href":"https:\/\/www.valaz.es\/en\/wp-json\/wp\/v2\/product\/6254","targetHints":{"allow":["GET"]}}],"collection":[{"href":"https:\/\/www.valaz.es\/en\/wp-json\/wp\/v2\/product"}],"about":[{"href":"https:\/\/www.valaz.es\/en\/wp-json\/wp\/v2\/types\/product"}],"wp:featuredmedia":[{"embeddable":true,"href":"https:\/\/www.valaz.es\/en\/wp-json\/wp\/v2\/media\/6243"}],"wp:attachment":[{"href":"https:\/\/www.valaz.es\/en\/wp-json\/wp\/v2\/media?parent=6254"}],"wp:term":[{"taxonomy":"product_brand","embeddable":true,"href":"https:\/\/www.valaz.es\/en\/wp-json\/wp\/v2\/product_brand?post=6254"},{"taxonomy":"product_cat","embeddable":true,"href":"https:\/\/www.valaz.es\/en\/wp-json\/wp\/v2\/product_cat?post=6254"},{"taxonomy":"product_tag","embeddable":true,"href":"https:\/\/www.valaz.es\/en\/wp-json\/wp\/v2\/product_tag?post=6254"},{"taxonomy":"serie","embeddable":true,"href":"https:\/\/www.valaz.es\/en\/wp-json\/wp\/v2\/serie?post=6254"},{"taxonomy":"manual-de-instalacion","embeddable":true,"href":"https:\/\/www.valaz.es\/en\/wp-json\/wp\/v2\/manual-de-instalacion?post=6254"},{"taxonomy":"color","embeddable":true,"href":"https:\/\/www.valaz.es\/en\/wp-json\/wp\/v2\/color?post=6254"}],"curies":[{"name":"wp","href":"https:\/\/api.w.org\/{rel}","templated":true}]}}