{"id":6252,"date":"2023-07-19T13:25:40","date_gmt":"2023-07-19T11:25:40","guid":{"rendered":"https:\/\/www.valaz.es\/?post_type=product&#038;p=6252"},"modified":"2025-10-01T11:53:33","modified_gmt":"2025-10-01T09:53:33","slug":"grifo-de-banera-ducha-monomando-acero-cepillado-serie-palancia","status":"publish","type":"product","link":"https:\/\/www.valaz.es\/en\/product\/grifo-de-banera-ducha-monomando-acero-cepillado-serie-palancia\/","title":{"rendered":"Grifo de ba\u00f1era \/ ducha monomando acero cepillado &#8211; Serie Palancia"},"content":{"rendered":"<p class=\"\" data-start=\"0\" data-end=\"306\">El grifo de ba\u00f1era\/ducha monomando acero cepillado de la Serie Palancia es una opci\u00f3n perfecta para quienes buscan funcionalidad y estilo. Con un acabado en acero cepillado, este grifo ofrece un aspecto moderno y resistente, ideal para complementar cualquier ba\u00f1o de dise\u00f1o contempor\u00e1neo.<\/p>\n<p class=\"\" data-start=\"308\" data-end=\"330\"><strong data-start=\"308\" data-end=\"328\">Especificaciones<\/strong><\/p>\n<ul data-start=\"331\" data-end=\"754\">\n<li class=\"\" data-start=\"331\" data-end=\"376\">\n<p class=\"\" data-start=\"333\" data-end=\"376\"><strong data-start=\"333\" data-end=\"341\">Tipo<\/strong>: Grifo de ba\u00f1era\/ducha monomando<\/p>\n<\/li>\n<li class=\"\" data-start=\"377\" data-end=\"532\">\n<p class=\"\" data-start=\"379\" data-end=\"394\"><strong data-start=\"379\" data-end=\"391\">Material<\/strong>:<\/p>\n<ul data-start=\"397\" data-end=\"532\">\n<li class=\"\" data-start=\"397\" data-end=\"428\">\n<p class=\"\" data-start=\"399\" data-end=\"428\">Cuerpo de grifer\u00eda de lat\u00f3n<\/p>\n<\/li>\n<li class=\"\" data-start=\"431\" data-end=\"469\">\n<p class=\"\" data-start=\"433\" data-end=\"469\">Ca\u00f1o de ba\u00f1era de acero inoxidable<\/p>\n<\/li>\n<li class=\"\" data-start=\"472\" data-end=\"501\">\n<p class=\"\" data-start=\"474\" data-end=\"501\">Flexo de acero inoxidable<\/p>\n<\/li>\n<li class=\"\" data-start=\"504\" data-end=\"532\">\n<p class=\"\" data-start=\"506\" data-end=\"532\">Alcachofa de mano de PVC<\/p>\n<\/li>\n<\/ul>\n<\/li>\n<li class=\"\" data-start=\"533\" data-end=\"614\">\n<p class=\"\" data-start=\"535\" data-end=\"614\"><strong data-start=\"535\" data-end=\"547\">Cartucho<\/strong>: Cer\u00e1mico, que permite un ajuste preciso de temperatura y caudal<\/p>\n<\/li>\n<li class=\"\" data-start=\"615\" data-end=\"684\">\n<p class=\"\" data-start=\"617\" data-end=\"684\"><strong data-start=\"617\" data-end=\"628\">Acabado<\/strong>: Acero cepillado, que combina durabilidad y elegancia<\/p>\n<\/li>\n<\/ul>\n<ul data-start=\"339\" data-end=\"734\">\n<li class=\"\" data-start=\"665\" data-end=\"734\">\n<p class=\"\" data-start=\"667\" data-end=\"734\"><strong data-start=\"667\" data-end=\"682\">Instalaci\u00f3n<\/strong>: Distancia est\u00e1ndar de 15 cm entre tomas<\/p>\n<\/li>\n<\/ul>\n","protected":false},"excerpt":{"rendered":"<p>El grifo de ba\u00f1era\/ducha monomando acero cepillado de la Serie  [&#8230;]<\/p>\n","protected":false},"featured_media":6267,"template":"","meta":[],"product_brand":[],"product_cat":[60,338],"product_tag":[],"serie":[37],"manual-de-instalacion":[],"color":[28],"class_list":{"0":"post-6252","1":"product","2":"type-product","3":"status-publish","4":"has-post-thumbnail","6":"product_cat-griferia-de-banera","7":"product_cat-grifos-de-ducha-banera","8":"serie-palancia","9":"color-acero-cepillado","11":"first","12":"instock","13":"taxable","14":"shipping-taxable","15":"product-type-simple"},"_links":{"self":[{"href":"https:\/\/www.valaz.es\/en\/wp-json\/wp\/v2\/product\/6252","targetHints":{"allow":["GET"]}}],"collection":[{"href":"https:\/\/www.valaz.es\/en\/wp-json\/wp\/v2\/product"}],"about":[{"href":"https:\/\/www.valaz.es\/en\/wp-json\/wp\/v2\/types\/product"}],"wp:featuredmedia":[{"embeddable":true,"href":"https:\/\/www.valaz.es\/en\/wp-json\/wp\/v2\/media\/6267"}],"wp:attachment":[{"href":"https:\/\/www.valaz.es\/en\/wp-json\/wp\/v2\/media?parent=6252"}],"wp:term":[{"taxonomy":"product_brand","embeddable":true,"href":"https:\/\/www.valaz.es\/en\/wp-json\/wp\/v2\/product_brand?post=6252"},{"taxonomy":"product_cat","embeddable":true,"href":"https:\/\/www.valaz.es\/en\/wp-json\/wp\/v2\/product_cat?post=6252"},{"taxonomy":"product_tag","embeddable":true,"href":"https:\/\/www.valaz.es\/en\/wp-json\/wp\/v2\/product_tag?post=6252"},{"taxonomy":"serie","embeddable":true,"href":"https:\/\/www.valaz.es\/en\/wp-json\/wp\/v2\/serie?post=6252"},{"taxonomy":"manual-de-instalacion","embeddable":true,"href":"https:\/\/www.valaz.es\/en\/wp-json\/wp\/v2\/manual-de-instalacion?post=6252"},{"taxonomy":"color","embeddable":true,"href":"https:\/\/www.valaz.es\/en\/wp-json\/wp\/v2\/color?post=6252"}],"curies":[{"name":"wp","href":"https:\/\/api.w.org\/{rel}","templated":true}]}}