{"id":6230,"date":"2023-07-19T13:19:12","date_gmt":"2023-07-19T11:19:12","guid":{"rendered":"https:\/\/www.valaz.es\/?post_type=product&#038;p=6230"},"modified":"2025-10-02T19:54:41","modified_gmt":"2025-10-02T17:54:41","slug":"grifo-de-banera-ducha-monomando-cromado-serie-palancia","status":"publish","type":"product","link":"https:\/\/www.valaz.es\/en\/product\/grifo-de-banera-ducha-monomando-cromado-serie-palancia\/","title":{"rendered":"Grifo de ba\u00f1era \/ ducha monomando cromado &#8211; Serie Palancia"},"content":{"rendered":"<p class=\"\" data-start=\"0\" data-end=\"289\">El grifo de ba\u00f1era\/ducha monomando cromado de la Serie Palancia combina un dise\u00f1o elegante con un alto rendimiento. Su acabado cromado le otorga un brillo duradero y f\u00e1cil de mantener, perfecto para ambientes de ba\u00f1o modernos que buscan tanto funcionalidad como est\u00e9tica.<\/p>\n<p class=\"\" data-start=\"291\" data-end=\"313\"><strong data-start=\"291\" data-end=\"311\">Especificaciones<\/strong><\/p>\n<ul data-start=\"314\" data-end=\"735\">\n<li class=\"\" data-start=\"314\" data-end=\"359\">\n<p class=\"\" data-start=\"316\" data-end=\"359\"><strong data-start=\"316\" data-end=\"324\">Tipo<\/strong>: Grifo de ba\u00f1era\/ducha monomando<\/p>\n<\/li>\n<li class=\"\" data-start=\"360\" data-end=\"515\">\n<p class=\"\" data-start=\"362\" data-end=\"377\"><strong data-start=\"362\" data-end=\"374\">Material<\/strong>:<\/p>\n<ul data-start=\"380\" data-end=\"515\">\n<li class=\"\" data-start=\"380\" data-end=\"411\">\n<p class=\"\" data-start=\"382\" data-end=\"411\">Cuerpo de grifer\u00eda de lat\u00f3n<\/p>\n<\/li>\n<li class=\"\" data-start=\"414\" data-end=\"452\">\n<p class=\"\" data-start=\"416\" data-end=\"452\">Ca\u00f1o de ba\u00f1era de acero inoxidable<\/p>\n<\/li>\n<li class=\"\" data-start=\"455\" data-end=\"484\">\n<p class=\"\" data-start=\"457\" data-end=\"484\">Flexo de acero inoxidable<\/p>\n<\/li>\n<li class=\"\" data-start=\"487\" data-end=\"515\">\n<p class=\"\" data-start=\"489\" data-end=\"515\">Alcachofa de mano de ABS<\/p>\n<\/li>\n<\/ul>\n<\/li>\n<li class=\"\" data-start=\"516\" data-end=\"597\">\n<p class=\"\" data-start=\"518\" data-end=\"597\"><strong data-start=\"518\" data-end=\"530\">Cartucho<\/strong>: Cer\u00e1mico, que asegura un ajuste preciso de temperatura y caudal<\/p>\n<\/li>\n<li class=\"\" data-start=\"598\" data-end=\"665\">\n<p class=\"\" data-start=\"600\" data-end=\"665\"><strong data-start=\"600\" data-end=\"611\">Acabado<\/strong>: Cromado, resistente al desgaste y f\u00e1cil de limpiar<\/p>\n<\/li>\n<\/ul>\n<p class=\"\" data-start=\"667\" data-end=\"734\"><strong data-start=\"667\" data-end=\"682\">Instalaci\u00f3n<\/strong>: Distancia est\u00e1ndar de 15 cm entre tomas<\/p>\n","protected":false},"excerpt":{"rendered":"<p>El grifo de ba\u00f1era\/ducha monomando cromado de la Serie Palancia  [&#8230;]<\/p>\n","protected":false},"featured_media":6235,"template":"","meta":[],"product_brand":[],"product_cat":[338],"product_tag":[],"serie":[37],"manual-de-instalacion":[],"color":[26],"class_list":{"0":"post-6230","1":"product","2":"type-product","3":"status-publish","4":"has-post-thumbnail","6":"product_cat-grifos-de-ducha-banera","7":"serie-palancia","8":"color-cromo","10":"first","11":"instock","12":"taxable","13":"shipping-taxable","14":"product-type-simple"},"_links":{"self":[{"href":"https:\/\/www.valaz.es\/en\/wp-json\/wp\/v2\/product\/6230","targetHints":{"allow":["GET"]}}],"collection":[{"href":"https:\/\/www.valaz.es\/en\/wp-json\/wp\/v2\/product"}],"about":[{"href":"https:\/\/www.valaz.es\/en\/wp-json\/wp\/v2\/types\/product"}],"wp:featuredmedia":[{"embeddable":true,"href":"https:\/\/www.valaz.es\/en\/wp-json\/wp\/v2\/media\/6235"}],"wp:attachment":[{"href":"https:\/\/www.valaz.es\/en\/wp-json\/wp\/v2\/media?parent=6230"}],"wp:term":[{"taxonomy":"product_brand","embeddable":true,"href":"https:\/\/www.valaz.es\/en\/wp-json\/wp\/v2\/product_brand?post=6230"},{"taxonomy":"product_cat","embeddable":true,"href":"https:\/\/www.valaz.es\/en\/wp-json\/wp\/v2\/product_cat?post=6230"},{"taxonomy":"product_tag","embeddable":true,"href":"https:\/\/www.valaz.es\/en\/wp-json\/wp\/v2\/product_tag?post=6230"},{"taxonomy":"serie","embeddable":true,"href":"https:\/\/www.valaz.es\/en\/wp-json\/wp\/v2\/serie?post=6230"},{"taxonomy":"manual-de-instalacion","embeddable":true,"href":"https:\/\/www.valaz.es\/en\/wp-json\/wp\/v2\/manual-de-instalacion?post=6230"},{"taxonomy":"color","embeddable":true,"href":"https:\/\/www.valaz.es\/en\/wp-json\/wp\/v2\/color?post=6230"}],"curies":[{"name":"wp","href":"https:\/\/api.w.org\/{rel}","templated":true}]}}