{"id":6225,"date":"2023-07-19T12:37:37","date_gmt":"2023-07-19T10:37:37","guid":{"rendered":"https:\/\/www.valaz.es\/?post_type=product&#038;p=6225"},"modified":"2025-10-08T16:54:23","modified_gmt":"2025-10-08T14:54:23","slug":"grifo-de-ducha-monomando-oro-mate-con-proteccion-pvd-serie-palancia","status":"publish","type":"product","link":"https:\/\/www.valaz.es\/en\/product\/grifo-de-ducha-monomando-oro-mate-con-proteccion-pvd-serie-palancia\/","title":{"rendered":"Grifo de ducha monomando oro mate con protecci\u00f3n PVD &#8211; Serie Palancia"},"content":{"rendered":"<p class=\"\" data-start=\"0\" data-end=\"323\">El grifo de ducha monomando en acabado oro mate con protecci\u00f3n PVD de la Serie Palancia combina elegancia y funcionalidad. Su dise\u00f1o redondo y su tonalidad dorada lo convierten en una opci\u00f3n ideal para ba\u00f1os con un estilo sofisticado, garantizando resistencia y durabilidad gracias a su recubrimiento PVD.<\/p>\n<p class=\"\" data-start=\"325\" data-end=\"347\"><strong data-start=\"325\" data-end=\"345\">Especificaciones<\/strong><\/p>\n<ul data-start=\"348\" data-end=\"570\">\n<li class=\"\" data-start=\"348\" data-end=\"386\">\n<p class=\"\" data-start=\"350\" data-end=\"386\"><strong data-start=\"350\" data-end=\"358\">Tipo<\/strong>: Grifo de ducha monomando<\/p>\n<\/li>\n<li class=\"\" data-start=\"387\" data-end=\"431\">\n<p class=\"\" data-start=\"389\" data-end=\"431\"><strong data-start=\"389\" data-end=\"400\">Acabado<\/strong>: Oro mate con protecci\u00f3n PVD<\/p>\n<\/li>\n<li class=\"\" data-start=\"432\" data-end=\"467\">\n<p class=\"\" data-start=\"434\" data-end=\"467\"><strong data-start=\"434\" data-end=\"446\">Cartucho<\/strong>: Cer\u00e1mico de 35 mm<\/p>\n<\/li>\n<li data-start=\"432\" data-end=\"467\"><strong>Flexo y alcachofa de mano:<\/strong>\u00a0 PVC<\/li>\n<li class=\"\" data-start=\"468\" data-end=\"526\">\n<p class=\"\" data-start=\"470\" data-end=\"526\"><strong data-start=\"470\" data-end=\"482\">Material<\/strong>: Cuerpo de la grifer\u00eda fabricado en lat\u00f3n<\/p>\n<\/li>\n<li class=\"\" data-start=\"527\" data-end=\"570\">\n<p class=\"\" data-start=\"529\" data-end=\"570\"><strong data-start=\"529\" data-end=\"541\">Conexi\u00f3n<\/strong>: Latiguillos 3\/8 incluidos<\/p>\n<\/li>\n<\/ul>\n<p class=\"\" data-start=\"572\" data-end=\"668\"><strong data-start=\"572\" data-end=\"587\">Instalaci\u00f3n<\/strong><br data-start=\"587\" data-end=\"590\" \/>La instalaci\u00f3n del grifo requiere una distancia est\u00e1ndar de 15 cm entre tomas.<\/p>\n","protected":false},"excerpt":{"rendered":"<p>El grifo de ducha monomando en acabado oro mate con  [&#8230;]<\/p>\n","protected":false},"featured_media":15381,"template":"","meta":[],"product_brand":[],"product_cat":[405],"product_tag":[],"serie":[37],"manual-de-instalacion":[],"color":[350],"class_list":{"0":"post-6225","1":"product","2":"type-product","3":"status-publish","4":"has-post-thumbnail","6":"product_cat-grifos-de-ducha","7":"serie-palancia","8":"color-oro-mate-cepillado","10":"first","11":"outofstock","12":"taxable","13":"shipping-taxable","14":"product-type-simple"},"_links":{"self":[{"href":"https:\/\/www.valaz.es\/en\/wp-json\/wp\/v2\/product\/6225","targetHints":{"allow":["GET"]}}],"collection":[{"href":"https:\/\/www.valaz.es\/en\/wp-json\/wp\/v2\/product"}],"about":[{"href":"https:\/\/www.valaz.es\/en\/wp-json\/wp\/v2\/types\/product"}],"wp:featuredmedia":[{"embeddable":true,"href":"https:\/\/www.valaz.es\/en\/wp-json\/wp\/v2\/media\/15381"}],"wp:attachment":[{"href":"https:\/\/www.valaz.es\/en\/wp-json\/wp\/v2\/media?parent=6225"}],"wp:term":[{"taxonomy":"product_brand","embeddable":true,"href":"https:\/\/www.valaz.es\/en\/wp-json\/wp\/v2\/product_brand?post=6225"},{"taxonomy":"product_cat","embeddable":true,"href":"https:\/\/www.valaz.es\/en\/wp-json\/wp\/v2\/product_cat?post=6225"},{"taxonomy":"product_tag","embeddable":true,"href":"https:\/\/www.valaz.es\/en\/wp-json\/wp\/v2\/product_tag?post=6225"},{"taxonomy":"serie","embeddable":true,"href":"https:\/\/www.valaz.es\/en\/wp-json\/wp\/v2\/serie?post=6225"},{"taxonomy":"manual-de-instalacion","embeddable":true,"href":"https:\/\/www.valaz.es\/en\/wp-json\/wp\/v2\/manual-de-instalacion?post=6225"},{"taxonomy":"color","embeddable":true,"href":"https:\/\/www.valaz.es\/en\/wp-json\/wp\/v2\/color?post=6225"}],"curies":[{"name":"wp","href":"https:\/\/api.w.org\/{rel}","templated":true}]}}