{"id":6191,"date":"2023-07-14T14:56:00","date_gmt":"2023-07-14T12:56:00","guid":{"rendered":"https:\/\/www.valaz.es\/?post_type=product&#038;p=6191"},"modified":"2026-03-26T13:34:33","modified_gmt":"2026-03-26T12:34:33","slug":"grifo-de-cocina-cano-en-c-monomando-giratorio-cromado-serie-zancara","status":"publish","type":"product","link":"https:\/\/www.valaz.es\/en\/product\/grifo-de-cocina-cano-en-c-monomando-giratorio-cromado-serie-zancara\/","title":{"rendered":"Grifo de cocina ca\u00f1o en C monomando giratorio cromado &#8211; Serie Zancara"},"content":{"rendered":"<p class=\"\" data-start=\"0\" data-end=\"283\">El grifo de cocina con ca\u00f1o en forma de C monomando giratorio cromado de la Serie Z\u00e1ncara ofrece un dise\u00f1o limpio y funcional, ideal para cualquier cocina moderna. Su acabado cromado le otorga un toque brillante y elegante, f\u00e1cil de combinar con diferentes estilos.<\/p>\n<p class=\"\" data-start=\"285\" data-end=\"307\"><strong data-start=\"285\" data-end=\"305\">Especificaciones<\/strong><\/p>\n<ul data-start=\"308\" data-end=\"535\" data-is-last-node=\"\" data-is-only-node=\"\">\n<li class=\"\" data-start=\"308\" data-end=\"347\">\n<p class=\"\" data-start=\"310\" data-end=\"347\"><strong data-start=\"310\" data-end=\"318\">Tipo<\/strong>: Grifo de cocina monomando<\/p>\n<\/li>\n<li class=\"\" data-start=\"348\" data-end=\"388\">\n<p class=\"\" data-start=\"350\" data-end=\"388\"><strong data-start=\"350\" data-end=\"358\">Ca\u00f1o<\/strong>: Forma de C, giratorio 360\u00b0<\/p>\n<\/li>\n<li class=\"\" data-start=\"389\" data-end=\"474\">\n<p class=\"\" data-start=\"391\" data-end=\"406\"><strong data-start=\"391\" data-end=\"403\">Material<\/strong>:<\/p>\n<ul data-start=\"409\" data-end=\"474\">\n<li class=\"\" data-start=\"409\" data-end=\"443\">\n<p class=\"\" data-start=\"411\" data-end=\"443\">Cuerpo de la grifer\u00eda de lat\u00f3n<\/p>\n<\/li>\n<li class=\"\" data-start=\"446\" data-end=\"474\">\n<p class=\"\" data-start=\"448\" data-end=\"474\">Ca\u00f1o de acero inoxidable<\/p>\n<\/li>\n<\/ul>\n<\/li>\n<li class=\"\" data-start=\"475\" data-end=\"512\">\n<p class=\"\" data-start=\"477\" data-end=\"512\"><strong data-start=\"477\" data-end=\"489\">Cartucho<\/strong>: Cer\u00e1mico de \u00f8 35 mm<\/p>\n<\/li>\n<li class=\"\" data-start=\"513\" data-end=\"535\">\n<p class=\"\" data-start=\"515\" data-end=\"535\"><strong data-start=\"515\" data-end=\"526\">Acabado<\/strong>: Cromado<\/p>\n<\/li>\n<\/ul>\n","protected":false},"excerpt":{"rendered":"<p>El grifo de cocina con ca\u00f1o en forma de C  [&#8230;]<\/p>\n","protected":false},"featured_media":6192,"template":"","meta":[],"product_brand":[],"product_cat":[50],"product_tag":[],"serie":[337],"manual-de-instalacion":[83],"color":[26],"class_list":{"0":"post-6191","1":"product","2":"type-product","3":"status-publish","4":"has-post-thumbnail","6":"product_cat-grifos-de-cocina","7":"serie-zancara","8":"manual-de-instalacion-guia-instalacion-grifo-superficie","9":"color-cromo","11":"first","12":"instock","13":"taxable","14":"shipping-taxable","15":"product-type-simple"},"_links":{"self":[{"href":"https:\/\/www.valaz.es\/en\/wp-json\/wp\/v2\/product\/6191","targetHints":{"allow":["GET"]}}],"collection":[{"href":"https:\/\/www.valaz.es\/en\/wp-json\/wp\/v2\/product"}],"about":[{"href":"https:\/\/www.valaz.es\/en\/wp-json\/wp\/v2\/types\/product"}],"wp:featuredmedia":[{"embeddable":true,"href":"https:\/\/www.valaz.es\/en\/wp-json\/wp\/v2\/media\/6192"}],"wp:attachment":[{"href":"https:\/\/www.valaz.es\/en\/wp-json\/wp\/v2\/media?parent=6191"}],"wp:term":[{"taxonomy":"product_brand","embeddable":true,"href":"https:\/\/www.valaz.es\/en\/wp-json\/wp\/v2\/product_brand?post=6191"},{"taxonomy":"product_cat","embeddable":true,"href":"https:\/\/www.valaz.es\/en\/wp-json\/wp\/v2\/product_cat?post=6191"},{"taxonomy":"product_tag","embeddable":true,"href":"https:\/\/www.valaz.es\/en\/wp-json\/wp\/v2\/product_tag?post=6191"},{"taxonomy":"serie","embeddable":true,"href":"https:\/\/www.valaz.es\/en\/wp-json\/wp\/v2\/serie?post=6191"},{"taxonomy":"manual-de-instalacion","embeddable":true,"href":"https:\/\/www.valaz.es\/en\/wp-json\/wp\/v2\/manual-de-instalacion?post=6191"},{"taxonomy":"color","embeddable":true,"href":"https:\/\/www.valaz.es\/en\/wp-json\/wp\/v2\/color?post=6191"}],"curies":[{"name":"wp","href":"https:\/\/api.w.org\/{rel}","templated":true}]}}