{"id":6172,"date":"2023-07-14T13:52:58","date_gmt":"2023-07-14T11:52:58","guid":{"rendered":"https:\/\/www.valaz.es\/?post_type=product&#038;p=6172"},"modified":"2026-03-26T13:34:34","modified_gmt":"2026-03-26T12:34:34","slug":"grifo-de-cocina-redondo-monomando-giratorio-gun-metal-serie-misisipi","status":"publish","type":"product","link":"https:\/\/www.valaz.es\/en\/product\/grifo-de-cocina-redondo-monomando-giratorio-gun-metal-serie-misisipi\/","title":{"rendered":"Grifo de cocina redondo monomando giratorio gun metal &#8211; Serie Misisipi"},"content":{"rendered":"<p class=\"\" data-start=\"0\" data-end=\"275\">El grifo de cocina redondo monomando giratorio en acabado gun metal de la Serie Misisipi ofrece una est\u00e9tica moderna y sofisticada. Ideal para cocinas contempor\u00e1neas, combina funcionalidad y estilo gracias a su ca\u00f1o giratorio y su acabado oscuro y elegante.<\/p>\n<p class=\"\" data-start=\"277\" data-end=\"299\"><strong data-start=\"277\" data-end=\"297\">Especificaciones<\/strong><\/p>\n<ul data-start=\"300\" data-end=\"567\" data-is-last-node=\"\" data-is-only-node=\"\">\n<li class=\"\" data-start=\"300\" data-end=\"339\">\n<p class=\"\" data-start=\"302\" data-end=\"339\"><strong data-start=\"302\" data-end=\"310\">Tipo<\/strong>: Grifo de cocina monomando<\/p>\n<\/li>\n<li class=\"\" data-start=\"340\" data-end=\"368\">\n<p class=\"\" data-start=\"342\" data-end=\"368\"><strong data-start=\"342\" data-end=\"350\">Ca\u00f1o<\/strong>: Giratorio 360\u00b0<\/p>\n<\/li>\n<li class=\"\" data-start=\"369\" data-end=\"466\">\n<p class=\"\" data-start=\"371\" data-end=\"388\"><strong data-start=\"371\" data-end=\"385\">Materiales<\/strong>:<\/p>\n<ul data-start=\"391\" data-end=\"466\">\n<li class=\"\" data-start=\"391\" data-end=\"425\">\n<p class=\"\" data-start=\"393\" data-end=\"425\">Cuerpo de la grifer\u00eda en lat\u00f3n<\/p>\n<\/li>\n<li class=\"\" data-start=\"428\" data-end=\"466\">\n<p class=\"\" data-start=\"430\" data-end=\"466\">Ca\u00f1o del grifo en acero inoxidable<\/p>\n<\/li>\n<\/ul>\n<\/li>\n<li class=\"\" data-start=\"467\" data-end=\"504\">\n<p class=\"\" data-start=\"469\" data-end=\"504\"><strong data-start=\"469\" data-end=\"481\">Cartucho<\/strong>: Cer\u00e1mico de \u00f8 35 mm<\/p>\n<\/li>\n<li class=\"\" data-start=\"505\" data-end=\"542\">\n<p class=\"\" data-start=\"507\" data-end=\"542\"><strong data-start=\"507\" data-end=\"521\">Conexiones<\/strong>: Mangueras de 3\/8&#8243;<\/p>\n<\/li>\n<li class=\"\" data-start=\"543\" data-end=\"567\">\n<p class=\"\" data-start=\"545\" data-end=\"567\"><strong data-start=\"545\" data-end=\"556\">Acabado<\/strong>: Gun metal<\/p>\n<\/li>\n<\/ul>\n","protected":false},"excerpt":{"rendered":"<p>Serie Misisipi es un grifo de cocina cl\u00e1sico y elegante, con ca\u00f1o curvo y giratorio 360 grados. Actualmente tenemos acabado en cromado, negro mate, acero cepillado y dorado cepillado El cuerpo de la grifer\u00eda lat\u00f3n, con cartucho cer\u00e1mico y latiguillos.<\/p>\n<p>La garant\u00eda de todos nuestros productos es de 3 a\u00f1os, para funcionamiento, duraci\u00f3n del esmaltado y anticorrosi\u00f3n.<\/p>\n<p>Recomendamos para un correcto mantenimiento de la grifer\u00eda y evitar el deterioro por el uso. Secar las gotas de agua con un pa\u00f1o suave despu\u00e9s del uso, evitando que se posen en la superficie y deterioran el acabado, no utilizar esponjas que puedan rayar la grifer\u00eda, utilizar limpiadores como vinagre limpieza, agua caliente y jab\u00f3n con ph neutro.<\/p>\n<p>Nuestro departamento\u00a0t\u00e9cnico\u00a0dispone de\u00a0gu\u00edas\u00a0de todos los\u00a0modelos\u00a0empotrados\u00a0que vendemos,\u00a0si tiene alguna duda con la\u00a0instalaci\u00f3n\u00a0contacte con nosotros mediante\u00a0tel\u00e9fono,\u00a0WhatsApp\u00a0o email dentro del horario laboral indicado en la web.<\/p>\n<p>Recuerden que una vez instalado el cuerpo\u00a0empotrado\u00a0de la\u00a0grifer\u00eda\u00a0revisar de su correcto funcionamiento de paso de agua, comprobaci\u00f3n de cartuchos y corte de agua, si detecta alguna\u00a0anomal\u00eda\u00a0informe a nuestro\u00a0departamento\u00a0para darle una\u00a0soluci\u00f3n, no\u00a0contin\u00fae\u00a0con la\u00a0instalaci\u00f3n\u00a0de cerramiento de la pared.<\/p>\n","protected":false},"featured_media":6177,"template":"","meta":[],"product_brand":[],"product_cat":[50],"product_tag":[],"serie":[35],"manual-de-instalacion":[83],"color":[30],"class_list":{"0":"post-6172","1":"product","2":"type-product","3":"status-publish","4":"has-post-thumbnail","6":"product_cat-grifos-de-cocina","7":"serie-misisipi","8":"manual-de-instalacion-guia-instalacion-grifo-superficie","9":"color-gun-metal","11":"first","12":"instock","13":"taxable","14":"shipping-taxable","15":"product-type-simple"},"_links":{"self":[{"href":"https:\/\/www.valaz.es\/en\/wp-json\/wp\/v2\/product\/6172","targetHints":{"allow":["GET"]}}],"collection":[{"href":"https:\/\/www.valaz.es\/en\/wp-json\/wp\/v2\/product"}],"about":[{"href":"https:\/\/www.valaz.es\/en\/wp-json\/wp\/v2\/types\/product"}],"wp:featuredmedia":[{"embeddable":true,"href":"https:\/\/www.valaz.es\/en\/wp-json\/wp\/v2\/media\/6177"}],"wp:attachment":[{"href":"https:\/\/www.valaz.es\/en\/wp-json\/wp\/v2\/media?parent=6172"}],"wp:term":[{"taxonomy":"product_brand","embeddable":true,"href":"https:\/\/www.valaz.es\/en\/wp-json\/wp\/v2\/product_brand?post=6172"},{"taxonomy":"product_cat","embeddable":true,"href":"https:\/\/www.valaz.es\/en\/wp-json\/wp\/v2\/product_cat?post=6172"},{"taxonomy":"product_tag","embeddable":true,"href":"https:\/\/www.valaz.es\/en\/wp-json\/wp\/v2\/product_tag?post=6172"},{"taxonomy":"serie","embeddable":true,"href":"https:\/\/www.valaz.es\/en\/wp-json\/wp\/v2\/serie?post=6172"},{"taxonomy":"manual-de-instalacion","embeddable":true,"href":"https:\/\/www.valaz.es\/en\/wp-json\/wp\/v2\/manual-de-instalacion?post=6172"},{"taxonomy":"color","embeddable":true,"href":"https:\/\/www.valaz.es\/en\/wp-json\/wp\/v2\/color?post=6172"}],"curies":[{"name":"wp","href":"https:\/\/api.w.org\/{rel}","templated":true}]}}