{"id":6171,"date":"2023-07-14T13:21:37","date_gmt":"2023-07-14T11:21:37","guid":{"rendered":"https:\/\/www.valaz.es\/?post_type=product&#038;p=6171"},"modified":"2026-04-13T13:23:16","modified_gmt":"2026-04-13T11:23:16","slug":"grifo-de-cocina-cano-en-c-monomando-giratorio-dorado-cepillado-serie-zancara","status":"publish","type":"product","link":"https:\/\/www.valaz.es\/en\/product\/grifo-de-cocina-cano-en-c-monomando-giratorio-dorado-cepillado-serie-zancara\/","title":{"rendered":"Grifo de cocina ca\u00f1o en C monomando giratorio dorado cepillado &#8211; Serie Zancara"},"content":{"rendered":"<p class=\"\" data-start=\"0\" data-end=\"281\">El grifo de cocina con ca\u00f1o en C monomando giratorio en dorado cepillado de la Serie Zancara destaca por su dise\u00f1o elegante y funcional. Su acabado aporta un toque de distinci\u00f3n, mientras que el ca\u00f1o en forma de C permite un uso c\u00f3modo y pr\u00e1ctico en el d\u00eda a d\u00eda.<\/p>\n<p class=\"\" data-start=\"283\" data-end=\"305\"><strong data-start=\"283\" data-end=\"303\">Especificaciones<\/strong><\/p>\n<ul data-start=\"306\" data-end=\"555\" data-is-last-node=\"\" data-is-only-node=\"\">\n<li class=\"\" data-start=\"306\" data-end=\"345\">\n<p class=\"\" data-start=\"308\" data-end=\"345\"><strong data-start=\"308\" data-end=\"316\">Tipo<\/strong>: Grifo de cocina monomando<\/p>\n<\/li>\n<li class=\"\" data-start=\"346\" data-end=\"389\">\n<p class=\"\" data-start=\"348\" data-end=\"389\"><strong data-start=\"348\" data-end=\"356\">Ca\u00f1o<\/strong>: En forma de C, giratorio 360\u00b0<\/p>\n<\/li>\n<li class=\"\" data-start=\"390\" data-end=\"438\">\n<p class=\"\" data-start=\"392\" data-end=\"438\"><strong data-start=\"392\" data-end=\"404\">Material<\/strong>: Cuerpo de la grifer\u00eda en lat\u00f3n<\/p>\n<\/li>\n<li class=\"\" data-start=\"439\" data-end=\"476\">\n<p class=\"\" data-start=\"441\" data-end=\"476\"><strong data-start=\"441\" data-end=\"453\">Cartucho<\/strong>: Cer\u00e1mico de \u00f8 35 mm<\/p>\n<\/li>\n<li class=\"\" data-start=\"477\" data-end=\"523\">\n<p class=\"\" data-start=\"479\" data-end=\"523\"><strong data-start=\"479\" data-end=\"493\">Conexiones<\/strong>: Mangueras de conexi\u00f3n 3\/8&#8243;<\/p>\n<\/li>\n<li class=\"\" data-start=\"524\" data-end=\"555\">\n<p class=\"\" data-start=\"526\" data-end=\"555\"><strong data-start=\"526\" data-end=\"537\">Acabado<\/strong>: Dorado cepillado<\/p>\n<\/li>\n<\/ul>\n","protected":false},"excerpt":{"rendered":"<p>El grifo de cocina con ca\u00f1o en C monomando giratorio  [&#8230;]<\/p>\n","protected":false},"featured_media":6150,"template":"","meta":[],"product_brand":[],"product_cat":[50],"product_tag":[],"serie":[337],"manual-de-instalacion":[83],"color":[34],"class_list":{"0":"post-6171","1":"product","2":"type-product","3":"status-publish","4":"has-post-thumbnail","6":"product_cat-grifos-de-cocina","7":"serie-zancara","8":"manual-de-instalacion-guia-instalacion-grifo-superficie","9":"color-dorado-cepillado","11":"first","12":"instock","13":"taxable","14":"shipping-taxable","15":"product-type-simple"},"_links":{"self":[{"href":"https:\/\/www.valaz.es\/en\/wp-json\/wp\/v2\/product\/6171","targetHints":{"allow":["GET"]}}],"collection":[{"href":"https:\/\/www.valaz.es\/en\/wp-json\/wp\/v2\/product"}],"about":[{"href":"https:\/\/www.valaz.es\/en\/wp-json\/wp\/v2\/types\/product"}],"wp:featuredmedia":[{"embeddable":true,"href":"https:\/\/www.valaz.es\/en\/wp-json\/wp\/v2\/media\/6150"}],"wp:attachment":[{"href":"https:\/\/www.valaz.es\/en\/wp-json\/wp\/v2\/media?parent=6171"}],"wp:term":[{"taxonomy":"product_brand","embeddable":true,"href":"https:\/\/www.valaz.es\/en\/wp-json\/wp\/v2\/product_brand?post=6171"},{"taxonomy":"product_cat","embeddable":true,"href":"https:\/\/www.valaz.es\/en\/wp-json\/wp\/v2\/product_cat?post=6171"},{"taxonomy":"product_tag","embeddable":true,"href":"https:\/\/www.valaz.es\/en\/wp-json\/wp\/v2\/product_tag?post=6171"},{"taxonomy":"serie","embeddable":true,"href":"https:\/\/www.valaz.es\/en\/wp-json\/wp\/v2\/serie?post=6171"},{"taxonomy":"manual-de-instalacion","embeddable":true,"href":"https:\/\/www.valaz.es\/en\/wp-json\/wp\/v2\/manual-de-instalacion?post=6171"},{"taxonomy":"color","embeddable":true,"href":"https:\/\/www.valaz.es\/en\/wp-json\/wp\/v2\/color?post=6171"}],"curies":[{"name":"wp","href":"https:\/\/api.w.org\/{rel}","templated":true}]}}