{"id":6167,"date":"2023-07-14T13:01:24","date_gmt":"2023-07-14T11:01:24","guid":{"rendered":"https:\/\/www.valaz.es\/?post_type=product&#038;p=6167"},"modified":"2026-04-09T17:05:16","modified_gmt":"2026-04-09T15:05:16","slug":"grifo-de-cocina-cano-en-c-monomando-giratorio-acero-cepillado-serie-zancara","status":"publish","type":"product","link":"https:\/\/www.valaz.es\/en\/product\/grifo-de-cocina-cano-en-c-monomando-giratorio-acero-cepillado-serie-zancara\/","title":{"rendered":"Grifo de cocina ca\u00f1o en C monomando giratorio acero cepillado &#8211; Serie Zancara"},"content":{"rendered":"<p class=\"\" data-start=\"0\" data-end=\"342\">El grifo de cocina con ca\u00f1o en C monomando giratorio de acero cepillado de la Serie Zancara ofrece un dise\u00f1o moderno y robusto. Su acabado en acero cepillado proporciona un aspecto elegante y duradero, ideal para cocinas contempor\u00e1neas. El ca\u00f1o en C giratorio de 360\u00b0 permite un f\u00e1cil acceso y versatilidad en el uso diario.<\/p>\n<p class=\"\" data-start=\"344\" data-end=\"366\"><strong data-start=\"344\" data-end=\"364\">Especificaciones<\/strong><\/p>\n<ul data-start=\"367\" data-end=\"643\" data-is-last-node=\"\" data-is-only-node=\"\">\n<li class=\"\" data-start=\"367\" data-end=\"406\">\n<p class=\"\" data-start=\"369\" data-end=\"406\"><strong data-start=\"369\" data-end=\"377\">Tipo<\/strong>: Grifo de cocina monomando<\/p>\n<\/li>\n<li class=\"\" data-start=\"407\" data-end=\"450\">\n<p class=\"\" data-start=\"409\" data-end=\"450\"><strong data-start=\"409\" data-end=\"417\">Ca\u00f1o<\/strong>: En forma de C, giratorio 360\u00b0<\/p>\n<\/li>\n<li class=\"\" data-start=\"451\" data-end=\"525\">\n<p class=\"\" data-start=\"453\" data-end=\"525\"><strong data-start=\"453\" data-end=\"465\">Material<\/strong>: Cuerpo de la grifer\u00eda en lat\u00f3n, ca\u00f1o de acero inoxidable<\/p>\n<\/li>\n<li class=\"\" data-start=\"526\" data-end=\"563\">\n<p class=\"\" data-start=\"528\" data-end=\"563\"><strong data-start=\"528\" data-end=\"540\">Cartucho<\/strong>: Cer\u00e1mico de \u00f8 35 mm<\/p>\n<\/li>\n<li class=\"\" data-start=\"564\" data-end=\"610\">\n<p class=\"\" data-start=\"566\" data-end=\"610\"><strong data-start=\"566\" data-end=\"580\">Conexiones<\/strong>: Mangueras de conexi\u00f3n 3\/8&#8243;<\/p>\n<\/li>\n<li class=\"\" data-start=\"611\" data-end=\"643\">\n<p class=\"\" data-start=\"613\" data-end=\"643\"><strong data-start=\"613\" data-end=\"624\">Acabado<\/strong>: Acero cepillado<\/p>\n<\/li>\n<\/ul>\n","protected":false},"excerpt":{"rendered":"<p>El grifo de cocina con ca\u00f1o en C monomando giratorio  [&#8230;]<\/p>\n","protected":false},"featured_media":6142,"template":"","meta":[],"product_brand":[],"product_cat":[50],"product_tag":[],"serie":[337],"manual-de-instalacion":[83],"color":[28],"class_list":{"0":"post-6167","1":"product","2":"type-product","3":"status-publish","4":"has-post-thumbnail","6":"product_cat-grifos-de-cocina","7":"serie-zancara","8":"manual-de-instalacion-guia-instalacion-grifo-superficie","9":"color-acero-cepillado","11":"first","12":"instock","13":"taxable","14":"shipping-taxable","15":"product-type-simple"},"_links":{"self":[{"href":"https:\/\/www.valaz.es\/en\/wp-json\/wp\/v2\/product\/6167","targetHints":{"allow":["GET"]}}],"collection":[{"href":"https:\/\/www.valaz.es\/en\/wp-json\/wp\/v2\/product"}],"about":[{"href":"https:\/\/www.valaz.es\/en\/wp-json\/wp\/v2\/types\/product"}],"wp:featuredmedia":[{"embeddable":true,"href":"https:\/\/www.valaz.es\/en\/wp-json\/wp\/v2\/media\/6142"}],"wp:attachment":[{"href":"https:\/\/www.valaz.es\/en\/wp-json\/wp\/v2\/media?parent=6167"}],"wp:term":[{"taxonomy":"product_brand","embeddable":true,"href":"https:\/\/www.valaz.es\/en\/wp-json\/wp\/v2\/product_brand?post=6167"},{"taxonomy":"product_cat","embeddable":true,"href":"https:\/\/www.valaz.es\/en\/wp-json\/wp\/v2\/product_cat?post=6167"},{"taxonomy":"product_tag","embeddable":true,"href":"https:\/\/www.valaz.es\/en\/wp-json\/wp\/v2\/product_tag?post=6167"},{"taxonomy":"serie","embeddable":true,"href":"https:\/\/www.valaz.es\/en\/wp-json\/wp\/v2\/serie?post=6167"},{"taxonomy":"manual-de-instalacion","embeddable":true,"href":"https:\/\/www.valaz.es\/en\/wp-json\/wp\/v2\/manual-de-instalacion?post=6167"},{"taxonomy":"color","embeddable":true,"href":"https:\/\/www.valaz.es\/en\/wp-json\/wp\/v2\/color?post=6167"}],"curies":[{"name":"wp","href":"https:\/\/api.w.org\/{rel}","templated":true}]}}